{"id":104,"date":"2016-10-15T13:42:43","date_gmt":"2016-10-15T11:42:43","guid":{"rendered":"https:\/\/www.hanko.lu\/?page_id=104"},"modified":"2016-10-15T13:42:43","modified_gmt":"2016-10-15T11:42:43","slug":"politique-des-cookies","status":"publish","type":"page","link":"https:\/\/www.hanko.lu\/de\/politique-des-cookies\/","title":{"rendered":"Cookie-Richtlinie"},"content":{"rendered":"<p>Diese Seite ist Teil unserer Datenschutzrichtlinie und beschreibt die Verwendung von Cookies auf unserer Website. Die meisten Websites, die Sie besuchen, verwenden Cookies, um Ihr Benutzererlebnis zu verbessern, indem sie es dieser Website erm\u00f6glichen, sich an Sie zu \u201eerinnern\u201c, entweder f\u00fcr die Dauer Ihres Besuchs (durch Verwendung eines \u201eErinnerungs-Cookies\u201c) oder f\u00fcr Ihre wiederholten Besuche (\u201e). Persistentes Cookie\u201c). Diese Richtlinie erl\u00e4utert unseren Nutzungsprozess. Einige Websites verwenden Cookies auch, um ihre Werbe- oder Marketingbotschaften beispielsweise auf der Grundlage Ihres Standorts und\/oder Ihrer Surfgewohnheiten auszurichten.<\/p>\n<h3>1. Was sind Cookies?<\/h3>\n<p>Cookies sind kleine Datendateien (normalerweise Zahlen und Buchstaben), die eine Website beim ersten Besuch auf Ihrem Computer oder Mobilger\u00e4t ablegt. Das Cookie hilft dieser Website oder einer anderen Website, Ihr Ger\u00e4t bei Ihrem n\u00e4chsten Besuch wiederzuerkennen. In dieser Richtlinie verwenden wir den Begriff \u201eCookies\u201c f\u00fcr alle Dateien, die auf diese Weise Informationen sammeln.<\/p>\n<p>Cookies haben viele Funktionen, z. B. erm\u00f6glichen sie Ihnen ein effizienteres Surfen, speichern Ihre Pr\u00e4ferenzen und verbessern Ihr Gesamterlebnis auf einer Website. Dank Cookies ist die Interaktion zwischen der Website und Ihnen schneller und einfacher. Wenn eine Website keine Cookies verwendet, geht sie jedes Mal davon aus, dass Sie ein neuer Besucher sind, wenn Sie eine neue Seite der Website aufrufen. Wenn Sie beispielsweise Ihren Benutzernamen und Ihr Passwort eingeben und eine andere Seite aufrufen, wird sie nicht erkannt Sie und Sie k\u00f6nnen nicht eingeloggt bleiben.<\/p>\n<p>Einige Cookies enthalten pers\u00f6nliche Informationen. Wenn Sie beispielsweise beim Anmelden auf \u201eAngemeldet bleiben\u201c klicken, wird Ihr Benutzername in einem Cookie gespeichert. Die meisten Cookies sammeln keine Informationen, die Sie identifizieren, sondern eher allgemeine Informationen: wie ein Benutzer auf eine Website gelangt, welchen Nutzen er daraus macht oder sogar wo ein Benutzer lebt.<\/p>\n<h3>2. Wie verwenden wir Cookies?<\/h3>\n<p>Mithilfe von Cookies k\u00f6nnen wir Ihr Ger\u00e4t bzw. Sie identifizieren, wenn Sie eingeloggt sind. Wir verwenden Cookies, die unbedingt erforderlich sind, um Ihnen das Durchsuchen der Website zu erm\u00f6glichen oder Ihnen bestimmte grundlegende Funktionen bereitzustellen. Wir verwenden Cookies, um die Funktionalit\u00e4t der Website zu verbessern, indem wir beispielsweise Ihre Pr\u00e4ferenzen speichern. Wir verwenden Cookies auch, um die Leistung unserer Website zu verbessern und Ihnen ein besseres Benutzererlebnis zu bieten.<\/p>\n<p>Um Zweifel auszuschlie\u00dfen: Wir verwenden keine Cookies, um personenbezogene Daten \u00fcber Sie zu sammeln.<\/p>\n<p>Weitere Informationen zu den Cookies, die wir auf unserer Website verwenden, finden Sie unter\u00a0<a href=\"http:\/\/www.aboutcookies.org\/\" target=\"_blank\" rel=\"noopener noreferrer\">www.aboutcookies.org<\/a>.<\/p>\n<h3>3. Wie kontrolliere ich Cookies?<\/h3>\n<p>Wenn Sie keine Cookies erhalten m\u00f6chten, k\u00f6nnen Sie Ihren Browser so einstellen, dass er Sie benachrichtigt, wenn er Cookies erh\u00e4lt, oder Sie k\u00f6nnen alle Cookies ablehnen. Sie k\u00f6nnen auch bereits installierte Cookies l\u00f6schen. Wenn Sie die Installation von Cookies auf Ihrem Ger\u00e4t einschr\u00e4nken oder blockieren m\u00f6chten, k\u00f6nnen Sie dies \u00fcber Ihre Browsereinstellungen tun.<\/p>\n<p>Bitte beachten Sie, dass Sie durch das L\u00f6schen unserer Cookies oder das Blockieren zuk\u00fcnftiger Cookies m\u00f6glicherweise nicht auf alle Bereiche oder Funktionen unserer Website zugreifen k\u00f6nnen.<\/p>\n<p>4. Welche Cookies verwendet diese Website?<\/p>\n<p>Cookies, die w\u00e4hrend Ihres Besuchs auf verwendet werden k\u00f6nnen <a href=\"https:\/\/www.hanko.lu\/de\/\">www.hanko.lu<\/a> Sind :<\/p>\n<table style=\"margin-top: 20px;\">\n<thead>\n<tr>\n<td style=\"width: 28%;\"><strong>Arten von Cookies<\/strong><\/td>\n<td><strong>Objektiv<\/strong><\/td>\n<\/tr>\n<\/thead>\n<tbody>\n<tr>\n<td>Sitzungscookies<\/td>\n<td>Sitzungscookies erm\u00f6glichen es unserer Website, Ihre Navigation Seite f\u00fcr Seite zu verfolgen, um zu verhindern, dass Sie erneut nach Informationen gefragt werden, die Sie bereits auf der Website angegeben haben. Sie werden automatisch gel\u00f6scht, wenn Sie Ihren Webbrowser beenden.<\/td>\n<\/tr>\n<tr>\n<td>Sitzungscookies und permanente Cookies (auch persistente Cookies genannt)<\/td>\n<td>Sie erm\u00f6glichen es unserer Website, sich bei Ihrem n\u00e4chsten Besuch an Ihre Pr\u00e4ferenzen und Einstellungen zu erinnern. Sie beschleunigen und verbessern daher Ihre Erfahrung mit den angebotenen Diensten oder Funktionen. Damit diese Cookies funktionieren, werden sie auf Ihrem Ger\u00e4t gespeichert und nicht gel\u00f6scht, wenn Sie den Browser schlie\u00dfen.<\/td>\n<\/tr>\n<tr>\n<td>Cookies von Drittanbietern<\/td>\n<td>Diese Cookies werden vom Server einer anderen Domain platziert und erm\u00f6glichen es uns, das Verhalten und den Besuch eines Besuchers zu verfolgen, damit wir die Leistung unserer Website messen k\u00f6nnen.<\/td>\n<\/tr>\n<\/tbody>\n<\/table>\n<h3>5. Andere Websites<\/h3>\n<p>Die Website kann Links zu anderen Websites enthalten, auf die wir keinen Einfluss haben und die nicht unter diese Richtlinie fallen. Die Betreiber dieser Websites k\u00f6nnen Informationen sammeln, die sie gem\u00e4\u00df ihren Richtlinien verwenden, die von unseren abweichen k\u00f6nnen.<\/p>\n<h3>6. \u00c4nderungen unserer Richtlinien<\/h3>\n<p>Wir behalten uns das Recht vor, diese Richtlinie jederzeit zu \u00e4ndern und\/oder zu aktualisieren.<\/p>","protected":false},"excerpt":{"rendered":"<p>Cette page fait partie de notre Politique de confidentialit\u00e9 et d\u00e9crit l&rsquo;utilisation de cookies sur notre site web. La plupart des sites web sur lesquels vous vous rendez utiliseront des cookies afin d&rsquo;am\u00e9liorer votre exp\u00e9rience d&rsquo;utilisateur en permettant \u00e0 ce site web de se \u00ab souvenir \u00bb de vous, soit pour la dur\u00e9e de votre [&hellip;]<\/p>\n","protected":false},"author":1,"featured_media":0,"parent":0,"menu_order":0,"comment_status":"closed","ping_status":"closed","template":"","meta":{"footnotes":""},"class_list":["post-104","page","type-page","status-publish","hentry"],"_links":{"self":[{"href":"https:\/\/www.hanko.lu\/de\/wp-json\/wp\/v2\/pages\/104","targetHints":{"allow":["GET"]}}],"collection":[{"href":"https:\/\/www.hanko.lu\/de\/wp-json\/wp\/v2\/pages"}],"about":[{"href":"https:\/\/www.hanko.lu\/de\/wp-json\/wp\/v2\/types\/page"}],"author":[{"embeddable":true,"href":"https:\/\/www.hanko.lu\/de\/wp-json\/wp\/v2\/users\/1"}],"replies":[{"embeddable":true,"href":"https:\/\/www.hanko.lu\/de\/wp-json\/wp\/v2\/comments?post=104"}],"version-history":[{"count":0,"href":"https:\/\/www.hanko.lu\/de\/wp-json\/wp\/v2\/pages\/104\/revisions"}],"wp:attachment":[{"href":"https:\/\/www.hanko.lu\/de\/wp-json\/wp\/v2\/media?parent=104"}],"curies":[{"name":"wp","href":"https:\/\/api.w.org\/{rel}","templated":true}]}}