{"id":1239,"date":"2017-02-07T22:02:47","date_gmt":"2017-02-07T21:02:47","guid":{"rendered":"https:\/\/www.hanko.lu\/?page_id=1239"},"modified":"2024-09-22T20:17:42","modified_gmt":"2024-09-22T18:17:42","slug":"lignes-directrices-creation-maquettes","status":"publish","type":"page","link":"https:\/\/www.hanko.lu\/de\/lignes-directrices-creation-maquettes\/","title":{"rendered":"Anleitung zum Erstellen von Modellen"},"content":{"rendered":"<p>HANKO Stempel kann aus Ihren Modellen Stempel herstellen. H\u00e4ngen Sie dazu \u00fcber den Button eine Datei an Ihre Bestellung an <strong>IMPORT<\/strong>, auf allen Seiten der anpassbaren Stempel vorhanden. Sie k\u00f6nnen uns Ihr Modell auch per E-Mail an senden <a href=\"mailto:info@hanko.lu\">info@hanko.lu<\/a> unter Angabe der Bestellnummer, die Sie nach der Zahlung erhalten.<\/p>\n\n\n\n<h2 class=\"wp-block-heading\">Dateiformate und Richtlinien<\/h2>\n\n\n\n<ol class=\"wp-block-list\">\n<li>Mindestaufl\u00f6sung Ihrer Datei: 300 DPI (wir empfehlen). <strong>600 DPI<\/strong> f\u00fcr optimale Ergebnisse)<\/li>\n\n\n\n<li>Akzeptierte Dateiformate: PDF, JPG (JPEG), EPS oder PNG<\/li>\n\n\n\n<li>Empfohlenes Format: PDF mit in Pfade umgewandeltem Text<\/li>\n\n\n\n<li>Die Dateien <strong>darf nicht enthalten sein<\/strong> Schnittlinien oder andere Elemente, die nicht Teil des Stempels sind<\/li>\n\n\n\n<li>Bitte \u00fcberpr\u00fcfen Sie, ob die Abmessungen Ihres Modells mit den Abmessungen des ausgew\u00e4hlten Stempels \u00fcbereinstimmen. Sie m\u00fcssen jedoch einen Rand von 0,5 mm lassen<\/li>\n\n\n\n<li>Ihre Datei muss in Schwarzwei\u00df vorliegen, d. h. ohne Graut\u00f6ne<\/li>\n\n\n\n<li>Mindesttextgr\u00f6\u00dfe: 7pt (Punkte)<\/li>\n\n\n\n<li>Es ist nicht n\u00f6tig, Ihr Kunstwerk umzukehren, unsere Gravursoftware \u00fcbernimmt das<\/li>\n<\/ol>\n\n\n\n<p>HANKO Luxembourg r\u00e4t Ihnen dazu <strong>Drucken Sie Ihre Modelle immer zur Auswertung aus<\/strong>. \u00dcberpr\u00fcfen Sie, ob der Text einwandfrei lesbar ist und keine Rechtschreibfehler enth\u00e4lt. Um eine einwandfreie Qualit\u00e4t zu gew\u00e4hrleisten, werden alle Dateien vor der Herstellung von unserem Team \u00fcberpr\u00fcft und wir informieren Sie, wenn es Probleme gibt.<\/p>\n\n\n\n<h2 class=\"wp-block-heading\">Vorlagen<\/h2>\n\n\n\n<p><a class=\"download-button\" href=\"https:\/\/goo.gl\/AMedEr\" target=\"_blank\" rel=\"noopener\">Laden Sie die Vorlagen herunter (PDF | 63KB)<\/a>. \u00dcber den Link links k\u00f6nnen Sie die Vorlagen f\u00fcr alle individualisierbaren Stempel von HANKO Luxembourg herunterladen. So k\u00f6nnen Sie ganz einfach den Stempel finden, den Sie ben\u00f6tigen.<\/p>\n\n\n\n<h2 class=\"wp-block-heading\">Erstellen Sie ein Modell mit Microsoft Word<\/h2>\n\n\n\n<p>Mit Microsoft Word k\u00f6nnen Sie die Komposition f\u00fcr Ihren Stempel ganz einfach selbst erstellen. Allerdings m\u00fcssen die folgenden zwei Einschr\u00e4nkungen ber\u00fccksichtigt werden:<\/p>\n\n\n\n<ol class=\"wp-block-list\">\n<li>Die Abmessungen der Seite m\u00fcssen mit den Abmessungen des gew\u00e4hlten Stempels \u00fcbereinstimmen.<\/li>\n\n\n\n<li>Sie m\u00fcssen es in das PDF-Format exportieren (Word-Dateien werden nicht akzeptiert)<\/li>\n<\/ol>\n\n\n\n<p>Wir haben ein Tutorial mit detaillierten Erl\u00e4uterungen zur Vorgehensweise erstellt, das Sie auf der folgenden Seite nachlesen k\u00f6nnen: <a href=\"https:\/\/www.hanko.lu\/de\/creation-de-tampons-word\/\">Stempel mit Microsoft Word erstellen<\/a>.<\/p>","protected":false},"excerpt":{"rendered":"<p>HANKO Stempel peut fabriquer des tampons en caoutchouc \u00e0 partir de vos maquettes. Pour cela, joignez \u00e0 votre commande un fichier en utilisant le bouton IMPORTER, pr\u00e9sent sur toutes les pages des tampons personnalisables. Vous pouvez aussi nous envoyer votre maquette par e-mail \u00e0 info@hanko.lu en mentionnant le num\u00e9ro de commande que vous obtenez apr\u00e8s [&hellip;]<\/p>\n","protected":false},"author":1,"featured_media":0,"parent":0,"menu_order":0,"comment_status":"closed","ping_status":"closed","template":"","meta":{"footnotes":""},"class_list":["post-1239","page","type-page","status-publish","hentry"],"_links":{"self":[{"href":"https:\/\/www.hanko.lu\/de\/wp-json\/wp\/v2\/pages\/1239","targetHints":{"allow":["GET"]}}],"collection":[{"href":"https:\/\/www.hanko.lu\/de\/wp-json\/wp\/v2\/pages"}],"about":[{"href":"https:\/\/www.hanko.lu\/de\/wp-json\/wp\/v2\/types\/page"}],"author":[{"embeddable":true,"href":"https:\/\/www.hanko.lu\/de\/wp-json\/wp\/v2\/users\/1"}],"replies":[{"embeddable":true,"href":"https:\/\/www.hanko.lu\/de\/wp-json\/wp\/v2\/comments?post=1239"}],"version-history":[{"count":0,"href":"https:\/\/www.hanko.lu\/de\/wp-json\/wp\/v2\/pages\/1239\/revisions"}],"wp:attachment":[{"href":"https:\/\/www.hanko.lu\/de\/wp-json\/wp\/v2\/media?parent=1239"}],"curies":[{"name":"wp","href":"https:\/\/api.w.org\/{rel}","templated":true}]}}