{"id":98,"date":"2016-10-15T13:41:44","date_gmt":"2016-10-15T11:41:44","guid":{"rendered":"https:\/\/www.hanko.lu\/?page_id=98"},"modified":"2025-12-03T10:59:45","modified_gmt":"2025-12-03T09:59:45","slug":"hanko-sarl-luxembourg","status":"publish","type":"page","link":"https:\/\/www.hanko.lu\/de\/hanko-sarl-luxembourg\/","title":{"rendered":"HANKO Stempel ist eine E-Commerce-Seite der Firma HANKO S\u00e0rl"},"content":{"rendered":"<p>Wir sind ein luxemburgisches Unternehmen, das sich auf den Online-Verkauf von Stempeln spezialisiert hat. Dank unseres modernen Ansatzes, unserer Infrastruktur und Herstellungsmethoden sind wir in der Lage, Ihnen Tampons zu den niedrigsten Preisen im Gro\u00dfherzogtum Luxemburg anzubieten. Dar\u00fcber hinaus sind die Gummiplatten unserer Stempel mit einer Lasergravur versehen, wodurch auch in kleinen Gr\u00f6\u00dfen Abdr\u00fccke in hervorragender Qualit\u00e4t mit feinen Details und lesbaren Buchstaben m\u00f6glich sind.<\/p>\n\n\n\n<p>Jeder kann ganz einfach seinen eigenen personalisierten Stempel erstellen. Schicken Sie uns dazu einfach eine E-Mail an <a href=\"mailto:info@hanko.lu\">info@hanko.lu<\/a>. Geben Sie den gew\u00fcnschten Text ein und wir senden Ihnen ein kostenloses Angebot. Sie k\u00f6nnen uns auch die Datei mit Ihrem Modell zur Herstellung Ihres Stempels zusenden. Diese Datei kann im PDF-, JPEG- (JPG), EPS- oder AI-Format vorliegen. Um eine optimale Qualit\u00e4t zu gew\u00e4hrleisten, werden Ihre Modelle vor der Fertigung stets gepr\u00fcft. Wir versenden Ihre Briefmarken in weniger als 24 Stunden per Post (sofern die Artikel vorr\u00e4tig sind) oder Sie k\u00f6nnen sie bei uns abholen.<\/p>\n\n\n\n<p>HANKO Luxembourg wird sich weiterhin deutlich weiterentwickeln, um Ihnen in Zukunft noch mehr Produkte und Dienstleistungen anbieten zu k\u00f6nnen. Gerne k\u00f6nnen Sie eine E-Mail an senden <a href=\"mailto:info@hanko.lu\">info@hanko.lu<\/a> wenn Sie spezielle Bed\u00fcrfnisse haben. Wir werden unser Bestes tun, um das Produkt zu finden, das Sie ben\u00f6tigen.<\/p>\n\n\n\n<h3 class=\"wp-block-heading\">Information<\/h3>\n\n\n\n<figure class=\"wp-block-table\"><table><tbody><tr><td>Gr\u00fcndungsdatum<\/td><td>11\/2016<\/td><\/tr><tr><td>Registrierungsnummer<\/td><td>2016 2455 487<\/td><\/tr><tr><td>Umsatzsteuer-Identifikationsnummer<\/td><td>LU28924483<\/td><\/tr><tr><td>Nr. Handelsregister<\/td><td>B210253<\/td><\/tr><tr><td>Halter<\/td><td>HANKO S\u00e0rl<\/td><\/tr><tr><td>Hauptsitz<\/td><td>10A, Riesenhafferwee | L-8811 Bilsdorf | LUXEMBURG<\/td><\/tr><\/tbody><\/table><\/figure>","protected":false},"excerpt":{"rendered":"<p>Nous sommes une soci\u00e9t\u00e9 luxembourgeoise sp\u00e9cialis\u00e9e dans la vente de tampons en caoutchouc en ligne. Gr\u00e2ce \u00e0 notre approche moderne, nos infrastructures et m\u00e9thodes de fabrication, nous sommes en mesure de vous proposer des tampons aux prix les plus bas du Grand-Duch\u00e9 de Luxembourg. En outre, les plaques en caoutchouc de nos tampons sont grav\u00e9es [&hellip;]<\/p>\n","protected":false},"author":1,"featured_media":0,"parent":0,"menu_order":0,"comment_status":"closed","ping_status":"closed","template":"","meta":{"footnotes":""},"class_list":["post-98","page","type-page","status-publish","hentry"],"_links":{"self":[{"href":"https:\/\/www.hanko.lu\/de\/wp-json\/wp\/v2\/pages\/98","targetHints":{"allow":["GET"]}}],"collection":[{"href":"https:\/\/www.hanko.lu\/de\/wp-json\/wp\/v2\/pages"}],"about":[{"href":"https:\/\/www.hanko.lu\/de\/wp-json\/wp\/v2\/types\/page"}],"author":[{"embeddable":true,"href":"https:\/\/www.hanko.lu\/de\/wp-json\/wp\/v2\/users\/1"}],"replies":[{"embeddable":true,"href":"https:\/\/www.hanko.lu\/de\/wp-json\/wp\/v2\/comments?post=98"}],"version-history":[{"count":2,"href":"https:\/\/www.hanko.lu\/de\/wp-json\/wp\/v2\/pages\/98\/revisions"}],"predecessor-version":[{"id":63562,"href":"https:\/\/www.hanko.lu\/de\/wp-json\/wp\/v2\/pages\/98\/revisions\/63562"}],"wp:attachment":[{"href":"https:\/\/www.hanko.lu\/de\/wp-json\/wp\/v2\/media?parent=98"}],"curies":[{"name":"wp","href":"https:\/\/api.w.org\/{rel}","templated":true}]}}