{"id":55977,"date":"2024-08-26T17:37:17","date_gmt":"2024-08-26T15:37:17","guid":{"rendered":"https:\/\/www.hanko.lu\/?post_type=product&#038;p=55977"},"modified":"2026-03-26T10:38:10","modified_gmt":"2026-03-26T09:38:10","slug":"coussin-encreur-colop-make-1","status":"publish","type":"product","link":"https:\/\/www.hanko.lu\/de\/produkt\/coussin-encreur-colop-make-1\/","title":{"rendered":"COLOP MAKE 1 Stempelkissen"},"content":{"rendered":"<h2>Produktmerkmale<\/h2>\n<ul>\n<li>100% hergestellt in Europa<\/li>\n<li>Kurze Trocknungszeit (ca. 3 Sekunden) f\u00fcr Ausdrucke<\/li>\n<li>Scharfe Drucke<\/li>\n<li>Wasserbasierte, s\u00e4urefreie und REACH-zertifizierte Tinte<\/li>\n<li>PET-H\u00fclle aus 80%-Recyclingmaterial<\/li>\n<li>\u00d6kologischer Karton<\/li>\n<\/ul>","protected":false},"excerpt":{"rendered":"<p>Die COLOP MAKE 1-Reihe ist in 13 verschiedenen Farben f\u00fcr au\u00dfergew\u00f6hnlich scharfe Drucke erh\u00e4ltlich.<\/p>\n<ul class=\"short-features\">\n<li><i class=\"fas fa-expand-alt\"><\/i><strong>Kissenma\u00dfe:<\/strong> 90 x 50 mm<\/li>\n<li><i class=\"fas fa-truck\"><\/i><strong>Ausgeliefert<\/strong> innerhalb von 2 bis 3 Werktagen<\/li>\n<\/ul>","protected":false},"featured_media":50644,"comment_status":"open","ping_status":"closed","template":"","meta":[],"product_brand":[],"product_cat":[157],"product_tag":[],"class_list":{"0":"post-55977","1":"product","2":"type-product","3":"status-publish","4":"has-post-thumbnail","6":"product_cat-coussins-encreurs","8":"first","9":"instock","10":"taxable","11":"shipping-taxable","12":"purchasable","13":"product-type-variable"},"exclude_global_add_ons":[],"addons":[],"_links":{"self":[{"href":"https:\/\/www.hanko.lu\/de\/wp-json\/wp\/v2\/product\/55977","targetHints":{"allow":["GET"]}}],"collection":[{"href":"https:\/\/www.hanko.lu\/de\/wp-json\/wp\/v2\/product"}],"about":[{"href":"https:\/\/www.hanko.lu\/de\/wp-json\/wp\/v2\/types\/product"}],"replies":[{"embeddable":true,"href":"https:\/\/www.hanko.lu\/de\/wp-json\/wp\/v2\/comments?post=55977"}],"wp:featuredmedia":[{"embeddable":true,"href":"https:\/\/www.hanko.lu\/de\/wp-json\/wp\/v2\/media\/50644"}],"wp:attachment":[{"href":"https:\/\/www.hanko.lu\/de\/wp-json\/wp\/v2\/media?parent=55977"}],"wp:term":[{"taxonomy":"product_brand","embeddable":true,"href":"https:\/\/www.hanko.lu\/de\/wp-json\/wp\/v2\/product_brand?post=55977"},{"taxonomy":"product_cat","embeddable":true,"href":"https:\/\/www.hanko.lu\/de\/wp-json\/wp\/v2\/product_cat?post=55977"},{"taxonomy":"product_tag","embeddable":true,"href":"https:\/\/www.hanko.lu\/de\/wp-json\/wp\/v2\/product_tag?post=55977"}],"curies":[{"name":"wp","href":"https:\/\/api.w.org\/{rel}","templated":true}]}}