{"id":56688,"date":"2024-08-26T18:14:53","date_gmt":"2024-08-26T16:14:53","guid":{"rendered":"https:\/\/www.hanko.lu\/?post_type=product&#038;p=56688"},"modified":"2026-04-10T09:38:18","modified_gmt":"2026-04-10T07:38:18","slug":"encre-trodat-7011-pour-tampons-encreurs","status":"publish","type":"product","link":"https:\/\/www.hanko.lu\/de\/produkt\/encre-trodat-7011-pour-tampons-encreurs\/","title":{"rendered":"Trodat 7011 Tinte f\u00fcr Stempelkissen"},"content":{"rendered":"","protected":false},"excerpt":{"rendered":"<p>Trodat 7011 Nachf\u00e4rbefarbe f\u00fcr Stempelkissen.<\/p>\n<ul class=\"short-features\">\n<li><i class=\"fas fa-tint\"><\/i><strong>Inhalt der Flasche:<\/strong> 28 ml<\/li>\n<li><i class=\"fas fa-truck\"><\/i><strong>Ausgeliefert<\/strong> innerhalb von 1 bis 2 Werktagen<\/li>\n<\/ul>","protected":false},"featured_media":48005,"comment_status":"open","ping_status":"closed","template":"","meta":[],"product_brand":[],"product_cat":[156],"product_tag":[],"class_list":{"0":"post-56688","1":"product","2":"type-product","3":"status-publish","4":"has-post-thumbnail","6":"product_cat-encres-pour-tampons-encreurs","7":"product_shipping_class-classe-l","9":"first","10":"instock","11":"taxable","12":"shipping-taxable","13":"purchasable","14":"product-type-variable"},"exclude_global_add_ons":[],"addons":[],"_links":{"self":[{"href":"https:\/\/www.hanko.lu\/de\/wp-json\/wp\/v2\/product\/56688","targetHints":{"allow":["GET"]}}],"collection":[{"href":"https:\/\/www.hanko.lu\/de\/wp-json\/wp\/v2\/product"}],"about":[{"href":"https:\/\/www.hanko.lu\/de\/wp-json\/wp\/v2\/types\/product"}],"replies":[{"embeddable":true,"href":"https:\/\/www.hanko.lu\/de\/wp-json\/wp\/v2\/comments?post=56688"}],"wp:featuredmedia":[{"embeddable":true,"href":"https:\/\/www.hanko.lu\/de\/wp-json\/wp\/v2\/media\/48005"}],"wp:attachment":[{"href":"https:\/\/www.hanko.lu\/de\/wp-json\/wp\/v2\/media?parent=56688"}],"wp:term":[{"taxonomy":"product_brand","embeddable":true,"href":"https:\/\/www.hanko.lu\/de\/wp-json\/wp\/v2\/product_brand?post=56688"},{"taxonomy":"product_cat","embeddable":true,"href":"https:\/\/www.hanko.lu\/de\/wp-json\/wp\/v2\/product_cat?post=56688"},{"taxonomy":"product_tag","embeddable":true,"href":"https:\/\/www.hanko.lu\/de\/wp-json\/wp\/v2\/product_tag?post=56688"}],"curies":[{"name":"wp","href":"https:\/\/api.w.org\/{rel}","templated":true}]}}