{"id":57673,"date":"2024-08-26T18:28:05","date_gmt":"2024-08-26T16:28:05","guid":{"rendered":"https:\/\/www.hanko.lu\/?post_type=product&#038;p=57673"},"modified":"2026-04-13T10:52:29","modified_gmt":"2026-04-13T08:52:29","slug":"plaque-pour-colop-pocket-stamp-r40","status":"publish","type":"product","link":"https:\/\/www.hanko.lu\/de\/produkt\/plaque-pour-colop-pocket-stamp-r40\/","title":{"rendered":"Plaque pour COLOP Pocket Stamp R40"},"content":{"rendered":"<p>Plaque en caoutchouc personnalisable pour votre COLOP Pocket Stamp R40. Tr\u00e8s faciles \u00e0 poser par vous-m\u00eame, toutes nos plaques s&rsquo;appliquent comme un autocollant. Lorsque vous remplacez votre plaque de texte, il est imp\u00e9ratif de remplacer \u00e9galement la vieille cassette d&rsquo;encrage par une nouvelle.<\/p>\n<p><strong>Maximale Gr\u00f6\u00dfe der Textplatte <\/strong>: \u00d840 mm | Max. <strong>7 Zeilen<\/strong><\/p>","protected":false},"excerpt":{"rendered":"<p>Plaque en caoutchouc personnalisable pour votre COLOP Pocket Stamp R40.<\/p>","protected":false},"featured_media":48148,"comment_status":"closed","ping_status":"closed","template":"","meta":[],"product_brand":[],"product_cat":[33,337],"product_tag":[],"class_list":{"0":"post-57673","1":"product","2":"type-product","3":"status-publish","4":"has-post-thumbnail","6":"product_cat-plaques-de-texte","7":"product_cat-colop-printer-plaques-de-texte","8":"product_shipping_class-classe-s","10":"first","11":"instock","12":"taxable","13":"shipping-taxable","14":"purchasable","15":"product-type-simple"},"exclude_global_add_ons":false,"addons":[{"name":"Importieren Sie eine Datei","type":"file_upload","position":0,"required":false,"title_format":"heading","description_enable":true,"description":"\u00dcber die Schaltfl\u00e4che unten k\u00f6nnen Sie eine Datei importieren, um die Platte Ihres Stempels zu personalisieren.","placeholder_enable":false,"placeholder":"","display":"select","restrictions_type":"any_text","adjust_price":false,"price":"","price_type":"quantity_based","restrictions":false,"min":0,"max":0,"options":[],"id":1727099281},{"name":"Personalisierung","type":"custom_textarea","position":1,"required":false,"title_format":"heading","description_enable":true,"description":"Geben Sie unten Ihren Wunschtext f\u00fcr die Stempelpersonalisierung ein. Gerne k\u00f6nnen Sie auch weitere Anmerkungen oder Hinweise hinzuf\u00fcgen.","placeholder_enable":false,"placeholder":"","display":"select","restrictions_type":"any_text","adjust_price":false,"price":"","price_type":"quantity_based","restrictions":false,"min":0,"max":0,"options":[],"id":1727099283},{"name":"Ausrichtung","type":"multiple_choice","position":2,"required":false,"title_format":"heading","description_enable":false,"description":"","placeholder_enable":false,"placeholder":"","display":"select","restrictions_type":"any_text","adjust_price":false,"price":"","price_type":"flat_fee","restrictions":false,"min":0,"max":0,"options":[{"label":"Texte centr\u00e9","price":"","price_type":"quantity_based","image":0},{"label":"Alignement \u00e0 gauche","price":"","price_type":"quantity_based","image":0},{"label":"Alignement \u00e0 droite","price":"","price_type":"quantity_based","image":0},{"label":"Justifi\u00e9","price":"","price_type":"quantity_based","image":0}],"id":1727099284},{"name":"Rahmen","type":"multiple_choice","position":3,"required":false,"title_format":"heading","description_enable":false,"description":"","placeholder_enable":false,"placeholder":"","display":"select","restrictions_type":"any_text","adjust_price":false,"price":"","price_type":"flat_fee","restrictions":false,"min":0,"max":0,"options":[{"label":"Sans cadre","price":"","price_type":"quantity_based","image":0},{"label":"Ajouter un cadre simple","price":"","price_type":"quantity_based","image":0},{"label":"Ajouter un double cadre","price":"","price_type":"quantity_based","image":0}],"id":1727099285},{"name":"Schriftart","type":"multiple_choice","position":4,"required":false,"title_format":"heading","description_enable":true,"description":"F\u00fcr beste Ergebnisse empfehlen wir die Verwendung serifenloser Schriftarten wie Arial oder Helvetica.","placeholder_enable":false,"placeholder":"","display":"select","restrictions_type":"any_text","adjust_price":false,"price":"","price_type":"flat_fee","restrictions":false,"min":0,"max":0,"options":[{"label":"Arial","price":"","price_type":"quantity_based","image":0},{"label":"Avant Garde","price":"","price_type":"quantity_based","image":0},{"label":"Futura","price":"","price_type":"quantity_based","image":0},{"label":"Helvetica","price":"","price_type":"quantity_based","image":0},{"label":"Verdana","price":"","price_type":"quantity_based","image":0},{"label":"Source Sans","price":"","price_type":"quantity_based","image":0},{"label":"Times New Roman","price":"","price_type":"quantity_based","image":0}],"id":1727099286},{"name":"Korrekturabzug","type":"checkbox","position":5,"required":false,"title_format":"heading","description_enable":true,"description":"Aktivieren Sie das K\u00e4stchen unten, um vor der Produktion einen Korrekturabzug zur Genehmigung zu erhalten.","placeholder_enable":false,"placeholder":"","display":"select","restrictions_type":"any_text","adjust_price":false,"price":"","price_type":"flat_fee","restrictions":false,"min":0,"max":0,"options":[{"label":"Recevoir une \u00e9preuve","price":"","price_type":"quantity_based","image":0}],"id":1727099287}],"_links":{"self":[{"href":"https:\/\/www.hanko.lu\/de\/wp-json\/wp\/v2\/product\/57673","targetHints":{"allow":["GET"]}}],"collection":[{"href":"https:\/\/www.hanko.lu\/de\/wp-json\/wp\/v2\/product"}],"about":[{"href":"https:\/\/www.hanko.lu\/de\/wp-json\/wp\/v2\/types\/product"}],"replies":[{"embeddable":true,"href":"https:\/\/www.hanko.lu\/de\/wp-json\/wp\/v2\/comments?post=57673"}],"wp:featuredmedia":[{"embeddable":true,"href":"https:\/\/www.hanko.lu\/de\/wp-json\/wp\/v2\/media\/48148"}],"wp:attachment":[{"href":"https:\/\/www.hanko.lu\/de\/wp-json\/wp\/v2\/media?parent=57673"}],"wp:term":[{"taxonomy":"product_brand","embeddable":true,"href":"https:\/\/www.hanko.lu\/de\/wp-json\/wp\/v2\/product_brand?post=57673"},{"taxonomy":"product_cat","embeddable":true,"href":"https:\/\/www.hanko.lu\/de\/wp-json\/wp\/v2\/product_cat?post=57673"},{"taxonomy":"product_tag","embeddable":true,"href":"https:\/\/www.hanko.lu\/de\/wp-json\/wp\/v2\/product_tag?post=57673"}],"curies":[{"name":"wp","href":"https:\/\/api.w.org\/{rel}","templated":true}]}}