{"id":57816,"date":"2024-08-26T18:29:59","date_gmt":"2024-08-26T16:29:59","guid":{"rendered":"https:\/\/www.hanko.lu\/?post_type=product&#038;p=57816"},"modified":"2026-01-28T19:31:43","modified_gmt":"2026-01-28T18:31:43","slug":"dateur-trodat-professional-5474","status":"publish","type":"product","link":"https:\/\/www.hanko.lu\/de\/produkt\/dateur-trodat-professional-5474\/","title":{"rendered":"Trodat Professional 5474 Dater"},"content":{"rendered":"<p>Trodat Professional 5474 Datumsstempel mit rechteckiger, anpassbarer Platte mit den Ma\u00dfen 60 x 40 mm. Dieser ersetzt den alten Trodat Professional 5470. Das neue Modell verf\u00fcgt \u00fcber ein ergonomischeres und praktischeres Design.<\/p>\n<ul>\n<li>Das Jahresrad beginnt bei\u00a0<strong>2019<\/strong>, wodurch Sie es 12 Jahre lang nutzen k\u00f6nnen<\/li>\n<li>Integrierte Tintenkassette: einfacher und sauberer Wechsel, trocknet nicht aus, keine separate Tintenkassette erforderlich<\/li>\n<\/ul>\n<p><strong>Maximale Plattengr\u00f6\u00dfe\u00a0<\/strong>: 60 x 40 mm |\u00a0<strong>Stempelkissen:<\/strong> <a href=\"https:\/\/www.hanko.lu\/de\/produkt\/cassette-dencrage-trodat-6-58\/\">6\/58<\/a>, <a href=\"https:\/\/www.hanko.lu\/de\/produkt\/cassette-dencrage-trodat-6-58\/\">6\/58\/2<\/a><\/p>\n<p><img loading=\"lazy\" decoding=\"async\" class=\"aligncenter size-full wp-image-7314\" src=\"https:\/\/www.hanko.lu\/wp-content\/uploads\/2017\/02\/hanko-luxembourg-date-stamp-versions.png\" alt=\"HANKO Luxembourg - Date disponible en diff\u00e9rentes versions\" width=\"672\" height=\"108\" \/><\/p>","protected":false},"excerpt":{"rendered":"<p>Trodat Professional 5474 Datumsstempel mit rechteckiger, anpassbarer Platte mit den Ma\u00dfen 60 x 40 mm. Dieser ersetzt den alten Trodat Professional 5470. Das neue Modell verf\u00fcgt \u00fcber ein ergonomischeres und praktischeres Design.<\/p>","protected":false},"featured_media":49427,"comment_status":"closed","ping_status":"closed","template":"","meta":[],"product_brand":[940],"product_cat":[29],"product_tag":[],"class_list":{"0":"post-57816","1":"product","2":"type-product","3":"status-publish","4":"has-post-thumbnail","6":"product_brand-trodat","7":"product_cat-dateur-trodat-professional","8":"product_shipping_class-classe-l","10":"first","11":"instock","12":"taxable","13":"shipping-taxable","14":"purchasable","15":"product-type-simple"},"exclude_global_add_ons":false,"addons":[{"name":"Tintenfarbe","type":"multiple_choice","position":0,"required":true,"title_format":"heading","description_enable":false,"description":"","placeholder_enable":false,"placeholder":"","display":"images","restrictions_type":"any_text","adjust_price":false,"price":"","price_type":"flat_fee","restrictions":false,"min":0,"max":0,"options":[{"label":"Encre noire","price":"","price_type":"flat_fee","image":40714},{"label":"Encre bleue","price":"","price_type":"flat_fee","image":40713},{"label":"Encre rouge","price":"","price_type":"flat_fee","image":40715},{"label":"Encre verte","price":"1","price_type":"flat_fee","image":40716},{"label":"Bicolore (rouge\/bleu)","price":"2.90","price_type":"flat_fee","image":41602},{"label":"Sans encre","price":"","price_type":"flat_fee","image":40720}],"id":1740401678},{"name":"Datumsversion","type":"multiple_choice","position":1,"required":true,"title_format":"label","description_enable":false,"description":"","placeholder_enable":false,"placeholder":"","display":"select","restrictions_type":"any_text","adjust_price":false,"price":"","price_type":"flat_fee","restrictions":false,"min":0,"max":0,"options":[{"label":"Fran\u00e7aise","price":"","price_type":"flat_fee","image":0},{"label":"Allemande","price":"10","price_type":"flat_fee","image":0},{"label":"Anglaise","price":"10","price_type":"flat_fee","image":0},{"label":"Chiffres","price":"10","price_type":"flat_fee","image":0}],"id":1740470885},{"name":"Ringfarbe","type":"multiple_choice","position":0,"required":false,"title_format":"label","description_enable":true,"description":"Verleihen Sie Ihrem Trodat Professional einen Hauch von Individualit\u00e4t, indem Sie eine andere Farbe f\u00fcr den Griffring w\u00e4hlen. Standardm\u00e4\u00dfig ist der Ring schwarz, Sie haben jedoch die M\u00f6glichkeit, eine andere Farbe auszuw\u00e4hlen.","placeholder_enable":false,"placeholder":"","display":"images","restrictions_type":"any_text","adjust_price":false,"price":"","price_type":"flat_fee","restrictions":false,"min":0,"max":0,"options":[{"label":"Rouge","price":"2","price_type":"flat_fee","image":45445},{"label":"Bleue","price":"2","price_type":"flat_fee","image":45442},{"label":"Verte","price":"2","price_type":"flat_fee","image":45446},{"label":"Blanche","price":"2","price_type":"flat_fee","image":45441},{"label":"Aspect m\u00e9tal","price":"2","price_type":"flat_fee","image":45443}],"id":1725532882},{"name":"Fertigungsvideo","type":"checkbox","position":0,"required":false,"title_format":"heading","description_enable":true,"description":"Wir bieten Ihnen ein Video an, das die verschiedenen Schritte der Herstellung Ihres Stempels zeigt und Ihnen anschlie\u00dfend zugesendet wird. Mit der Wahl dieser Option erkl\u00e4ren Sie sich damit einverstanden, dass das Video auf unseren Social-Media-Kan\u00e4len und\/oder auf unserer Website ver\u00f6ffentlicht werden kann. Bitte beachten Sie, dass pers\u00f6nliche Informationen, die auf Ihrem Stempel enthalten sind, im Video sichtbar sein werden. Bei hoher Nachfrage k\u00f6nnen wir jedoch nicht garantieren, dass f\u00fcr jede Bestellung ein Video erstellt wird.","placeholder_enable":false,"placeholder":"","display":"select","restrictions_type":"any_text","adjust_price":false,"price":"","price_type":"flat_fee","restrictions":false,"min":0,"max":0,"options":[{"label":"Cr\u00e9er une vid\u00e9o","price":"","price_type":"flat_fee","image":0}],"id":1750771751},{"name":"Importieren Sie eine Datei","type":"file_upload","position":0,"required":false,"title_format":"heading","description_enable":true,"description":"\u00dcber die Schaltfl\u00e4che unten k\u00f6nnen Sie eine Datei importieren, um die Platte Ihres Stempels zu personalisieren.","placeholder_enable":false,"placeholder":"","display":"select","restrictions_type":"any_text","adjust_price":false,"price":"","price_type":"quantity_based","restrictions":false,"min":0,"max":0,"options":[],"id":1727099281},{"name":"Personalisierung","type":"custom_textarea","position":1,"required":false,"title_format":"heading","description_enable":true,"description":"Geben Sie unten Ihren Wunschtext f\u00fcr die Stempelpersonalisierung ein. Gerne k\u00f6nnen Sie auch weitere Anmerkungen oder Hinweise hinzuf\u00fcgen.","placeholder_enable":false,"placeholder":"","display":"select","restrictions_type":"any_text","adjust_price":false,"price":"","price_type":"quantity_based","restrictions":false,"min":0,"max":0,"options":[],"id":1727099283},{"name":"Ausrichtung","type":"multiple_choice","position":2,"required":false,"title_format":"heading","description_enable":false,"description":"","placeholder_enable":false,"placeholder":"","display":"select","restrictions_type":"any_text","adjust_price":false,"price":"","price_type":"flat_fee","restrictions":false,"min":0,"max":0,"options":[{"label":"Texte centr\u00e9","price":"","price_type":"quantity_based","image":0},{"label":"Alignement \u00e0 gauche","price":"","price_type":"quantity_based","image":0},{"label":"Alignement \u00e0 droite","price":"","price_type":"quantity_based","image":0},{"label":"Justifi\u00e9","price":"","price_type":"quantity_based","image":0}],"id":1727099284},{"name":"Rahmen","type":"multiple_choice","position":3,"required":false,"title_format":"heading","description_enable":false,"description":"","placeholder_enable":false,"placeholder":"","display":"select","restrictions_type":"any_text","adjust_price":false,"price":"","price_type":"flat_fee","restrictions":false,"min":0,"max":0,"options":[{"label":"Sans cadre","price":"","price_type":"quantity_based","image":0},{"label":"Ajouter un cadre simple","price":"","price_type":"quantity_based","image":0},{"label":"Ajouter un double cadre","price":"","price_type":"quantity_based","image":0}],"id":1727099285},{"name":"Schriftart","type":"multiple_choice","position":4,"required":false,"title_format":"heading","description_enable":true,"description":"F\u00fcr beste Ergebnisse empfehlen wir die Verwendung serifenloser Schriftarten wie Arial oder Helvetica.","placeholder_enable":false,"placeholder":"","display":"select","restrictions_type":"any_text","adjust_price":false,"price":"","price_type":"flat_fee","restrictions":false,"min":0,"max":0,"options":[{"label":"Arial","price":"","price_type":"quantity_based","image":0},{"label":"Avant Garde","price":"","price_type":"quantity_based","image":0},{"label":"Futura","price":"","price_type":"quantity_based","image":0},{"label":"Helvetica","price":"","price_type":"quantity_based","image":0},{"label":"Verdana","price":"","price_type":"quantity_based","image":0},{"label":"Source Sans","price":"","price_type":"quantity_based","image":0},{"label":"Times New Roman","price":"","price_type":"quantity_based","image":0}],"id":1727099286},{"name":"Korrekturabzug","type":"checkbox","position":5,"required":false,"title_format":"heading","description_enable":true,"description":"Aktivieren Sie das K\u00e4stchen unten, um vor der Produktion einen Korrekturabzug zur Genehmigung zu erhalten.","placeholder_enable":false,"placeholder":"","display":"select","restrictions_type":"any_text","adjust_price":false,"price":"","price_type":"flat_fee","restrictions":false,"min":0,"max":0,"options":[{"label":"Recevoir une \u00e9preuve","price":"","price_type":"quantity_based","image":0}],"id":1727099287}],"_links":{"self":[{"href":"https:\/\/www.hanko.lu\/de\/wp-json\/wp\/v2\/product\/57816","targetHints":{"allow":["GET"]}}],"collection":[{"href":"https:\/\/www.hanko.lu\/de\/wp-json\/wp\/v2\/product"}],"about":[{"href":"https:\/\/www.hanko.lu\/de\/wp-json\/wp\/v2\/types\/product"}],"replies":[{"embeddable":true,"href":"https:\/\/www.hanko.lu\/de\/wp-json\/wp\/v2\/comments?post=57816"}],"wp:featuredmedia":[{"embeddable":true,"href":"https:\/\/www.hanko.lu\/de\/wp-json\/wp\/v2\/media\/49427"}],"wp:attachment":[{"href":"https:\/\/www.hanko.lu\/de\/wp-json\/wp\/v2\/media?parent=57816"}],"wp:term":[{"taxonomy":"product_brand","embeddable":true,"href":"https:\/\/www.hanko.lu\/de\/wp-json\/wp\/v2\/product_brand?post=57816"},{"taxonomy":"product_cat","embeddable":true,"href":"https:\/\/www.hanko.lu\/de\/wp-json\/wp\/v2\/product_cat?post=57816"},{"taxonomy":"product_tag","embeddable":true,"href":"https:\/\/www.hanko.lu\/de\/wp-json\/wp\/v2\/product_tag?post=57816"}],"curies":[{"name":"wp","href":"https:\/\/api.w.org\/{rel}","templated":true}]}}