{"id":57919,"date":"2024-08-26T18:31:35","date_gmt":"2024-08-26T16:31:35","guid":{"rendered":"https:\/\/www.hanko.lu\/?post_type=product&#038;p=57919"},"modified":"2024-09-21T18:29:06","modified_gmt":"2024-09-21T16:29:06","slug":"cassette-encrage-trodat-6-4911-pour-tampons-textile","status":"publish","type":"product","link":"https:\/\/www.hanko.lu\/de\/produkt\/cassette-encrage-trodat-6-4911-pour-tampons-textile\/","title":{"rendered":"Trodat 6\/4911 Farbkassette f\u00fcr Textilstempel"},"content":{"rendered":"<p>Trodat 6\/4911 Farbkassette f\u00fcr den Textilstempel Ich markiere meine Kleinigkeiten.<\/p>\n<h3>Tinteneigenschaften<\/h3>\n<ul>\n<li>Tintenfarbe: Schwarz<\/li>\n<li>Zum direkten Stempeln auf das Textil<\/li>\n<li>H\u00e4lt zahlreichen W\u00e4schen bis 95\u00b0C stand<\/li>\n<li>Hypoallergen<\/li>\n<li>H\u00e4lt auf verschiedenen Textilien wie Baumwolle, Leinen, Polyester usw.<\/li>\n<li>Sehr best\u00e4ndig gegen die in der chemischen Reinigung \u00fcblichen L\u00f6sungsmittel<\/li>\n<li>Die Tintenpatrone trocknet ein Jahr lang nicht aus<\/li>\n<\/ul>","protected":false},"excerpt":{"rendered":"<p>Trodat 6\/4911 Farbkassette f\u00fcr den Textilstempel <a href=\"https:\/\/www.hanko.lu\/de\/produkt\/tampon-textile-je-marque-mes-ptites-affaires\/\">Ich markiere meine kleinen Dinge<\/a>.<\/p>","protected":false},"featured_media":57945,"comment_status":"open","ping_status":"closed","template":"","meta":[],"product_brand":[],"product_cat":[51,52,448],"product_tag":[],"class_list":{"0":"post-57919","1":"product","2":"type-product","3":"status-publish","4":"has-post-thumbnail","6":"product_cat-cassettes-encrage","7":"product_cat-trodat-printy-cassettes-dencrage","8":"product_cat-marquage-textile","9":"product_shipping_class-classe-s","11":"first","12":"instock","13":"taxable","14":"shipping-taxable","15":"purchasable","16":"product-type-simple"},"exclude_global_add_ons":[],"addons":[],"_links":{"self":[{"href":"https:\/\/www.hanko.lu\/de\/wp-json\/wp\/v2\/product\/57919","targetHints":{"allow":["GET"]}}],"collection":[{"href":"https:\/\/www.hanko.lu\/de\/wp-json\/wp\/v2\/product"}],"about":[{"href":"https:\/\/www.hanko.lu\/de\/wp-json\/wp\/v2\/types\/product"}],"replies":[{"embeddable":true,"href":"https:\/\/www.hanko.lu\/de\/wp-json\/wp\/v2\/comments?post=57919"}],"wp:featuredmedia":[{"embeddable":true,"href":"https:\/\/www.hanko.lu\/de\/wp-json\/wp\/v2\/media\/57945"}],"wp:attachment":[{"href":"https:\/\/www.hanko.lu\/de\/wp-json\/wp\/v2\/media?parent=57919"}],"wp:term":[{"taxonomy":"product_brand","embeddable":true,"href":"https:\/\/www.hanko.lu\/de\/wp-json\/wp\/v2\/product_brand?post=57919"},{"taxonomy":"product_cat","embeddable":true,"href":"https:\/\/www.hanko.lu\/de\/wp-json\/wp\/v2\/product_cat?post=57919"},{"taxonomy":"product_tag","embeddable":true,"href":"https:\/\/www.hanko.lu\/de\/wp-json\/wp\/v2\/product_tag?post=57919"}],"curies":[{"name":"wp","href":"https:\/\/api.w.org\/{rel}","templated":true}]}}