{"id":59061,"date":"2024-08-26T18:45:15","date_gmt":"2024-08-26T16:45:15","guid":{"rendered":"https:\/\/www.hanko.lu\/?post_type=product&#038;p=59061"},"modified":"2025-02-21T15:22:29","modified_gmt":"2025-02-21T14:22:29","slug":"tampon-bois-personnalise-140x100mm","status":"publish","type":"product","link":"https:\/\/www.hanko.lu\/de\/produkt\/tampon-bois-personnalise-140x100mm\/","title":{"rendered":"Personalisierter Holzstempel 140 x 100 mm"},"content":{"rendered":"<p>Holzstempel, der Qualit\u00e4t und Haltbarkeit f\u00fcr Ihre beruflichen oder kreativen Bed\u00fcrfnisse vereint. Anpassbare Gummiplatte, sodass Sie Text, Logo oder Bild Ihrer Wahl hinzuf\u00fcgen k\u00f6nnen.<\/p>\n<p style=\"margin-bottom: 20px;\">Stempel aus lackiertem Buchenholz, FSC-zertifiziert.<\/p>\n<p><img loading=\"lazy\" decoding=\"async\" class=\"alignleft size-medium wp-image-42911\" role=\"img\" src=\"https:\/\/www.hanko.lu\/wp-content\/uploads\/2023\/02\/fsc-label.svg\" alt=\"FSC Label\" width=\"300\" height=\"300\" \/><\/p>","protected":false},"excerpt":{"rendered":"<p>Abmessungen: 140 x 100 mm | Lieferung in 48 Stunden*<\/p>","protected":false},"featured_media":50845,"comment_status":"open","ping_status":"closed","template":"","meta":[],"product_brand":[],"product_cat":[38],"product_tag":[],"class_list":{"0":"post-59061","1":"product","2":"type-product","3":"status-publish","4":"has-post-thumbnail","6":"product_cat-tampons-en-bois","7":"product_shipping_class-classe-l","9":"first","10":"instock","11":"taxable","12":"shipping-taxable","13":"purchasable","14":"product-type-simple"},"exclude_global_add_ons":false,"addons":[{"name":"Trodat 9054 Stempelkissen","type":"multiple_choice","position":0,"required":false,"title_format":"label","description_enable":true,"description":"F\u00fcgen Sie Ihrer Bestellung ein klassisches Stempelkissen hinzu. Kissenma\u00dfe: 210 x 148 mm.","placeholder_enable":false,"placeholder":"","display":"images","restrictions_type":"any_text","adjust_price":false,"price":"","price_type":"flat_fee","restrictions":false,"min":0,"max":0,"options":[{"label":"Encre noire","price":"16.90","price_type":"flat_fee","image":49895},{"label":"Encre bleue","price":"16.90","price_type":"flat_fee","image":49898},{"label":"Encre rouge","price":"16.90","price_type":"flat_fee","image":49897},{"label":"Encre verte","price":"16.90","price_type":"flat_fee","image":49900},{"label":"Encre violette","price":"16.90","price_type":"flat_fee","image":49899}],"id":1729855438},{"name":"Fertigungsvideo","type":"checkbox","position":0,"required":false,"title_format":"heading","description_enable":true,"description":"Wir bieten Ihnen ein Video an, das die verschiedenen Schritte der Herstellung Ihres Stempels zeigt und Ihnen anschlie\u00dfend zugesendet wird. Mit der Wahl dieser Option erkl\u00e4ren Sie sich damit einverstanden, dass das Video auf unseren Social-Media-Kan\u00e4len und\/oder auf unserer Website ver\u00f6ffentlicht werden kann. Bitte beachten Sie, dass pers\u00f6nliche Informationen, die auf Ihrem Stempel enthalten sind, im Video sichtbar sein werden. Bei hoher Nachfrage k\u00f6nnen wir jedoch nicht garantieren, dass f\u00fcr jede Bestellung ein Video erstellt wird.","placeholder_enable":false,"placeholder":"","display":"select","restrictions_type":"any_text","adjust_price":false,"price":"","price_type":"flat_fee","restrictions":false,"min":0,"max":0,"options":[{"label":"Cr\u00e9er une vid\u00e9o","price":"","price_type":"flat_fee","image":0}],"id":1750771751},{"name":"Importieren Sie eine Datei","type":"file_upload","position":0,"required":false,"title_format":"heading","description_enable":true,"description":"\u00dcber die Schaltfl\u00e4che unten k\u00f6nnen Sie eine Datei importieren, um die Platte Ihres Stempels zu personalisieren.","placeholder_enable":false,"placeholder":"","display":"select","restrictions_type":"any_text","adjust_price":false,"price":"","price_type":"quantity_based","restrictions":false,"min":0,"max":0,"options":[],"id":1727099281},{"name":"Personalisierung","type":"custom_textarea","position":1,"required":false,"title_format":"heading","description_enable":true,"description":"Geben Sie unten Ihren Wunschtext f\u00fcr die Stempelpersonalisierung ein. Gerne k\u00f6nnen Sie auch weitere Anmerkungen oder Hinweise hinzuf\u00fcgen.","placeholder_enable":false,"placeholder":"","display":"select","restrictions_type":"any_text","adjust_price":false,"price":"","price_type":"quantity_based","restrictions":false,"min":0,"max":0,"options":[],"id":1727099283},{"name":"Ausrichtung","type":"multiple_choice","position":2,"required":false,"title_format":"heading","description_enable":false,"description":"","placeholder_enable":false,"placeholder":"","display":"select","restrictions_type":"any_text","adjust_price":false,"price":"","price_type":"flat_fee","restrictions":false,"min":0,"max":0,"options":[{"label":"Texte centr\u00e9","price":"","price_type":"quantity_based","image":0},{"label":"Alignement \u00e0 gauche","price":"","price_type":"quantity_based","image":0},{"label":"Alignement \u00e0 droite","price":"","price_type":"quantity_based","image":0},{"label":"Justifi\u00e9","price":"","price_type":"quantity_based","image":0}],"id":1727099284},{"name":"Rahmen","type":"multiple_choice","position":3,"required":false,"title_format":"heading","description_enable":false,"description":"","placeholder_enable":false,"placeholder":"","display":"select","restrictions_type":"any_text","adjust_price":false,"price":"","price_type":"flat_fee","restrictions":false,"min":0,"max":0,"options":[{"label":"Sans cadre","price":"","price_type":"quantity_based","image":0},{"label":"Ajouter un cadre simple","price":"","price_type":"quantity_based","image":0},{"label":"Ajouter un double cadre","price":"","price_type":"quantity_based","image":0}],"id":1727099285},{"name":"Schriftart","type":"multiple_choice","position":4,"required":false,"title_format":"heading","description_enable":true,"description":"F\u00fcr beste Ergebnisse empfehlen wir die Verwendung serifenloser Schriftarten wie Arial oder Helvetica.","placeholder_enable":false,"placeholder":"","display":"select","restrictions_type":"any_text","adjust_price":false,"price":"","price_type":"flat_fee","restrictions":false,"min":0,"max":0,"options":[{"label":"Arial","price":"","price_type":"quantity_based","image":0},{"label":"Avant Garde","price":"","price_type":"quantity_based","image":0},{"label":"Futura","price":"","price_type":"quantity_based","image":0},{"label":"Helvetica","price":"","price_type":"quantity_based","image":0},{"label":"Verdana","price":"","price_type":"quantity_based","image":0},{"label":"Source Sans","price":"","price_type":"quantity_based","image":0},{"label":"Times New Roman","price":"","price_type":"quantity_based","image":0}],"id":1727099286},{"name":"Korrekturabzug","type":"checkbox","position":5,"required":false,"title_format":"heading","description_enable":true,"description":"Aktivieren Sie das K\u00e4stchen unten, um vor der Produktion einen Korrekturabzug zur Genehmigung zu erhalten.","placeholder_enable":false,"placeholder":"","display":"select","restrictions_type":"any_text","adjust_price":false,"price":"","price_type":"flat_fee","restrictions":false,"min":0,"max":0,"options":[{"label":"Recevoir une \u00e9preuve","price":"","price_type":"quantity_based","image":0}],"id":1727099287}],"_links":{"self":[{"href":"https:\/\/www.hanko.lu\/de\/wp-json\/wp\/v2\/product\/59061","targetHints":{"allow":["GET"]}}],"collection":[{"href":"https:\/\/www.hanko.lu\/de\/wp-json\/wp\/v2\/product"}],"about":[{"href":"https:\/\/www.hanko.lu\/de\/wp-json\/wp\/v2\/types\/product"}],"replies":[{"embeddable":true,"href":"https:\/\/www.hanko.lu\/de\/wp-json\/wp\/v2\/comments?post=59061"}],"wp:featuredmedia":[{"embeddable":true,"href":"https:\/\/www.hanko.lu\/de\/wp-json\/wp\/v2\/media\/50845"}],"wp:attachment":[{"href":"https:\/\/www.hanko.lu\/de\/wp-json\/wp\/v2\/media?parent=59061"}],"wp:term":[{"taxonomy":"product_brand","embeddable":true,"href":"https:\/\/www.hanko.lu\/de\/wp-json\/wp\/v2\/product_brand?post=59061"},{"taxonomy":"product_cat","embeddable":true,"href":"https:\/\/www.hanko.lu\/de\/wp-json\/wp\/v2\/product_cat?post=59061"},{"taxonomy":"product_tag","embeddable":true,"href":"https:\/\/www.hanko.lu\/de\/wp-json\/wp\/v2\/product_tag?post=59061"}],"curies":[{"name":"wp","href":"https:\/\/api.w.org\/{rel}","templated":true}]}}