{"id":59488,"date":"2024-08-26T18:50:01","date_gmt":"2024-08-26T16:50:01","guid":{"rendered":"https:\/\/www.hanko.lu\/?post_type=product&#038;p=59488"},"modified":"2025-10-02T14:40:42","modified_gmt":"2025-10-02T12:40:42","slug":"trodat-edy-flex-tampon-de-motivation-pour-enseignants-allemand","status":"publish","type":"product","link":"https:\/\/www.hanko.lu\/de\/produkt\/trodat-edy-flex-tampon-de-motivation-pour-enseignants-allemand\/","title":{"rendered":"Trodat edy FLEX \u2013 Motivationsstempel f\u00fcr Lehrer \u2013 Deutsch"},"content":{"rendered":"<p><img loading=\"lazy\" decoding=\"async\" class=\"aligncenter size-full wp-image-41814\" src=\"https:\/\/www.hanko.lu\/wp-content\/uploads\/2022\/12\/trodat-edy-banner-fr.jpg\" alt=\"HANKO Stempel &amp; Gravur \u2013 Trodat edy \u2013 Banner\" width=\"940\" height=\"456\" \/><br \/>\nMit dem <strong>trodat edy<\/strong>\u00ae unterst\u00fctzen wir Grundschul- und Vorschullehrer bei der Kommunikation mit ihren Sch\u00fclern.<\/p>\n<h2>Merkmale<\/h2>\n<ul class=\"a-unordered-list a-vertical a-spacing-mini\">\n<li><span class=\"a-list-item\"><strong>Ermutigen und motivieren<\/strong> Kinder in der Grundschule<\/span><\/li>\n<li>W\u00e4hlen Sie aus 6 H\u00fcllen, 15 Tintenfarben und <strong>51 h\u00fcbsche Muster<\/strong><\/li>\n<li>Sie k\u00f6nnen den Text auch personalisieren<\/li>\n<li><span class=\"a-list-item\">Auch f\u00fcr den Kindergarten, kreative B\u00fccher, Scrapbooking oder einfach nur zum Spa\u00df geeignet<\/span><\/li>\n<li>Kompakter Stempel mit integrierter Farbkassette<\/li>\n<li>Dort <a href=\"https:\/\/www.hanko.lu\/de\/produkt\/cassette-encrage-trodat-6-4922\/\">Trodat Farbkassette 6\/4922<\/a> kann separat erworben werden, um die Verwendung Ihres Stempels zu verl\u00e4ngern<\/li>\n<li>Eine Alternative zu Aufklebern; <strong>Die integrierte Tintenkassette liefert Tausende von Ausdrucken<\/strong><\/li>\n<li><span class=\"a-list-item\">\u00d6kologisches Trodat-Konzept mit hohem Recycling-Kunststoffanteil<\/span><\/li>\n<li>Marke: Trodat<\/li>\n<\/ul>\n<p><img loading=\"lazy\" decoding=\"async\" class=\"alignright size-medium wp-image-40773\" role=\"img\" src=\"https:\/\/www.hanko.lu\/wp-content\/uploads\/2022\/11\/trodat-edy.svg\" alt=\"Trodat edy logo\" width=\"300\" height=\"300\" \/><\/p>","protected":false},"excerpt":{"rendered":"<ul class=\"short-features\">\n<li><i class=\"fas fa-check\"><\/i>W\u00e4hlen Sie Geh\u00e4use, Tintenfarbe und Design<\/li>\n<li><i class=\"fas fa-check\"><\/i><strong>51 Muster<\/strong> unterschiedlich zur Auswahl<\/li>\n<li><i class=\"fas fa-expand-alt\"><\/i><strong>Abmessungen der Stellfl\u00e4che:<\/strong> max. 20 x 20 mm<\/li>\n<li><i class=\"fas fa-truck\"><\/i><strong>Ausgeliefert<\/strong> innerhalb von 2 bis 3 Werktagen<\/li>\n<\/ul>\n<p>Verf\u00fcgbar in: <a href=\"https:\/\/www.hanko.lu\/de\/produkt\/trodat-edy-flex-tampon-de-motivation-pour-enseignants-francais\/\">Franz\u00f6sisch<\/a>, <a href=\"https:\/\/www.hanko.lu\/de\/produkt\/trodat-edy-flex-tampon-de-motivation-pour-enseignants-luxembourgeois\/\">Luxemburgisch<\/a>, <a href=\"https:\/\/www.hanko.lu\/de\/produkt\/trodat-edy-flex-tampon-de-motivation-pour-enseignants-allemand\/\">Deutsch<\/a> und <a href=\"https:\/\/www.hanko.lu\/de\/produkt\/trodat-edy-flex-tampon-de-motivation-pour-enseignants-anglais\/\">Englisch<\/a>.<\/p>","protected":false},"featured_media":51308,"comment_status":"open","ping_status":"closed","template":"","meta":[],"product_brand":[],"product_cat":[542,537],"product_tag":[],"class_list":{"0":"post-59488","1":"product","2":"type-product","3":"status-publish","4":"has-post-thumbnail","6":"product_cat-tampons-avec-motif","7":"product_cat-trodat-edy","8":"product_shipping_class-classe-l","10":"first","11":"instock","12":"taxable","13":"shipping-taxable","14":"purchasable","15":"product-type-variable"},"exclude_global_add_ons":true,"addons":[{"name":"Tintenfarbe","type":"multiple_choice","position":0,"required":true,"title_format":"label","description_enable":false,"description":"","placeholder_enable":false,"placeholder":"","display":"images","restrictions_type":"any_text","adjust_price":false,"price":"","price_type":"flat_fee","restrictions":false,"min":0,"max":0,"options":[{"label":"Encre noire","price":"","price_type":"flat_fee","image":40714},{"label":"Encre bleue","price":"","price_type":"flat_fee","image":40713},{"label":"Encre rouge","price":"","price_type":"flat_fee","image":40715},{"label":"Encre verte","price":"","price_type":"flat_fee","image":40716},{"label":"Encre violette","price":"","price_type":"flat_fee","image":40717},{"label":"Encre pourpre","price":"","price_type":"flat_fee","image":40746},{"label":"Encre bleu ciel","price":"2","price_type":"flat_fee","image":40739},{"label":"Encre bleu clair","price":"2","price_type":"flat_fee","image":40740},{"label":"Encre brun orang\u00e9","price":"2","price_type":"flat_fee","image":40741},{"label":"Encre gris petit-gris","price":"2","price_type":"flat_fee","image":40742},{"label":"Encre jaune de s\u00e9curit\u00e9","price":"2","price_type":"flat_fee","image":40743},{"label":"Encre jaune zinc","price":"2","price_type":"flat_fee","image":40744},{"label":"Encre orange fonc\u00e9","price":"2","price_type":"flat_fee","image":40745},{"label":"Encre rouge carmin","price":"2","price_type":"flat_fee","image":40747},{"label":"Encre vert jaune","price":"2","price_type":"flat_fee","image":40748},{"label":"Cassette d'encrage sans encre","price":"","price_type":"flat_fee","image":40720}],"id":1738430004},{"name":"Muster","type":"multiple_choice","position":1,"required":true,"title_format":"label","description_enable":false,"description":"","placeholder_enable":false,"placeholder":"","display":"images","restrictions_type":"any_text","adjust_price":false,"price":"","price_type":"flat_fee","restrictions":false,"min":0,"max":0,"options":[{"label":"01. Smiley (froh)","price":"","price_type":"flat_fee","image":40888},{"label":"02. Smiley","price":"","price_type":"flat_fee","image":60192},{"label":"03. Smiley (unfroh)","price":"","price_type":"flat_fee","image":60191},{"label":"04. Flei\u00dfig!","price":"","price_type":"flat_fee","image":41645},{"label":"05. Perfekt!","price":"","price_type":"flat_fee","image":41902},{"label":"06. Sehr sch\u00f6n!","price":"","price_type":"flat_fee","image":41664},{"label":"07. Spize!","price":"","price_type":"flat_fee","image":41665},{"label":"08. Lass dich nicht h\u00e4ngen","price":"","price_type":"flat_fee","image":41654},{"label":"09. Drachenstark","price":"","price_type":"flat_fee","image":41642},{"label":"10. Au\u00dfergew\u00f6hnlich","price":"","price_type":"flat_fee","image":41640},{"label":"11. Weiter so!","price":"","price_type":"flat_fee","image":41674},{"label":"12. Super schnell!","price":"","price_type":"flat_fee","image":41857},{"label":"13. Gut!","price":"","price_type":"flat_fee","image":41648},{"label":"14. Volltreffer","price":"","price_type":"flat_fee","image":41673},{"label":"15. Gutes Ged\u00e4chtnis","price":"","price_type":"flat_fee","image":41651},{"label":"16. Es geht Aufw\u00e4rts","price":"","price_type":"flat_fee","image":41644},{"label":"17. Tolle Leistung","price":"","price_type":"flat_fee","image":41671},{"label":"18. Spitze!","price":"","price_type":"flat_fee","image":41666},{"label":"19. Bitte unterschreiben","price":"","price_type":"flat_fee","image":41641},{"label":"20. Hausaufgabe","price":"","price_type":"flat_fee","image":41835},{"label":"21. LOL","price":"","price_type":"flat_fee","image":40919},{"label":"22. RLY?","price":"","price_type":"flat_fee","image":40918},{"label":"23. OMG","price":"","price_type":"flat_fee","image":40917},{"label":"24. WTF","price":"","price_type":"flat_fee","image":40916},{"label":"25. MDR","price":"","price_type":"flat_fee","image":40915},{"label":"26. Haufen","price":"","price_type":"flat_fee","image":40914},{"label":"27. Superheld","price":"","price_type":"flat_fee","image":41858},{"label":"28. Lass dir zeit!","price":"","price_type":"flat_fee","image":41655},{"label":"29. Toll!","price":"","price_type":"flat_fee","image":41670},{"label":"30. Sauberer arbeiten!","price":"","price_type":"flat_fee","image":41660},{"label":"31. Naja...","price":"","price_type":"flat_fee","image":41658},{"label":"32. Geht besser!","price":"","price_type":"flat_fee","image":41646},{"label":"33. Super!","price":"","price_type":"flat_fee","image":41668},{"label":"34. Schade!","price":"","price_type":"flat_fee","image":41661},{"label":"35. Du bist schlau!","price":"","price_type":"flat_fee","image":41643},{"label":"36. Gute Idee!","price":"","price_type":"flat_fee","image":41649},{"label":"37. Gewonnen","price":"","price_type":"flat_fee","image":41647},{"label":"38. L\u00f6wenstark!","price":"","price_type":"flat_fee","image":41656},{"label":"39. Schneller arbeiten!","price":"","price_type":"flat_fee","image":41662},{"label":"40. Unterirdisch","price":"","price_type":"flat_fee","image":41672},{"label":"41. Wiederholen","price":"","price_type":"flat_fee","image":41675},{"label":"42. Sehr gut!","price":"","price_type":"flat_fee","image":41663},{"label":"43. Kopf hoch!","price":"","price_type":"flat_fee","image":41653},{"label":"44. Guter Fortschritt!","price":"","price_type":"flat_fee","image":41650},{"label":"45. M\u00e4\u00e4\u00e4hgaa!!","price":"","price_type":"flat_fee","image":41657},{"label":"46. B\u00e4r","price":"","price_type":"flat_fee","image":60193},{"label":"47. Kaninchen","price":"","price_type":"flat_fee","image":60190},{"label":"48. Katze","price":"","price_type":"flat_fee","image":60186},{"label":"49. Giraffe","price":"","price_type":"flat_fee","image":60188},{"label":"50. Dinosaurier","price":"","price_type":"flat_fee","image":60187},{"label":"51. Eule","price":"","price_type":"flat_fee","image":60189}],"id":1725033019},{"name":"\u00c4ndern Sie den Text","type":"custom_text","position":2,"required":false,"title_format":"label","description_enable":true,"description":"Personalisieren Sie Ihren Stempel, indem Sie den Text \u00e4ndern oder dem Design Ihre eigene Nachricht hinzuf\u00fcgen!","placeholder_enable":false,"placeholder":"","display":"select","restrictions_type":"any_text","adjust_price":true,"price":"2.50","price_type":"flat_fee","restrictions":false,"min":0,"max":0,"options":[],"id":1725033020},{"name":"Fertigungsvideo","type":"checkbox","position":3,"required":false,"title_format":"heading","description_enable":true,"description":"Wir bieten Ihnen ein Video an, das die verschiedenen Schritte der Herstellung Ihres Stempels zeigt und Ihnen anschlie\u00dfend zugesendet wird. Mit der Wahl dieser Option erkl\u00e4ren Sie sich damit einverstanden, dass das Video auf unseren Social-Media-Kan\u00e4len und\/oder auf unserer Website ver\u00f6ffentlicht werden kann. Bitte beachten Sie, dass pers\u00f6nliche Informationen, die auf Ihrem Stempel enthalten sind, im Video sichtbar sein werden. Bei hoher Nachfrage k\u00f6nnen wir jedoch nicht garantieren, dass f\u00fcr jede Bestellung ein Video erstellt wird.","placeholder_enable":false,"placeholder":"","display":"select","restrictions_type":"any_text","adjust_price":false,"price":"","price_type":"flat_fee","restrictions":false,"min":0,"max":0,"options":[{"label":"Cr\u00e9er une vid\u00e9o","price":"","price_type":"flat_fee","image":0}],"id":1759416035}],"_links":{"self":[{"href":"https:\/\/www.hanko.lu\/de\/wp-json\/wp\/v2\/product\/59488","targetHints":{"allow":["GET"]}}],"collection":[{"href":"https:\/\/www.hanko.lu\/de\/wp-json\/wp\/v2\/product"}],"about":[{"href":"https:\/\/www.hanko.lu\/de\/wp-json\/wp\/v2\/types\/product"}],"replies":[{"embeddable":true,"href":"https:\/\/www.hanko.lu\/de\/wp-json\/wp\/v2\/comments?post=59488"}],"wp:featuredmedia":[{"embeddable":true,"href":"https:\/\/www.hanko.lu\/de\/wp-json\/wp\/v2\/media\/51308"}],"wp:attachment":[{"href":"https:\/\/www.hanko.lu\/de\/wp-json\/wp\/v2\/media?parent=59488"}],"wp:term":[{"taxonomy":"product_brand","embeddable":true,"href":"https:\/\/www.hanko.lu\/de\/wp-json\/wp\/v2\/product_brand?post=59488"},{"taxonomy":"product_cat","embeddable":true,"href":"https:\/\/www.hanko.lu\/de\/wp-json\/wp\/v2\/product_cat?post=59488"},{"taxonomy":"product_tag","embeddable":true,"href":"https:\/\/www.hanko.lu\/de\/wp-json\/wp\/v2\/product_tag?post=59488"}],"curies":[{"name":"wp","href":"https:\/\/api.w.org\/{rel}","templated":true}]}}