{"id":59607,"date":"2024-08-26T18:51:35","date_gmt":"2024-08-26T16:51:35","guid":{"rendered":"https:\/\/www.hanko.lu\/?post_type=product&#038;p=59607"},"modified":"2025-10-02T14:37:53","modified_gmt":"2025-10-02T12:37:53","slug":"tampons-en-bois-creatifs-collection-luxembourg","status":"publish","type":"product","link":"https:\/\/www.hanko.lu\/de\/produkt\/tampons-en-bois-creatifs-collection-luxembourg\/","title":{"rendered":"Kreative Holzstempel \u2013 Sammlung Luxemburg"},"content":{"rendered":"<p style=\"margin-bottom: 20px;\">Stempel aus nat\u00fcrlichem Buchenholz, FSC-zertifiziert.<\/p>\n<p><img loading=\"lazy\" decoding=\"async\" class=\"alignleft size-medium wp-image-42911\" role=\"img\" src=\"https:\/\/www.hanko.lu\/wp-content\/uploads\/2023\/02\/fsc-label.svg\" alt=\"FSC Label\" width=\"300\" height=\"300\" \/><\/p>","protected":false},"excerpt":{"rendered":"<p>Abmessungen: \u00d8 30 mm | 12 Designs zur Auswahl | Lieferung in 48 Stunden*<\/p>","protected":false},"featured_media":51427,"comment_status":"open","ping_status":"closed","template":"","meta":[],"product_brand":[],"product_cat":[542],"product_tag":[],"class_list":{"0":"post-59607","1":"product","2":"type-product","3":"status-publish","4":"has-post-thumbnail","6":"product_cat-tampons-avec-motif","7":"product_shipping_class-classe-l","9":"first","10":"instock","11":"taxable","12":"shipping-taxable","13":"purchasable","14":"product-type-variable"},"exclude_global_add_ons":false,"addons":[{"name":"Fertigungsvideo","type":"checkbox","position":1,"required":false,"title_format":"heading","description_enable":true,"description":"Wir bieten Ihnen ein Video an, das die verschiedenen Schritte der Herstellung Ihres Stempels zeigt und Ihnen anschlie\u00dfend zugesendet wird. Mit der Wahl dieser Option erkl\u00e4ren Sie sich damit einverstanden, dass das Video auf unseren Social-Media-Kan\u00e4len und\/oder auf unserer Website ver\u00f6ffentlicht werden kann. Bitte beachten Sie, dass pers\u00f6nliche Informationen, die auf Ihrem Stempel enthalten sind, im Video sichtbar sein werden. Bei hoher Nachfrage k\u00f6nnen wir jedoch nicht garantieren, dass f\u00fcr jede Bestellung ein Video erstellt wird.","placeholder_enable":false,"placeholder":"","display":"select","restrictions_type":"any_text","adjust_price":false,"price":"","price_type":"flat_fee","restrictions":false,"min":0,"max":0,"options":[{"label":"Cr\u00e9er une vid\u00e9o","price":"","price_type":"flat_fee","image":0}],"id":1759415864},{"name":"Woodies-Tintenschreiber","type":"multiple_choice","position":0,"required":false,"title_format":"label","description_enable":true,"description":"Stempelkissen mit 33 mm Durchmesser, in vielen verschiedenen Farben erh\u00e4ltlich.","placeholder_enable":false,"placeholder":"","display":"images","restrictions_type":"any_text","adjust_price":false,"price":"","price_type":"flat_fee","restrictions":false,"min":0,"max":0,"options":[{"label":"01. Balance Blue","price":"4.95","price_type":"flat_fee","image":51598},{"label":"02. Carribean Creek","price":"4.95","price_type":"flat_fee","image":51599},{"label":"03. Lucky Lime","price":"4.95","price_type":"flat_fee","image":51600},{"label":"04. Sweet Sun","price":"4.95","price_type":"flat_fee","image":51616},{"label":"05. Royal Rose","price":"4.95","price_type":"flat_fee","image":51617},{"label":"06. Silent Sea","price":"4.95","price_type":"flat_fee","image":51618},{"label":"07. Beautiful Berry","price":"4.95","price_type":"flat_fee","image":51619},{"label":"08. Oriental Orange","price":"4.95","price_type":"flat_fee","image":51620},{"label":"09. Wondrous Wine","price":"4.95","price_type":"flat_fee","image":51621},{"label":"10. Lovable Lavender","price":"4.95","price_type":"flat_fee","image":51622},{"label":"11. Fondly Fontain","price":"4.95","price_type":"flat_fee","image":51623},{"label":"12. Calen Cloud","price":"4.95","price_type":"flat_fee","image":51624},{"label":"13. Marvellous Magnolia","price":"4.95","price_type":"flat_fee","image":51625},{"label":"15. Pretty Pink","price":"4.95","price_type":"flat_fee","image":51627},{"label":"16. Panic Pink","price":"4.95","price_type":"flat_fee","image":51628},{"label":"17. Outback Orange","price":"4.95","price_type":"flat_fee","image":51629},{"label":"19. Fir Forest","price":"4.95","price_type":"flat_fee","image":55750},{"label":"20. Ornamental Olive","price":"4.95","price_type":"flat_fee","image":51647},{"label":"21. Bright Beach","price":"4.95","price_type":"flat_fee","image":51648},{"label":"22. Soft Stone","price":"4.95","price_type":"flat_fee","image":51649},{"label":"23. Charming Copper","price":"4.95","price_type":"flat_fee","image":51650},{"label":"24. Fabled Frog","price":"4.95","price_type":"flat_fee","image":51651},{"label":"25. Classy Cacao","price":"4.95","price_type":"flat_fee","image":51652}],"id":1725099794},{"name":"COLOP MAKE 1 Stempelkissen","type":"multiple_choice","position":1,"required":false,"title_format":"label","description_enable":true,"description":"F\u00fcr au\u00dfergew\u00f6hnliche Drucke bestellen Sie gleich ein hochwertiges Stempelkissen dazu. Ma\u00dfe des Kissens: 90 x 50 mm.","placeholder_enable":false,"placeholder":"","display":"images","restrictions_type":"any_text","adjust_price":false,"price":"","price_type":"flat_fee","restrictions":false,"min":0,"max":0,"options":[{"label":"Brave Red","price":"5.20","price_type":"flat_fee","image":40614},{"label":"Calm Blue","price":"5.20","price_type":"flat_fee","image":40615},{"label":"Cozy Red","price":"5.20","price_type":"flat_fee","image":40616},{"label":"Fancy Grey","price":"5.20","price_type":"flat_fee","image":40617},{"label":"Fir Forest","price":"5.20","price_type":"flat_fee","image":40618},{"label":"Fresh Mint","price":"5.20","price_type":"flat_fee","image":40619},{"label":"Lovable Lavender","price":"5.20","price_type":"flat_fee","image":40621},{"label":"Noble Blue","price":"5.20","price_type":"flat_fee","image":40622},{"label":"Shiny Orange","price":"5.20","price_type":"flat_fee","image":40623},{"label":"Shiny Pink","price":"5.20","price_type":"flat_fee","image":40624},{"label":"Silent Sea","price":"5.20","price_type":"flat_fee","image":40625},{"label":"Smooth Green","price":"5.20","price_type":"flat_fee","image":40626},{"label":"Soft Pink","price":"5.20","price_type":"flat_fee","image":40627}],"id":1725099795},{"name":"Trodat 9051 Stempelkissen","type":"multiple_choice","position":2,"required":false,"title_format":"label","description_enable":true,"description":"F\u00fcgen Sie Ihrer Bestellung ein klassisches Stempelkissen hinzu. Kissenma\u00dfe: 90 x 50 mm.","placeholder_enable":false,"placeholder":"","display":"images","restrictions_type":"any_text","adjust_price":false,"price":"","price_type":"flat_fee","restrictions":false,"min":0,"max":0,"options":[{"label":"Encre bleue","price":"3.95","price_type":"flat_fee","image":44719},{"label":"Encre rouge","price":"3.95","price_type":"flat_fee","image":44721},{"label":"Encre verte","price":"3.95","price_type":"flat_fee","image":44722},{"label":"Encre violette","price":"3.95","price_type":"flat_fee","image":44723}],"id":1725099796}],"_links":{"self":[{"href":"https:\/\/www.hanko.lu\/de\/wp-json\/wp\/v2\/product\/59607","targetHints":{"allow":["GET"]}}],"collection":[{"href":"https:\/\/www.hanko.lu\/de\/wp-json\/wp\/v2\/product"}],"about":[{"href":"https:\/\/www.hanko.lu\/de\/wp-json\/wp\/v2\/types\/product"}],"replies":[{"embeddable":true,"href":"https:\/\/www.hanko.lu\/de\/wp-json\/wp\/v2\/comments?post=59607"}],"wp:featuredmedia":[{"embeddable":true,"href":"https:\/\/www.hanko.lu\/de\/wp-json\/wp\/v2\/media\/51427"}],"wp:attachment":[{"href":"https:\/\/www.hanko.lu\/de\/wp-json\/wp\/v2\/media?parent=59607"}],"wp:term":[{"taxonomy":"product_brand","embeddable":true,"href":"https:\/\/www.hanko.lu\/de\/wp-json\/wp\/v2\/product_brand?post=59607"},{"taxonomy":"product_cat","embeddable":true,"href":"https:\/\/www.hanko.lu\/de\/wp-json\/wp\/v2\/product_cat?post=59607"},{"taxonomy":"product_tag","embeddable":true,"href":"https:\/\/www.hanko.lu\/de\/wp-json\/wp\/v2\/product_tag?post=59607"}],"curies":[{"name":"wp","href":"https:\/\/api.w.org\/{rel}","templated":true}]}}