{"id":59678,"date":"2024-08-26T18:52:51","date_gmt":"2024-08-26T16:52:51","guid":{"rendered":"https:\/\/www.hanko.lu\/?post_type=product&#038;p=59678"},"modified":"2026-04-29T08:12:22","modified_gmt":"2026-04-29T06:12:22","slug":"encreur-woodies","status":"publish","type":"product","link":"https:\/\/www.hanko.lu\/de\/produkt\/encreur-woodies\/","title":{"rendered":"Woodies-Tintenschreiber"},"content":{"rendered":"<p>Schauen Sie sich diese tollen Tintenstifte an, die eine perfekte Erg\u00e4nzung f\u00fcr Ihre Woodies sind! Jeder Tintenstift ist in einer praktischen kleinen Aluminiumbox untergebracht, die sich zum Schutz der Tinte einfach anschrauben l\u00e4sst. Mit ihrem eleganten Design und ihrer erstklassigen Qualit\u00e4t sind diese Tintenpatronen der ideale Begleiter f\u00fcr Ihre kreativen Projekte, egal ob zu Hause, im B\u00fcro oder in der Schule. Dank ihrer kompakten Gr\u00f6\u00dfe lassen sie sich leicht transportieren und in Ihrer Tasche oder Schreibwarentasche verstauen. Hinterlassen Sie mit diesen hochwertigen Tinten einen bleibenden Eindruck und verleihen Sie Ihren Kreationen eine pers\u00f6nliche Note!<\/p>\n<p><a href=\"https:\/\/www.hanko.lu\/wp-content\/uploads\/2023\/05\/woodies.svg\"><img loading=\"lazy\" decoding=\"async\" class=\"alignright size-medium wp-image-45177\" role=\"img\" src=\"https:\/\/www.hanko.lu\/wp-content\/uploads\/2023\/05\/woodies.svg\" alt=\"Woodies Logo\" width=\"300\" height=\"300\" \/><\/a><\/p>","protected":false},"excerpt":{"rendered":"<ul class=\"short-features\">\n<li><i class=\"fas fa-check\"><\/i>Der ideale Begleiter f\u00fcr Sie <strong>Woodies<\/strong><\/li>\n<li><i class=\"fas fa-check\"><\/i><strong>Tintenabmessungen<\/strong> : \u00d8 33 mm (Aluminiumbox: \u00d8 38 mm)<\/li>\n<li><i class=\"fas fa-expand-alt\"><\/i>Verf\u00fcgbar in <strong>25 Farben<\/strong> anders<\/li>\n<li><i class=\"fas fa-truck\"><\/i><strong>Ausgeliefert<\/strong> innerhalb von 2 bis 3 Werktagen<\/li>\n<\/ul>","protected":false},"featured_media":51596,"comment_status":"open","ping_status":"closed","template":"","meta":[],"product_brand":[],"product_cat":[157],"product_tag":[],"class_list":{"0":"post-59678","1":"product","2":"type-product","3":"status-publish","4":"has-post-thumbnail","6":"product_cat-coussins-encreurs","7":"product_shipping_class-classe-l","9":"first","10":"instock","11":"taxable","12":"shipping-taxable","13":"purchasable","14":"product-type-variable","15":"has-default-attributes"},"exclude_global_add_ons":[],"addons":[],"_links":{"self":[{"href":"https:\/\/www.hanko.lu\/de\/wp-json\/wp\/v2\/product\/59678","targetHints":{"allow":["GET"]}}],"collection":[{"href":"https:\/\/www.hanko.lu\/de\/wp-json\/wp\/v2\/product"}],"about":[{"href":"https:\/\/www.hanko.lu\/de\/wp-json\/wp\/v2\/types\/product"}],"replies":[{"embeddable":true,"href":"https:\/\/www.hanko.lu\/de\/wp-json\/wp\/v2\/comments?post=59678"}],"wp:featuredmedia":[{"embeddable":true,"href":"https:\/\/www.hanko.lu\/de\/wp-json\/wp\/v2\/media\/51596"}],"wp:attachment":[{"href":"https:\/\/www.hanko.lu\/de\/wp-json\/wp\/v2\/media?parent=59678"}],"wp:term":[{"taxonomy":"product_brand","embeddable":true,"href":"https:\/\/www.hanko.lu\/de\/wp-json\/wp\/v2\/product_brand?post=59678"},{"taxonomy":"product_cat","embeddable":true,"href":"https:\/\/www.hanko.lu\/de\/wp-json\/wp\/v2\/product_cat?post=59678"},{"taxonomy":"product_tag","embeddable":true,"href":"https:\/\/www.hanko.lu\/de\/wp-json\/wp\/v2\/product_tag?post=59678"}],"curies":[{"name":"wp","href":"https:\/\/api.w.org\/{rel}","templated":true}]}}