{"id":59793,"date":"2024-08-26T18:54:09","date_gmt":"2024-08-26T16:54:09","guid":{"rendered":"https:\/\/www.hanko.lu\/?post_type=product&#038;p=59793"},"modified":"2024-10-18T10:56:37","modified_gmt":"2024-10-18T08:56:37","slug":"colop-eos-r40-xpress-tampon-flash-personnalise","status":"publish","type":"product","link":"https:\/\/www.hanko.lu\/de\/produkt\/colop-eos-r40-xpress-tampon-flash-personnalise\/","title":{"rendered":"COLOP EOS R40 Xpress \u2013 Schwarze Tinte"},"content":{"rendered":"<h3>COLOP EOS \u2013 Die Stempelrevolution dank Flash-Technologie<\/h3>\n<p>DER\u00a0<strong>COLOP EOS R40 Xpress<\/strong>\u00a0zeichnet sich durch seine Herstellung mit Technologie aus\u00a0<strong>Blitz<\/strong>, die fortschrittlichste Methode in der Stempelindustrie. Diese Innovation erm\u00f6glicht es, Abdr\u00fccke von au\u00dfergew\u00f6hnlicher Klarheit und Pr\u00e4zision zu erzeugen, die die von herk\u00f6mmlichen Gummistempeln bei weitem \u00fcbertreffen. Mit einem EOS-Stempel k\u00f6nnen Sie bis zu erstellen\u00a0<strong>20.000 Drucke<\/strong>, doppelt so gro\u00df wie ein herk\u00f6mmlicher Tampon und garantiert so eine optimale Haltbarkeit.<\/p>\n<h3>Vorteile der COLOP EOS-Stempel gegen\u00fcber Gummistempeln:<\/h3>\n<ul>\n<li><strong>Voreingef\u00e4rbte Platten<\/strong>\u00a0: Flash-Stempel werden mit voreingef\u00e4rbten Platten geliefert, sodass keine Farbkassetten erforderlich sind. Dies vereinfacht die Nutzung und reduziert zus\u00e4tzliche Kosten.<\/li>\n<li><strong>\u00dcberragende Abdruckqualit\u00e4t<\/strong>\u00a0: Dank ihres innovativen Designs sind die Abdr\u00fccke sch\u00e4rfer und pr\u00e4ziser und eignen sich daher ideal f\u00fcr Logos und kleine Texte. Ihre Botschaft wird immer perfekt sichtbar sein.<\/li>\n<li><strong>Langlebige Tinte<\/strong>\u00a0: Die in diesen Stempeln verwendete Tinte auf \u00d6lbasis ist nicht nur haltbarer, sondern bietet auch eine erh\u00f6hte Wasserbest\u00e4ndigkeit, sodass Ihre Drucke den Elementen standhalten.<\/li>\n<li><strong>Ergonomisches Design<\/strong>\u00a0: Das Geh\u00e4use der COLOP EOS-Stempel ist leicht und ergonomisch, sodass sie auch bei gro\u00dfen Modellen gut zu handhaben sind. So k\u00f6nnen Sie unabh\u00e4ngig vom Arbeitsvolumen m\u00fchelos stempeln.<\/li>\n<li><strong>Einfaches Nachf\u00e4rben<\/strong>\u00a0: Das Design dieser Stempel erm\u00f6glicht ein einfaches, sauberes Nachf\u00e4rben und sorgt so f\u00fcr eine bequeme und saubere Verwendung jedes Mal.<\/li>\n<\/ul>","protected":false},"excerpt":{"rendered":"<p>Abmessungen: \u00d8 40 mm | Max. 7 Zeilen | Fertig in 1 Stunde<\/p>\n<div class=\"wc-block-components-notice-banner is-info custom-notice\">\n<p>Dieser Stempel kann je nach Verf\u00fcgbarkeit in weniger als einer Stunde in unserer Werkstatt hergestellt und zur Abholung bereit gestellt werden.<\/p>\n<\/div>","protected":false},"featured_media":61244,"comment_status":"open","ping_status":"closed","template":"","meta":[],"product_brand":[],"product_cat":[20],"product_tag":[932],"class_list":{"0":"post-59793","1":"product","2":"type-product","3":"status-publish","4":"has-post-thumbnail","6":"product_cat-eos","7":"product_tag-tampon-xpress","8":"product_shipping_class-classe-l","10":"first","11":"instock","12":"taxable","13":"shipping-taxable","14":"purchasable","15":"product-type-simple"},"exclude_global_add_ons":false,"addons":[{"name":"Fertigungsvideo","type":"checkbox","position":0,"required":false,"title_format":"heading","description_enable":true,"description":"Wir bieten Ihnen ein Video an, das die verschiedenen Schritte der Herstellung Ihres Stempels zeigt und Ihnen anschlie\u00dfend zugesendet wird. Mit der Wahl dieser Option erkl\u00e4ren Sie sich damit einverstanden, dass das Video auf unseren Social-Media-Kan\u00e4len und\/oder auf unserer Website ver\u00f6ffentlicht werden kann. Bitte beachten Sie, dass pers\u00f6nliche Informationen, die auf Ihrem Stempel enthalten sind, im Video sichtbar sein werden. Bei hoher Nachfrage k\u00f6nnen wir jedoch nicht garantieren, dass f\u00fcr jede Bestellung ein Video erstellt wird.","placeholder_enable":false,"placeholder":"","display":"select","restrictions_type":"any_text","adjust_price":false,"price":"","price_type":"flat_fee","restrictions":false,"min":0,"max":0,"options":[{"label":"Cr\u00e9er une vid\u00e9o","price":"","price_type":"flat_fee","image":0}],"id":1750771751},{"name":"Tintenflasche f\u00fcr COLOP EOS Stempel","type":"multiple_choice","position":0,"required":false,"title_format":"heading","description_enable":true,"description":"Mit dieser praktischen Flasche geht Ihnen nie die Tinte aus. Sie ist ideal zum einfachen Nachf\u00fcllen Ihres COLOP EOS-Stempels.","placeholder_enable":false,"placeholder":"","display":"images","restrictions_type":"any_text","adjust_price":false,"price":"","price_type":"flat_fee","restrictions":false,"min":0,"max":0,"options":[{"label":"Flacon d'encre noire","price":"7.95","price_type":"flat_fee","image":61256},{"label":"Flacon d'encre bleue","price":"7.95","price_type":"flat_fee","image":61255},{"label":"Flacon d'encre rouge","price":"7.95","price_type":"flat_fee","image":61257},{"label":"Flacon d'encre verte","price":"7.95","price_type":"flat_fee","image":61258},{"label":"Flacon d'encre violette","price":"7.95","price_type":"flat_fee","image":61259}],"id":1727367648},{"name":"Importieren Sie eine Datei","type":"file_upload","position":0,"required":false,"title_format":"heading","description_enable":true,"description":"\u00dcber die Schaltfl\u00e4che unten k\u00f6nnen Sie eine Datei importieren, um die Platte Ihres Stempels zu personalisieren.","placeholder_enable":false,"placeholder":"","display":"select","restrictions_type":"any_text","adjust_price":false,"price":"","price_type":"quantity_based","restrictions":false,"min":0,"max":0,"options":[],"id":1727099281},{"name":"Personalisierung","type":"custom_textarea","position":1,"required":false,"title_format":"heading","description_enable":true,"description":"Geben Sie unten Ihren Wunschtext f\u00fcr die Stempelpersonalisierung ein. Gerne k\u00f6nnen Sie auch weitere Anmerkungen oder Hinweise hinzuf\u00fcgen.","placeholder_enable":false,"placeholder":"","display":"select","restrictions_type":"any_text","adjust_price":false,"price":"","price_type":"quantity_based","restrictions":false,"min":0,"max":0,"options":[],"id":1727099283},{"name":"Ausrichtung","type":"multiple_choice","position":2,"required":false,"title_format":"heading","description_enable":false,"description":"","placeholder_enable":false,"placeholder":"","display":"select","restrictions_type":"any_text","adjust_price":false,"price":"","price_type":"flat_fee","restrictions":false,"min":0,"max":0,"options":[{"label":"Texte centr\u00e9","price":"","price_type":"quantity_based","image":0},{"label":"Alignement \u00e0 gauche","price":"","price_type":"quantity_based","image":0},{"label":"Alignement \u00e0 droite","price":"","price_type":"quantity_based","image":0},{"label":"Justifi\u00e9","price":"","price_type":"quantity_based","image":0}],"id":1727099284},{"name":"Rahmen","type":"multiple_choice","position":3,"required":false,"title_format":"heading","description_enable":false,"description":"","placeholder_enable":false,"placeholder":"","display":"select","restrictions_type":"any_text","adjust_price":false,"price":"","price_type":"flat_fee","restrictions":false,"min":0,"max":0,"options":[{"label":"Sans cadre","price":"","price_type":"quantity_based","image":0},{"label":"Ajouter un cadre simple","price":"","price_type":"quantity_based","image":0},{"label":"Ajouter un double cadre","price":"","price_type":"quantity_based","image":0}],"id":1727099285},{"name":"Schriftart","type":"multiple_choice","position":4,"required":false,"title_format":"heading","description_enable":true,"description":"F\u00fcr beste Ergebnisse empfehlen wir die Verwendung serifenloser Schriftarten wie Arial oder Helvetica.","placeholder_enable":false,"placeholder":"","display":"select","restrictions_type":"any_text","adjust_price":false,"price":"","price_type":"flat_fee","restrictions":false,"min":0,"max":0,"options":[{"label":"Arial","price":"","price_type":"quantity_based","image":0},{"label":"Avant Garde","price":"","price_type":"quantity_based","image":0},{"label":"Futura","price":"","price_type":"quantity_based","image":0},{"label":"Helvetica","price":"","price_type":"quantity_based","image":0},{"label":"Verdana","price":"","price_type":"quantity_based","image":0},{"label":"Source Sans","price":"","price_type":"quantity_based","image":0},{"label":"Times New Roman","price":"","price_type":"quantity_based","image":0}],"id":1727099286},{"name":"Korrekturabzug","type":"checkbox","position":5,"required":false,"title_format":"heading","description_enable":true,"description":"Aktivieren Sie das K\u00e4stchen unten, um vor der Produktion einen Korrekturabzug zur Genehmigung zu erhalten.","placeholder_enable":false,"placeholder":"","display":"select","restrictions_type":"any_text","adjust_price":false,"price":"","price_type":"flat_fee","restrictions":false,"min":0,"max":0,"options":[{"label":"Recevoir une \u00e9preuve","price":"","price_type":"quantity_based","image":0}],"id":1727099287}],"_links":{"self":[{"href":"https:\/\/www.hanko.lu\/de\/wp-json\/wp\/v2\/product\/59793","targetHints":{"allow":["GET"]}}],"collection":[{"href":"https:\/\/www.hanko.lu\/de\/wp-json\/wp\/v2\/product"}],"about":[{"href":"https:\/\/www.hanko.lu\/de\/wp-json\/wp\/v2\/types\/product"}],"replies":[{"embeddable":true,"href":"https:\/\/www.hanko.lu\/de\/wp-json\/wp\/v2\/comments?post=59793"}],"wp:featuredmedia":[{"embeddable":true,"href":"https:\/\/www.hanko.lu\/de\/wp-json\/wp\/v2\/media\/61244"}],"wp:attachment":[{"href":"https:\/\/www.hanko.lu\/de\/wp-json\/wp\/v2\/media?parent=59793"}],"wp:term":[{"taxonomy":"product_brand","embeddable":true,"href":"https:\/\/www.hanko.lu\/de\/wp-json\/wp\/v2\/product_brand?post=59793"},{"taxonomy":"product_cat","embeddable":true,"href":"https:\/\/www.hanko.lu\/de\/wp-json\/wp\/v2\/product_cat?post=59793"},{"taxonomy":"product_tag","embeddable":true,"href":"https:\/\/www.hanko.lu\/de\/wp-json\/wp\/v2\/product_tag?post=59793"}],"curies":[{"name":"wp","href":"https:\/\/api.w.org\/{rel}","templated":true}]}}