{"id":61273,"date":"2024-10-01T15:03:48","date_gmt":"2024-10-01T13:03:48","guid":{"rendered":"https:\/\/www.hanko.lu\/?post_type=product&#038;p=61273"},"modified":"2025-06-24T13:44:04","modified_gmt":"2025-06-24T11:44:04","slug":"colop-eos-r30-tampon-creatif-scrapbooking-differents-themes","status":"publish","type":"product","link":"https:\/\/www.hanko.lu\/de\/produkt\/colop-eos-r30-tampon-creatif-scrapbooking-differents-themes\/","title":{"rendered":"COLOP EOS R30 \u2013 Kreativer Stempel f\u00fcr Scrapbooking \u2013 Verschiedene Themen"},"content":{"rendered":"<h3>Kreativer Stempel f\u00fcr Scrapbooking \u2013 6 Tintenfarben \u2013 17 Themen \u2013 224 Muster<\/h3>\n<p>DER <strong>COLOP EOS R30<\/strong> ist der perfekte Stempel zum Personalisieren Ihrer Alben, Karten und anderen kreativen Scrapbooking-Projekten. Kompakt und einfach zu bedienen, druckt er vielf\u00e4ltige und einzigartige Muster und verleiht Ihren Kreationen einen Hauch von Originalit\u00e4t. Dank seiner integrierten Tintentechnologie garantiert er jederzeit scharfe und pr\u00e4zise Ausdrucke. W\u00e4hlen Sie aus verschiedenen Themen, um Ihren Projekten eine originelle Note zu verleihen.<\/p>\n<h3>COLOP EOS \u2013 Die Stempelrevolution dank Flash-Technologie<\/h3>\n<p>DER\u00a0<strong>COLOP EOS R17<\/strong>\u00a0zeichnet sich durch seine Herstellung mit Technologie aus\u00a0<strong>Blitz<\/strong>, die fortschrittlichste Methode in der Stempelindustrie. Diese Innovation erm\u00f6glicht es, Abdr\u00fccke von au\u00dfergew\u00f6hnlicher Klarheit und Pr\u00e4zision zu erzeugen, die die von herk\u00f6mmlichen Gummistempeln bei weitem \u00fcbertreffen. Mit einem EOS-Stempel k\u00f6nnen Sie bis zu erstellen\u00a0<strong>20.000 Drucke<\/strong>, doppelt so gro\u00df wie ein herk\u00f6mmlicher Tampon und garantiert so eine optimale Haltbarkeit.<\/p>\n<h3>Vorteile der COLOP EOS-Stempel gegen\u00fcber Gummistempeln:<\/h3>\n<ul>\n<li><strong>Voreingef\u00e4rbte Platten<\/strong>\u00a0: Flash-Stempel werden mit voreingef\u00e4rbten Platten geliefert, sodass keine Farbkassetten erforderlich sind. Dies vereinfacht die Nutzung und reduziert zus\u00e4tzliche Kosten.<\/li>\n<li><strong>\u00dcberragende Abdruckqualit\u00e4t<\/strong>\u00a0: Dank ihres innovativen Designs sind die Abdr\u00fccke sch\u00e4rfer und pr\u00e4ziser und eignen sich daher ideal f\u00fcr Logos und kleine Texte. Ihre Botschaft wird immer perfekt sichtbar sein.<\/li>\n<li><strong>Langlebige Tinte<\/strong>\u00a0: Die in diesen Stempeln verwendete Tinte auf \u00d6lbasis ist nicht nur haltbarer, sondern bietet auch eine erh\u00f6hte Wasserbest\u00e4ndigkeit, sodass Ihre Drucke den Elementen standhalten.<\/li>\n<li><strong>Ergonomisches Design<\/strong>\u00a0: Das Geh\u00e4use der COLOP EOS-Stempel ist leicht und ergonomisch, sodass sie auch bei gro\u00dfen Modellen gut zu handhaben sind. So k\u00f6nnen Sie unabh\u00e4ngig vom Arbeitsvolumen m\u00fchelos stempeln.<\/li>\n<li><strong>Einfaches Nachf\u00e4rben<\/strong>\u00a0: Das Design dieser Stempel erm\u00f6glicht ein einfaches, sauberes Nachf\u00e4rben und sorgt so f\u00fcr eine bequeme und saubere Verwendung jedes Mal.<\/li>\n<\/ul>","protected":false},"excerpt":{"rendered":"<p>Abmessungen: \u00d8 30 mm | 224 Designs zur Auswahl | Lieferung in 48 Stunden*<\/p>","protected":false},"featured_media":61671,"comment_status":"open","ping_status":"closed","template":"","meta":[],"product_brand":[],"product_cat":[20,542],"product_tag":[],"class_list":{"0":"post-61273","1":"product","2":"type-product","3":"status-publish","4":"has-post-thumbnail","6":"product_cat-eos","7":"product_cat-tampons-avec-motif","8":"product_shipping_class-classe-l","10":"first","11":"instock","12":"taxable","13":"shipping-taxable","14":"purchasable","15":"product-type-variable"},"exclude_global_add_ons":true,"addons":[{"name":"Themen","type":"multiple_choice","position":0,"required":false,"title_format":"heading","description_enable":false,"description":"","placeholder_enable":false,"placeholder":"","display":"radiobutton","restrictions_type":"any_text","adjust_price":false,"price":"","price_type":"flat_fee","restrictions":false,"min":0,"max":0,"options":[{"label":"No\u00ebl","price":"","price_type":"flat_fee","image":0},{"label":"Invitation","price":"","price_type":"flat_fee","image":0},{"label":"Fait main","price":"","price_type":"flat_fee","image":0},{"label":"B\u00e9b\u00e9","price":"","price_type":"flat_fee","image":0},{"label":"Mariage","price":"","price_type":"flat_fee","image":0},{"label":"G\u00e9n\u00e9ral","price":"","price_type":"flat_fee","image":0},{"label":"Ex Libris","price":"","price_type":"flat_fee","image":0},{"label":"Merci","price":"","price_type":"flat_fee","image":0},{"label":"Amour","price":"","price_type":"flat_fee","image":0},{"label":"Enseignants","price":"","price_type":"flat_fee","image":0},{"label":"Communion & confirmation","price":"","price_type":"flat_fee","image":0},{"label":"Maritime","price":"","price_type":"flat_fee","image":0},{"label":"Paris","price":"","price_type":"flat_fee","image":0},{"label":"Londres","price":"","price_type":"flat_fee","image":0},{"label":"New York","price":"","price_type":"flat_fee","image":0},{"label":"Belgique","price":"","price_type":"flat_fee","image":0},{"label":"Floral","price":"","price_type":"flat_fee","image":0},{"label":"Tous les motifs","price":"","price_type":"flat_fee","image":0}],"id":1727795059},{"name":"Muster","type":"multiple_choice","position":1,"required":true,"title_format":"heading","description_enable":false,"description":"","placeholder_enable":false,"placeholder":"","display":"images","restrictions_type":"any_text","adjust_price":false,"price":"","price_type":"flat_fee","restrictions":false,"min":0,"max":0,"options":[{"label":"001 (Th\u00e8me 01)","price":"","price_type":"flat_fee","image":61409},{"label":"002 (Th\u00e8me 01)","price":"","price_type":"flat_fee","image":61410},{"label":"003 (Th\u00e8me 01)","price":"","price_type":"flat_fee","image":61411},{"label":"004 (Th\u00e8me 01)","price":"","price_type":"flat_fee","image":61412},{"label":"005 (Th\u00e8me 01)","price":"","price_type":"flat_fee","image":61413},{"label":"006 (Th\u00e8me 01)","price":"","price_type":"flat_fee","image":61414},{"label":"007 (Th\u00e8me 01)","price":"","price_type":"flat_fee","image":61415},{"label":"008 (Th\u00e8me 01)","price":"","price_type":"flat_fee","image":61416},{"label":"009 (Th\u00e8me 01)","price":"","price_type":"flat_fee","image":61417},{"label":"010 (Th\u00e8me 01)","price":"","price_type":"flat_fee","image":61418},{"label":"011 (Th\u00e8me 01)","price":"","price_type":"flat_fee","image":61419},{"label":"012 (Th\u00e8me 01)","price":"","price_type":"flat_fee","image":61420},{"label":"013 (Th\u00e8me 01)","price":"","price_type":"flat_fee","image":61421},{"label":"014 (Th\u00e8me 01)","price":"","price_type":"flat_fee","image":61422},{"label":"015 (Th\u00e8me 01)","price":"","price_type":"flat_fee","image":61423},{"label":"016 (Th\u00e8me 01)","price":"","price_type":"flat_fee","image":61424},{"label":"017 (Th\u00e8me 02)","price":"","price_type":"flat_fee","image":61425},{"label":"018 (Th\u00e8me 02)","price":"","price_type":"flat_fee","image":61426},{"label":"019 (Th\u00e8me 02)","price":"","price_type":"flat_fee","image":61427},{"label":"020 (Th\u00e8me 02)","price":"","price_type":"flat_fee","image":61428},{"label":"021 (Th\u00e8me 02)","price":"","price_type":"flat_fee","image":61429},{"label":"022 (Th\u00e8me 02)","price":"","price_type":"flat_fee","image":61430},{"label":"023 (Th\u00e8me 02)","price":"","price_type":"flat_fee","image":61431},{"label":"024 (Th\u00e8me 02)","price":"","price_type":"flat_fee","image":61432},{"label":"025 (Th\u00e8me 02)","price":"","price_type":"flat_fee","image":61433},{"label":"026 (Th\u00e8me 02)","price":"","price_type":"flat_fee","image":61434},{"label":"027 (Th\u00e8me 02)","price":"","price_type":"flat_fee","image":61435},{"label":"028 (Th\u00e8me 02)","price":"","price_type":"flat_fee","image":61436},{"label":"029 (Th\u00e8me 02)","price":"","price_type":"flat_fee","image":61437},{"label":"030 (Th\u00e8me 02)","price":"","price_type":"flat_fee","image":61438},{"label":"031 (Th\u00e8me 02)","price":"","price_type":"flat_fee","image":61439},{"label":"032 (Th\u00e8me 02)","price":"","price_type":"flat_fee","image":61440},{"label":"033 (Th\u00e8me 03)","price":"","price_type":"flat_fee","image":61441},{"label":"034 (Th\u00e8me 03)","price":"","price_type":"flat_fee","image":61442},{"label":"035 (Th\u00e8me 03)","price":"","price_type":"flat_fee","image":61443},{"label":"036 (Th\u00e8me 03)","price":"","price_type":"flat_fee","image":61444},{"label":"037 (Th\u00e8me 03)","price":"","price_type":"flat_fee","image":61445},{"label":"038 (Th\u00e8me 03)","price":"","price_type":"flat_fee","image":61446},{"label":"039 (Th\u00e8me 03)","price":"","price_type":"flat_fee","image":61447},{"label":"040 (Th\u00e8me 03)","price":"","price_type":"flat_fee","image":61448},{"label":"041 (Th\u00e8me 03)","price":"","price_type":"flat_fee","image":61449},{"label":"042 (Th\u00e8me 03)","price":"","price_type":"flat_fee","image":61450},{"label":"043 (Th\u00e8me 03)","price":"","price_type":"flat_fee","image":61451},{"label":"044 (Th\u00e8me 03)","price":"","price_type":"flat_fee","image":61452},{"label":"045 (Th\u00e8me 03)","price":"","price_type":"flat_fee","image":61453},{"label":"046 (Th\u00e8me 03)","price":"","price_type":"flat_fee","image":61454},{"label":"047 (Th\u00e8me 03)","price":"","price_type":"flat_fee","image":61455},{"label":"048 (Th\u00e8me 03)","price":"","price_type":"flat_fee","image":61456},{"label":"049 (Th\u00e8me 04)","price":"","price_type":"flat_fee","image":61457},{"label":"050 (Th\u00e8me 04)","price":"","price_type":"flat_fee","image":61458},{"label":"051 (Th\u00e8me 04)","price":"","price_type":"flat_fee","image":61459},{"label":"052 (Th\u00e8me 04)","price":"","price_type":"flat_fee","image":61460},{"label":"053 (Th\u00e8me 04)","price":"","price_type":"flat_fee","image":61461},{"label":"054 (Th\u00e8me 04)","price":"","price_type":"flat_fee","image":61462},{"label":"055 (Th\u00e8me 04)","price":"","price_type":"flat_fee","image":61463},{"label":"056 (Th\u00e8me 04)","price":"","price_type":"flat_fee","image":61464},{"label":"057 (Th\u00e8me 04)","price":"","price_type":"flat_fee","image":61465},{"label":"058 (Th\u00e8me 04)","price":"","price_type":"flat_fee","image":61466},{"label":"059 (Th\u00e8me 04)","price":"","price_type":"flat_fee","image":61467},{"label":"060 (Th\u00e8me 04)","price":"","price_type":"flat_fee","image":61468},{"label":"061 (Th\u00e8me 04)","price":"","price_type":"flat_fee","image":61469},{"label":"062 (Th\u00e8me 04)","price":"","price_type":"flat_fee","image":61470},{"label":"063 (Th\u00e8me 04)","price":"","price_type":"flat_fee","image":61471},{"label":"064 (Th\u00e8me 04)","price":"","price_type":"flat_fee","image":61472},{"label":"065 (Th\u00e8me 05)","price":"","price_type":"flat_fee","image":61473},{"label":"066 (Th\u00e8me 05)","price":"","price_type":"flat_fee","image":61474},{"label":"067 (Th\u00e8me 05)","price":"","price_type":"flat_fee","image":61475},{"label":"068 (Th\u00e8me 05)","price":"","price_type":"flat_fee","image":61476},{"label":"069 (Th\u00e8me 05)","price":"","price_type":"flat_fee","image":61477},{"label":"070 (Th\u00e8me 05)","price":"","price_type":"flat_fee","image":61478},{"label":"071 (Th\u00e8me 05)","price":"","price_type":"flat_fee","image":61479},{"label":"072 (Th\u00e8me 05)","price":"","price_type":"flat_fee","image":61480},{"label":"073 (Th\u00e8me 05)","price":"","price_type":"flat_fee","image":61481},{"label":"074 (Th\u00e8me 05)","price":"","price_type":"flat_fee","image":61482},{"label":"075 (Th\u00e8me 05)","price":"","price_type":"flat_fee","image":61483},{"label":"076 (Th\u00e8me 05)","price":"","price_type":"flat_fee","image":61484},{"label":"077 (Th\u00e8me 05)","price":"","price_type":"flat_fee","image":61485},{"label":"078 (Th\u00e8me 05)","price":"","price_type":"flat_fee","image":61486},{"label":"079 (Th\u00e8me 05)","price":"","price_type":"flat_fee","image":61487},{"label":"080 (Th\u00e8me 05)","price":"","price_type":"flat_fee","image":61488},{"label":"081 (Th\u00e8me 06)","price":"","price_type":"flat_fee","image":61489},{"label":"082 (Th\u00e8me 06)","price":"","price_type":"flat_fee","image":61490},{"label":"083 (Th\u00e8me 06)","price":"","price_type":"flat_fee","image":61491},{"label":"084 (Th\u00e8me 06)","price":"","price_type":"flat_fee","image":61492},{"label":"085 (Th\u00e8me 06)","price":"","price_type":"flat_fee","image":61517},{"label":"086 (Th\u00e8me 06)","price":"","price_type":"flat_fee","image":61518},{"label":"087 (Th\u00e8me 06)","price":"","price_type":"flat_fee","image":61519},{"label":"088 (Th\u00e8me 06)","price":"","price_type":"flat_fee","image":61520},{"label":"089 (Th\u00e8me 06)","price":"","price_type":"flat_fee","image":61521},{"label":"090 (Th\u00e8me 06)","price":"","price_type":"flat_fee","image":61498},{"label":"091 (Th\u00e8me 06)","price":"","price_type":"flat_fee","image":61523},{"label":"092 (Th\u00e8me 06)","price":"","price_type":"flat_fee","image":61524},{"label":"093 (Th\u00e8me 06)","price":"","price_type":"flat_fee","image":61525},{"label":"094 (Th\u00e8me 06)","price":"","price_type":"flat_fee","image":61526},{"label":"095 (Th\u00e8me 06)","price":"","price_type":"flat_fee","image":61527},{"label":"096 (Th\u00e8me 06)","price":"","price_type":"flat_fee","image":61528},{"label":"097 (Th\u00e8me 07)","price":"","price_type":"flat_fee","image":61529},{"label":"098 (Th\u00e8me 07)","price":"","price_type":"flat_fee","image":61530},{"label":"099 (Th\u00e8me 07)","price":"","price_type":"flat_fee","image":61507},{"label":"100 (Th\u00e8me 07)","price":"","price_type":"flat_fee","image":61532},{"label":"101 (Th\u00e8me 07)","price":"","price_type":"flat_fee","image":61533},{"label":"102 (Th\u00e8me 07)","price":"","price_type":"flat_fee","image":61534},{"label":"103 (Th\u00e8me 07)","price":"","price_type":"flat_fee","image":61535},{"label":"104 (Th\u00e8me 07)","price":"","price_type":"flat_fee","image":61536},{"label":"105 (Th\u00e8me 07)","price":"","price_type":"flat_fee","image":61537},{"label":"106 (Th\u00e8me 07)","price":"","price_type":"flat_fee","image":61538},{"label":"107 (Th\u00e8me 07)","price":"","price_type":"flat_fee","image":61539},{"label":"108 (Th\u00e8me 07)","price":"","price_type":"flat_fee","image":61540},{"label":"109 (Th\u00e8me 07)","price":"","price_type":"flat_fee","image":61541},{"label":"110 (Th\u00e8me 07)","price":"","price_type":"flat_fee","image":61542},{"label":"111 (Th\u00e8me 07)","price":"","price_type":"flat_fee","image":61543},{"label":"112 (Th\u00e8me 07)","price":"","price_type":"flat_fee","image":61544},{"label":"113 (Th\u00e8me 08)","price":"","price_type":"flat_fee","image":61545},{"label":"114 (Th\u00e8me 08)","price":"","price_type":"flat_fee","image":61546},{"label":"115 (Th\u00e8me 08)","price":"","price_type":"flat_fee","image":61547},{"label":"116 (Th\u00e8me 08)","price":"","price_type":"flat_fee","image":61548},{"label":"117 (Th\u00e8me 08)","price":"","price_type":"flat_fee","image":61549},{"label":"118 (Th\u00e8me 08)","price":"","price_type":"flat_fee","image":61550},{"label":"119 (Th\u00e8me 08)","price":"","price_type":"flat_fee","image":61551},{"label":"120 (Th\u00e8me 08)","price":"","price_type":"flat_fee","image":61552},{"label":"121 (Th\u00e8me 08)","price":"","price_type":"flat_fee","image":61553},{"label":"122 (Th\u00e8me 08)","price":"","price_type":"flat_fee","image":61554},{"label":"123 (Th\u00e8me 08)","price":"","price_type":"flat_fee","image":61555},{"label":"124 (Th\u00e8me 08)","price":"","price_type":"flat_fee","image":61556},{"label":"125 (Th\u00e8me 08)","price":"","price_type":"flat_fee","image":61557},{"label":"126 (Th\u00e8me 08)","price":"","price_type":"flat_fee","image":61558},{"label":"127 (Th\u00e8me 08)","price":"","price_type":"flat_fee","image":61559},{"label":"128 (Th\u00e8me 08)","price":"","price_type":"flat_fee","image":61560},{"label":"129 (Th\u00e8me 09)","price":"","price_type":"flat_fee","image":61562},{"label":"130 (Th\u00e8me 09)","price":"","price_type":"flat_fee","image":61563},{"label":"131 (Th\u00e8me 09)","price":"","price_type":"flat_fee","image":61564},{"label":"132 (Th\u00e8me 09)","price":"","price_type":"flat_fee","image":61565},{"label":"133 (Th\u00e8me 09)","price":"","price_type":"flat_fee","image":61566},{"label":"134 (Th\u00e8me 09)","price":"","price_type":"flat_fee","image":61567},{"label":"135 (Th\u00e8me 09)","price":"","price_type":"flat_fee","image":61568},{"label":"136 (Th\u00e8me 09)","price":"","price_type":"flat_fee","image":61569},{"label":"137 (Th\u00e8me 09)","price":"","price_type":"flat_fee","image":61570},{"label":"138 (Th\u00e8me 09)","price":"","price_type":"flat_fee","image":61571},{"label":"139 (Th\u00e8me 09)","price":"","price_type":"flat_fee","image":61572},{"label":"140 (Th\u00e8me 09)","price":"","price_type":"flat_fee","image":61573},{"label":"141 (Th\u00e8me 09)","price":"","price_type":"flat_fee","image":61574},{"label":"142 (Th\u00e8me 09)","price":"","price_type":"flat_fee","image":61575},{"label":"143 (Th\u00e8me 09)","price":"","price_type":"flat_fee","image":61576},{"label":"144 (Th\u00e8me 09)","price":"","price_type":"flat_fee","image":61577},{"label":"145 (Th\u00e8me 10)","price":"","price_type":"flat_fee","image":61578},{"label":"146 (Th\u00e8me 10)","price":"","price_type":"flat_fee","image":61579},{"label":"147 (Th\u00e8me 10)","price":"","price_type":"flat_fee","image":61580},{"label":"148 (Th\u00e8me 10)","price":"","price_type":"flat_fee","image":61581},{"label":"149 (Th\u00e8me 10)","price":"","price_type":"flat_fee","image":61582},{"label":"150 (Th\u00e8me 10)","price":"","price_type":"flat_fee","image":61583},{"label":"151 (Th\u00e8me 10)","price":"","price_type":"flat_fee","image":61584},{"label":"152 (Th\u00e8me 10)","price":"","price_type":"flat_fee","image":61585},{"label":"153 (Th\u00e8me 10)","price":"","price_type":"flat_fee","image":61586},{"label":"154 (Th\u00e8me 10)","price":"","price_type":"flat_fee","image":61587},{"label":"155 (Th\u00e8me 10)","price":"","price_type":"flat_fee","image":61588},{"label":"156 (Th\u00e8me 10)","price":"","price_type":"flat_fee","image":61589},{"label":"157 (Th\u00e8me 10)","price":"","price_type":"flat_fee","image":61590},{"label":"158 (Th\u00e8me 10)","price":"","price_type":"flat_fee","image":61591},{"label":"159 (Th\u00e8me 10)","price":"","price_type":"flat_fee","image":61592},{"label":"160 (Th\u00e8me 10)","price":"","price_type":"flat_fee","image":61593},{"label":"161 (Th\u00e8me 11)","price":"","price_type":"flat_fee","image":61594},{"label":"162 (Th\u00e8me 11)","price":"","price_type":"flat_fee","image":61595},{"label":"163 (Th\u00e8me 11)","price":"","price_type":"flat_fee","image":61596},{"label":"164 (Th\u00e8me 11)","price":"","price_type":"flat_fee","image":61597},{"label":"165 (Th\u00e8me 11)","price":"","price_type":"flat_fee","image":61598},{"label":"166 (Th\u00e8me 11)","price":"","price_type":"flat_fee","image":61599},{"label":"167 (Th\u00e8me 11)","price":"","price_type":"flat_fee","image":61600},{"label":"168 (Th\u00e8me 11)","price":"","price_type":"flat_fee","image":61601},{"label":"169 (Th\u00e8me 11)","price":"","price_type":"flat_fee","image":61602},{"label":"170 (Th\u00e8me 11)","price":"","price_type":"flat_fee","image":61603},{"label":"171 (Th\u00e8me 11)","price":"","price_type":"flat_fee","image":61604},{"label":"172 (Th\u00e8me 11)","price":"","price_type":"flat_fee","image":61605},{"label":"173 (Th\u00e8me 11)","price":"","price_type":"flat_fee","image":61606},{"label":"174 (Th\u00e8me 11)","price":"","price_type":"flat_fee","image":61607},{"label":"175 (Th\u00e8me 11)","price":"","price_type":"flat_fee","image":61608},{"label":"176 (Th\u00e8me 11)","price":"","price_type":"flat_fee","image":61609},{"label":"177 (Th\u00e8me 12)","price":"","price_type":"flat_fee","image":61610},{"label":"178 (Th\u00e8me 12)","price":"","price_type":"flat_fee","image":61611},{"label":"179 (Th\u00e8me 12)","price":"","price_type":"flat_fee","image":61612},{"label":"180 (Th\u00e8me 12)","price":"","price_type":"flat_fee","image":61613},{"label":"181 (Th\u00e8me 12)","price":"","price_type":"flat_fee","image":61614},{"label":"182 (Th\u00e8me 12)","price":"","price_type":"flat_fee","image":61615},{"label":"183 (Th\u00e8me 12)","price":"","price_type":"flat_fee","image":61616},{"label":"184 (Th\u00e8me 12)","price":"","price_type":"flat_fee","image":61617},{"label":"185 (Th\u00e8me 13)","price":"","price_type":"flat_fee","image":61618},{"label":"186 (Th\u00e8me 13)","price":"","price_type":"flat_fee","image":61619},{"label":"187 (Th\u00e8me 13)","price":"","price_type":"flat_fee","image":61620},{"label":"188 (Th\u00e8me 13)","price":"","price_type":"flat_fee","image":61621},{"label":"189 (Th\u00e8me 13)","price":"","price_type":"flat_fee","image":61622},{"label":"190 (Th\u00e8me 13)","price":"","price_type":"flat_fee","image":61623},{"label":"191 (Th\u00e8me 13)","price":"","price_type":"flat_fee","image":61624},{"label":"192 (Th\u00e8me 13)","price":"","price_type":"flat_fee","image":61625},{"label":"193 (Th\u00e8me 14)","price":"","price_type":"flat_fee","image":61626},{"label":"194 (Th\u00e8me 14)","price":"","price_type":"flat_fee","image":61627},{"label":"195 (Th\u00e8me 14)","price":"","price_type":"flat_fee","image":61628},{"label":"196 (Th\u00e8me 14)","price":"","price_type":"flat_fee","image":61629},{"label":"197 (Th\u00e8me 14)","price":"","price_type":"flat_fee","image":61630},{"label":"198 (Th\u00e8me 14)","price":"","price_type":"flat_fee","image":61631},{"label":"199 (Th\u00e8me 14)","price":"","price_type":"flat_fee","image":61632},{"label":"200 (Th\u00e8me 14)","price":"","price_type":"flat_fee","image":61633},{"label":"201 (Th\u00e8me 15)","price":"","price_type":"flat_fee","image":61634},{"label":"202 (Th\u00e8me 15)","price":"","price_type":"flat_fee","image":61635},{"label":"203 (Th\u00e8me 15)","price":"","price_type":"flat_fee","image":61636},{"label":"204 (Th\u00e8me 15)","price":"","price_type":"flat_fee","image":61637},{"label":"205 (Th\u00e8me 15)","price":"","price_type":"flat_fee","image":61638},{"label":"206 (Th\u00e8me 15)","price":"","price_type":"flat_fee","image":61639},{"label":"207 (Th\u00e8me 15)","price":"","price_type":"flat_fee","image":61640},{"label":"208 (Th\u00e8me 15)","price":"","price_type":"flat_fee","image":61641},{"label":"209 (Th\u00e8me 16)","price":"","price_type":"flat_fee","image":61673},{"label":"210 (Th\u00e8me 16)","price":"","price_type":"flat_fee","image":61674},{"label":"211 (Th\u00e8me 16)","price":"","price_type":"flat_fee","image":61675},{"label":"212 (Th\u00e8me 16)","price":"","price_type":"flat_fee","image":61676},{"label":"213 (Th\u00e8me 16)","price":"","price_type":"flat_fee","image":61677},{"label":"214 (Th\u00e8me 16)","price":"","price_type":"flat_fee","image":61678},{"label":"215 (Th\u00e8me 16)","price":"","price_type":"flat_fee","image":61679},{"label":"216 (Th\u00e8me 16)","price":"","price_type":"flat_fee","image":61680},{"label":"217 (Th\u00e8me 17)","price":"","price_type":"flat_fee","image":61681},{"label":"218 (Th\u00e8me 17)","price":"","price_type":"flat_fee","image":61682},{"label":"219 (Th\u00e8me 17)","price":"","price_type":"flat_fee","image":61683},{"label":"220 (Th\u00e8me 17)","price":"","price_type":"flat_fee","image":61684},{"label":"221 (Th\u00e8me 17)","price":"","price_type":"flat_fee","image":61685},{"label":"222 (Th\u00e8me 17)","price":"","price_type":"flat_fee","image":61686},{"label":"223 (Th\u00e8me 17)","price":"","price_type":"flat_fee","image":61687},{"label":"224 (Th\u00e8me 17)","price":"","price_type":"flat_fee","image":61688}],"id":1727795060},{"name":"Tintenflasche f\u00fcr COLOP EOS Stempel","type":"multiple_choice","position":2,"required":false,"title_format":"heading","description_enable":true,"description":"Mit dieser praktischen Flasche geht Ihnen nie die Tinte aus. Sie ist ideal zum einfachen Nachf\u00fcllen Ihres COLOP EOS-Stempels.","placeholder_enable":false,"placeholder":"","display":"images","restrictions_type":"any_text","adjust_price":false,"price":"","price_type":"flat_fee","restrictions":false,"min":0,"max":0,"options":[{"label":"Flacon d'encre noire","price":"7.95","price_type":"flat_fee","image":61256},{"label":"Flacon d'encre bleue","price":"7.95","price_type":"flat_fee","image":61255},{"label":"Flacon d'encre rouge","price":"7.95","price_type":"flat_fee","image":61257},{"label":"Flacon d'encre verte","price":"7.95","price_type":"flat_fee","image":61258},{"label":"Flacon d'encre violette","price":"7.95","price_type":"flat_fee","image":61259}],"id":1727795061},{"name":"Fertigungsvideo","type":"checkbox","position":3,"required":false,"title_format":"heading","description_enable":true,"description":"Wir erstellen ein Video, das die einzelnen Schritte zur Herstellung Ihres Stempels zeigt und Ihnen dieses anschlie\u00dfend zusendet. Mit der Auswahl dieser Option erkl\u00e4ren Sie sich damit einverstanden, dass dieses Video in sozialen Medien und\/oder auf unserer Website geteilt werden kann. Bitte beachten Sie, dass wir aufgrund der hohen Nachfrage m\u00f6glicherweise nicht f\u00fcr jede Bestellung die Erstellung eines Videos garantieren k\u00f6nnen.","placeholder_enable":false,"placeholder":"","display":"select","restrictions_type":"any_text","adjust_price":false,"price":"","price_type":"flat_fee","restrictions":false,"min":0,"max":0,"options":[{"label":"Cr\u00e9er une vid\u00e9o","price":"","price_type":"flat_fee","image":0}],"id":1750772638}],"_links":{"self":[{"href":"https:\/\/www.hanko.lu\/de\/wp-json\/wp\/v2\/product\/61273","targetHints":{"allow":["GET"]}}],"collection":[{"href":"https:\/\/www.hanko.lu\/de\/wp-json\/wp\/v2\/product"}],"about":[{"href":"https:\/\/www.hanko.lu\/de\/wp-json\/wp\/v2\/types\/product"}],"replies":[{"embeddable":true,"href":"https:\/\/www.hanko.lu\/de\/wp-json\/wp\/v2\/comments?post=61273"}],"wp:featuredmedia":[{"embeddable":true,"href":"https:\/\/www.hanko.lu\/de\/wp-json\/wp\/v2\/media\/61671"}],"wp:attachment":[{"href":"https:\/\/www.hanko.lu\/de\/wp-json\/wp\/v2\/media?parent=61273"}],"wp:term":[{"taxonomy":"product_brand","embeddable":true,"href":"https:\/\/www.hanko.lu\/de\/wp-json\/wp\/v2\/product_brand?post=61273"},{"taxonomy":"product_cat","embeddable":true,"href":"https:\/\/www.hanko.lu\/de\/wp-json\/wp\/v2\/product_cat?post=61273"},{"taxonomy":"product_tag","embeddable":true,"href":"https:\/\/www.hanko.lu\/de\/wp-json\/wp\/v2\/product_tag?post=61273"}],"curies":[{"name":"wp","href":"https:\/\/api.w.org\/{rel}","templated":true}]}}