{"id":61830,"date":"2024-10-10T13:30:35","date_gmt":"2024-10-10T11:30:35","guid":{"rendered":"https:\/\/www.hanko.lu\/?post_type=product&#038;p=61830"},"modified":"2024-10-18T11:06:08","modified_gmt":"2024-10-18T09:06:08","slug":"plaque-texte-colop-eos-q30","status":"publish","type":"product","link":"https:\/\/www.hanko.lu\/de\/produkt\/plaque-texte-colop-eos-q30\/","title":{"rendered":"Textplatte f\u00fcr COLOP EOS Q30"},"content":{"rendered":"","protected":false},"excerpt":{"rendered":"<p>Anpassbare Textplatte f\u00fcr COLOP EOS Q30, inklusive Stempelkissen.<\/p>\n<p>Abmessungen: 30 x 30 mm | Max. 7 Zeilen | Lieferung in 48 Stunden*<\/p>","protected":false},"featured_media":61776,"comment_status":"open","ping_status":"closed","template":"","meta":[],"product_brand":[],"product_cat":[33,32],"product_tag":[],"class_list":{"0":"post-61830","1":"product","2":"type-product","3":"status-publish","4":"has-post-thumbnail","6":"product_cat-plaques-de-texte","7":"product_cat-plaques-colop-eos","8":"product_shipping_class-classe-l","10":"first","11":"instock","12":"taxable","13":"shipping-taxable","14":"purchasable","15":"product-type-variable","16":"has-default-attributes"},"exclude_global_add_ons":false,"addons":[{"name":"Tintenflasche f\u00fcr COLOP EOS Stempel","type":"multiple_choice","position":0,"required":false,"title_format":"heading","description_enable":true,"description":"Mit dieser praktischen Flasche geht Ihnen nie die Tinte aus. Sie ist ideal zum einfachen Nachf\u00fcllen Ihres COLOP EOS-Stempels.","placeholder_enable":false,"placeholder":"","display":"images","restrictions_type":"any_text","adjust_price":false,"price":"","price_type":"flat_fee","restrictions":false,"min":0,"max":0,"options":[{"label":"Flacon d'encre noire","price":"7.95","price_type":"flat_fee","image":61256},{"label":"Flacon d'encre bleue","price":"7.95","price_type":"flat_fee","image":61255},{"label":"Flacon d'encre rouge","price":"7.95","price_type":"flat_fee","image":61257},{"label":"Flacon d'encre verte","price":"7.95","price_type":"flat_fee","image":61258},{"label":"Flacon d'encre violette","price":"7.95","price_type":"flat_fee","image":61259}],"id":1727367648},{"name":"Importieren Sie eine Datei","type":"file_upload","position":0,"required":false,"title_format":"heading","description_enable":true,"description":"\u00dcber die Schaltfl\u00e4che unten k\u00f6nnen Sie eine Datei importieren, um die Platte Ihres Stempels zu personalisieren.","placeholder_enable":false,"placeholder":"","display":"select","restrictions_type":"any_text","adjust_price":false,"price":"","price_type":"quantity_based","restrictions":false,"min":0,"max":0,"options":[],"id":1727099281},{"name":"Personalisierung","type":"custom_textarea","position":1,"required":false,"title_format":"heading","description_enable":true,"description":"Geben Sie unten Ihren Wunschtext f\u00fcr die Stempelpersonalisierung ein. Gerne k\u00f6nnen Sie auch weitere Anmerkungen oder Hinweise hinzuf\u00fcgen.","placeholder_enable":false,"placeholder":"","display":"select","restrictions_type":"any_text","adjust_price":false,"price":"","price_type":"quantity_based","restrictions":false,"min":0,"max":0,"options":[],"id":1727099283},{"name":"Ausrichtung","type":"multiple_choice","position":2,"required":false,"title_format":"heading","description_enable":false,"description":"","placeholder_enable":false,"placeholder":"","display":"select","restrictions_type":"any_text","adjust_price":false,"price":"","price_type":"flat_fee","restrictions":false,"min":0,"max":0,"options":[{"label":"Texte centr\u00e9","price":"","price_type":"quantity_based","image":0},{"label":"Alignement \u00e0 gauche","price":"","price_type":"quantity_based","image":0},{"label":"Alignement \u00e0 droite","price":"","price_type":"quantity_based","image":0},{"label":"Justifi\u00e9","price":"","price_type":"quantity_based","image":0}],"id":1727099284},{"name":"Rahmen","type":"multiple_choice","position":3,"required":false,"title_format":"heading","description_enable":false,"description":"","placeholder_enable":false,"placeholder":"","display":"select","restrictions_type":"any_text","adjust_price":false,"price":"","price_type":"flat_fee","restrictions":false,"min":0,"max":0,"options":[{"label":"Sans cadre","price":"","price_type":"quantity_based","image":0},{"label":"Ajouter un cadre simple","price":"","price_type":"quantity_based","image":0},{"label":"Ajouter un double cadre","price":"","price_type":"quantity_based","image":0}],"id":1727099285},{"name":"Schriftart","type":"multiple_choice","position":4,"required":false,"title_format":"heading","description_enable":true,"description":"F\u00fcr beste Ergebnisse empfehlen wir die Verwendung serifenloser Schriftarten wie Arial oder Helvetica.","placeholder_enable":false,"placeholder":"","display":"select","restrictions_type":"any_text","adjust_price":false,"price":"","price_type":"flat_fee","restrictions":false,"min":0,"max":0,"options":[{"label":"Arial","price":"","price_type":"quantity_based","image":0},{"label":"Avant Garde","price":"","price_type":"quantity_based","image":0},{"label":"Futura","price":"","price_type":"quantity_based","image":0},{"label":"Helvetica","price":"","price_type":"quantity_based","image":0},{"label":"Verdana","price":"","price_type":"quantity_based","image":0},{"label":"Source Sans","price":"","price_type":"quantity_based","image":0},{"label":"Times New Roman","price":"","price_type":"quantity_based","image":0}],"id":1727099286},{"name":"Korrekturabzug","type":"checkbox","position":5,"required":false,"title_format":"heading","description_enable":true,"description":"Aktivieren Sie das K\u00e4stchen unten, um vor der Produktion einen Korrekturabzug zur Genehmigung zu erhalten.","placeholder_enable":false,"placeholder":"","display":"select","restrictions_type":"any_text","adjust_price":false,"price":"","price_type":"flat_fee","restrictions":false,"min":0,"max":0,"options":[{"label":"Recevoir une \u00e9preuve","price":"","price_type":"quantity_based","image":0}],"id":1727099287}],"_links":{"self":[{"href":"https:\/\/www.hanko.lu\/de\/wp-json\/wp\/v2\/product\/61830","targetHints":{"allow":["GET"]}}],"collection":[{"href":"https:\/\/www.hanko.lu\/de\/wp-json\/wp\/v2\/product"}],"about":[{"href":"https:\/\/www.hanko.lu\/de\/wp-json\/wp\/v2\/types\/product"}],"replies":[{"embeddable":true,"href":"https:\/\/www.hanko.lu\/de\/wp-json\/wp\/v2\/comments?post=61830"}],"wp:featuredmedia":[{"embeddable":true,"href":"https:\/\/www.hanko.lu\/de\/wp-json\/wp\/v2\/media\/61776"}],"wp:attachment":[{"href":"https:\/\/www.hanko.lu\/de\/wp-json\/wp\/v2\/media?parent=61830"}],"wp:term":[{"taxonomy":"product_brand","embeddable":true,"href":"https:\/\/www.hanko.lu\/de\/wp-json\/wp\/v2\/product_brand?post=61830"},{"taxonomy":"product_cat","embeddable":true,"href":"https:\/\/www.hanko.lu\/de\/wp-json\/wp\/v2\/product_cat?post=61830"},{"taxonomy":"product_tag","embeddable":true,"href":"https:\/\/www.hanko.lu\/de\/wp-json\/wp\/v2\/product_tag?post=61830"}],"curies":[{"name":"wp","href":"https:\/\/api.w.org\/{rel}","templated":true}]}}