{"id":112,"date":"2016-10-15T13:44:08","date_gmt":"2016-10-15T11:44:08","guid":{"rendered":"https:\/\/www.hanko.lu\/?page_id=112"},"modified":"2024-09-16T23:46:02","modified_gmt":"2024-09-16T21:46:02","slug":"frais-expedition-delais","status":"publish","type":"page","link":"https:\/\/www.hanko.lu\/en\/frais-expedition-delais\/","title":{"rendered":"Shipping and delivery costs"},"content":{"rendered":"<p>In general, your ink pads are manufactured and delivered within 1-2 working days. In Luxembourg, delivery is provided by the company <strong>Xpress Logistics<\/strong>.<\/p>\n\n\n\n<p>Shipping costs are calculated automatically based on the items in your cart and the country where they will be shipped. For Luxembourg, shipping costs are free from <strong>95,00\u20ac<\/strong> <sup>HT<\/sup> purchases. For the rest of Europe, shipping is free from\u00a0<strong>500,00\u20ac<\/strong> <sup>HT<\/sup>.<\/p>\n\n\n\n<h2 class=\"wp-block-heading\">Delivery options<\/h2>\n\n\n\n<p>When you place an order, you can provide delivery instructions: information on the delivery location, opening hours, etc. You also have the option of having it delivered on the day of your choice, but for organizational reasons, you must notify us at least 2 working days in advance. Finally, the package with your order can be left at a designated location: garage, garden, parcel box, at the neighbor&#039;s, etc.<\/p>\n\n\n\n<p><strong>Attention !<\/strong> We are unable to deliver your orders to POST Luxembourg PackUp stations.<\/p>\n\n\n\n<div style=\"height:50px\" aria-hidden=\"true\" class=\"wp-block-spacer\"><\/div>\n\n\n\n<hr class=\"wp-block-separator has-css-opacity is-style-wide\"\/>\n\n\n\n<div style=\"height:50px\" aria-hidden=\"true\" class=\"wp-block-spacer\"><\/div>\n\n\n\n<h2 class=\"wp-block-heading\">Price lists<\/h2>\n\n\n\n<p>Prices shown in the price lists below may change without notice.<\/p>\n\n\n\n<h4 class=\"wp-block-heading\">Delivery to the Grand Duchy of Luxembourg<\/h4>\n\n\n\n<figure class=\"wp-block-table\"><table class=\"has-background\" style=\"background-color:#f3f4f5\"><tbody><tr><td>All types of stamps<\/td><td><strong>4,60\u20ac<\/strong><sup> HT<\/sup><\/td><\/tr><tr><td>Ink bottles and ink cassettes<\/td><td><strong>2,40\u20ac<\/strong><sup> HT<\/sup><\/td><\/tr><tr><td>Rubber text plates<\/td><td><strong>2,40\u20ac<\/strong><sup> HT<\/sup><\/td><\/tr><tr><td>Order over \u20ac95.00 <sup>HT<\/sup><\/td><td><strong>Free<\/strong><\/td><\/tr><\/tbody><\/table><\/figure>\n\n\n\n<div style=\"height:40px\" aria-hidden=\"true\" class=\"wp-block-spacer\"><\/div>\n\n\n\n<h4 class=\"wp-block-heading\">Delivery to Europe<\/h4>\n\n\n\n<figure class=\"wp-block-table\"><table class=\"has-background\" style=\"background-color:#f3f4f5\"><tbody><tr><td>All types of stamps<\/td><td><strong>8,80\u20ac<\/strong><sup> HT<\/sup><\/td><\/tr><tr><td>Ink bottles and ink cassettes<\/td><td><strong>4,80\u20ac<\/strong><sup> HT<\/sup><\/td><\/tr><tr><td>Rubber text plates<\/td><td><strong>4,80\u20ac<\/strong><sup> HT<\/sup><\/td><\/tr><tr><td>Order over \u20ac300.00 <sup>HT<\/sup><\/td><td><strong>Free<\/strong><\/td><\/tr><\/tbody><\/table><\/figure>\n\n\n\n<div style=\"height:45px\" aria-hidden=\"true\" class=\"wp-block-spacer\"><\/div>\n\n\n\n<h4 class=\"wp-block-heading\">Delivery outside Europe<\/h4>\n\n\n\n<figure class=\"wp-block-table\"><table class=\"has-background\" style=\"background-color:#f3f4f5\"><tbody><tr><td>All types of stamps<\/td><td><strong>13,80\u20ac<\/strong><sup> HT<\/sup><\/td><\/tr><tr><td>Ink bottles and ink cassettes<\/td><td><strong>8,80\u20ac<\/strong><sup> HT<\/sup><\/td><\/tr><tr><td>Rubber text plates<\/td><td><strong>8,80\u20ac<\/strong><sup> HT<\/sup><\/td><\/tr><tr><td>Order over \u20ac1,500.00 <sup>HT<\/sup><\/td><td><strong>Free<\/strong><\/td><\/tr><\/tbody><\/table><\/figure>\n\n\n\n<p><\/p>","protected":false},"excerpt":{"rendered":"<p>En g\u00e9n\u00e9ral, vos tampons encreurs sont fabriqu\u00e9s et livr\u00e9s en 1-2 jours ouvrables. Au Luxembourg, la livraison est assur\u00e9e par la soci\u00e9t\u00e9 Xpress Logistics. Les frais de port sont calcul\u00e9s automatiquement suivant les articles dans votre panier et le pays o\u00f9 ceux-ci seront exp\u00e9di\u00e9s. Pour le Luxembourg, les frais de port sont gratuits \u00e0 partir [&hellip;]<\/p>\n","protected":false},"author":1,"featured_media":0,"parent":0,"menu_order":0,"comment_status":"closed","ping_status":"closed","template":"","meta":{"footnotes":""},"class_list":["post-112","page","type-page","status-publish","hentry"],"_links":{"self":[{"href":"https:\/\/www.hanko.lu\/en\/wp-json\/wp\/v2\/pages\/112","targetHints":{"allow":["GET"]}}],"collection":[{"href":"https:\/\/www.hanko.lu\/en\/wp-json\/wp\/v2\/pages"}],"about":[{"href":"https:\/\/www.hanko.lu\/en\/wp-json\/wp\/v2\/types\/page"}],"author":[{"embeddable":true,"href":"https:\/\/www.hanko.lu\/en\/wp-json\/wp\/v2\/users\/1"}],"replies":[{"embeddable":true,"href":"https:\/\/www.hanko.lu\/en\/wp-json\/wp\/v2\/comments?post=112"}],"version-history":[{"count":0,"href":"https:\/\/www.hanko.lu\/en\/wp-json\/wp\/v2\/pages\/112\/revisions"}],"wp:attachment":[{"href":"https:\/\/www.hanko.lu\/en\/wp-json\/wp\/v2\/media?parent=112"}],"curies":[{"name":"wp","href":"https:\/\/api.w.org\/{rel}","templated":true}]}}