{"id":1277,"date":"2017-02-11T19:06:31","date_gmt":"2017-02-11T18:06:31","guid":{"rendered":"https:\/\/www.hanko.lu\/?page_id=1277"},"modified":"2024-09-17T08:07:09","modified_gmt":"2024-09-17T06:07:09","slug":"creation-de-tampons-word","status":"publish","type":"page","link":"https:\/\/www.hanko.lu\/en\/creation-de-tampons-word\/","title":{"rendered":"Tutorial: Creating Stamps with Microsoft Word"},"content":{"rendered":"<h2>Introduction<\/h2>\n<p>Word is an easy-to-use word processing software that allows you to quickly create the designs that will be used to make your rubber stamps. In this tutorial we will create a design for the <a href=\"https:\/\/www.hanko.lu\/en\/product\/trodat-printy-4912\/\">Trodat Printy 4912<\/a> with name and address. Screenshots are from the English version of <strong>Word 2016 <\/strong>on Windows. In older versions or on Mac, the features used may be in different menus.<\/p>\n<h2>Preparation<\/h2>\n<figure id=\"attachment_1296\" aria-describedby=\"caption-attachment-1296\" style=\"width: 268px\" class=\"wp-caption alignright\"><img loading=\"lazy\" decoding=\"async\" class=\"size-full wp-image-1296\" src=\"https:\/\/www.hanko.lu\/wp-content\/uploads\/2017\/02\/hanko-word-tutorial-02-1.png\" alt=\"HANKO Luxembourg - Tutoriel Word\" width=\"268\" height=\"137\" \/><figcaption id=\"caption-attachment-1296\" class=\"wp-caption-text\"><strong>4.<\/strong> The paper size must match the dimensions of the stamp<\/figcaption><\/figure>\n<figure id=\"attachment_1290\" aria-describedby=\"caption-attachment-1290\" style=\"width: 261px\" class=\"wp-caption alignright\"><img loading=\"lazy\" decoding=\"async\" class=\"wp-image-1290 size-full\" src=\"https:\/\/www.hanko.lu\/wp-content\/uploads\/2017\/02\/hanko-word-tutorial-01.png\" alt=\"HANKO Luxembourg - Tutoriel Word\" width=\"261\" height=\"109\" \/><figcaption id=\"caption-attachment-1290\" class=\"wp-caption-text\"><strong>2.<\/strong> The \u201cMargins\u201d button in the \u201cLayout\u201d tab<\/figcaption><\/figure>\n<ol>\n<li>Open Microsoft Word and create a new document.<\/li>\n<li>In the \u201cLayout\u201d tab of the ribbon, click on the \u201c\u00a0<strong>Margins\u00a0<\/strong>\u00bb and choose \u00ab\u00a0<strong>Custom Margins\u00a0<\/strong>&quot;.<\/li>\n<li>A dialog box opens. In the fields <strong>Up, Right, Left <\/strong>and<strong> Down<\/strong> put 0.5mm.<\/li>\n<li>Still in the same dialog box, click on the \u201c <strong>Page<\/strong>&quot; In the fields <strong>Height and Width<\/strong> enter the dimensions that correspond to the stamp model you want; 47mm x 18mm in the case of the Trodat Printy 4912.<\/li>\n<li>\u00a0Validate by clicking OK. A warning about the print area will probably appear on the screen. You can ignore it because it does not concern the use that will be made of the document.<\/li>\n<\/ol>\n<h2>Composition<\/h2>\n<figure id=\"attachment_1307\" aria-describedby=\"caption-attachment-1307\" style=\"width: 266px\" class=\"wp-caption alignright\"><img loading=\"lazy\" decoding=\"async\" class=\"wp-image-1307 size-full\" src=\"https:\/\/www.hanko.lu\/wp-content\/uploads\/2017\/02\/hanko-word-tutorial-03-small.png\" alt=\"HANKO Luxembourg - Tutoriel - Cr\u00e9ation de tampons avec Word\" width=\"266\" height=\"102\" \/><figcaption id=\"caption-attachment-1307\" class=\"wp-caption-text\">Company address mockup with frame.<\/figcaption><\/figure>\n<p>You can now compose your mockup which can include text, frames, tables or even images (black and white only). When you are finished, we recommend that you print your mockup for evaluation. Check that the text is readable and that there are no spelling mistakes.<\/p>\n<h2>Export<\/h2>\n<figure id=\"attachment_1310\" aria-describedby=\"caption-attachment-1310\" style=\"width: 368px\" class=\"wp-caption alignright\"><img loading=\"lazy\" decoding=\"async\" class=\"size-full wp-image-1310\" src=\"https:\/\/www.hanko.lu\/wp-content\/uploads\/2017\/02\/hanko-word-tutorial-04.png\" alt=\"HANKO Luxembourg - Tutoriel Word\" width=\"368\" height=\"180\" \/><figcaption id=\"caption-attachment-1310\" class=\"wp-caption-text\">In the file type section, choose \u201cPDF\u201d<\/figcaption><\/figure>\n<p>Finally, export your mockup to PDF. There are several ways to do this:<\/p>\n<ul>\n<li>In the menu &quot;\u00a0<strong>File\u00a0<\/strong>&quot;, click on &quot;\u00a0<strong>Save as<\/strong>\u2026 \u00bb and in the part \u00ab\u00a0<strong>File format<\/strong>&quot; choose <strong>PDF<\/strong><\/li>\n<li>If you have Adobe Acrobat Pro installed, you will likely have a PDF tab in the ribbon that will display the option \u201c\u00a0<strong>Create a PDF<\/strong> \u00bb<\/li>\n<li>There are many plug-ins for Word that will allow you to export to PDF.<\/li>\n<li>There are online tools, easily found under Google, that allow you to convert your Word document to PDF<\/li>\n<\/ul>\n<h2>Order<\/h2>\n<p>You now have a production-ready mockup. Go to <a href=\"https:\/\/www.hanko.lu\/en\/\">www.hanko.lu<\/a>, <a href=\"https:\/\/www.hanko.lu\/en\/product-category\/tampons-automatiques\/trodat-printy\/?orderby=price\">choose your stamp model<\/a>, import your PDF file and finalize the order. In order to guarantee impeccable quality, all mockups are checked by our team before production. Can&#039;t create your mockup yourself? We&#039;ll take care of it! Simply send us a quote request by email to <a href=\"mailto:info@hanko.lu\">info@hanko.lu<\/a>. We will respond to you within 24 hours.<\/p>","protected":false},"excerpt":{"rendered":"<p>Introduction Word est un logiciel de traitement de texte facile \u00ad\u00e0 utiliser qui vous permet de cr\u00e9er rapidement les maquettes qui serviront \u00e0 fabriquer vos tampons en caoutchouc. Au cours de ce tutoriel nous allons cr\u00e9er une maquette pour le Trodat Printy 4912 avec nom et adresse. Les captures d\u2019\u00e9cran proviennent de la version anglaise [&hellip;]<\/p>\n","protected":false},"author":1,"featured_media":0,"parent":0,"menu_order":0,"comment_status":"closed","ping_status":"closed","template":"","meta":{"footnotes":""},"class_list":["post-1277","page","type-page","status-publish","hentry"],"_links":{"self":[{"href":"https:\/\/www.hanko.lu\/en\/wp-json\/wp\/v2\/pages\/1277","targetHints":{"allow":["GET"]}}],"collection":[{"href":"https:\/\/www.hanko.lu\/en\/wp-json\/wp\/v2\/pages"}],"about":[{"href":"https:\/\/www.hanko.lu\/en\/wp-json\/wp\/v2\/types\/page"}],"author":[{"embeddable":true,"href":"https:\/\/www.hanko.lu\/en\/wp-json\/wp\/v2\/users\/1"}],"replies":[{"embeddable":true,"href":"https:\/\/www.hanko.lu\/en\/wp-json\/wp\/v2\/comments?post=1277"}],"version-history":[{"count":0,"href":"https:\/\/www.hanko.lu\/en\/wp-json\/wp\/v2\/pages\/1277\/revisions"}],"wp:attachment":[{"href":"https:\/\/www.hanko.lu\/en\/wp-json\/wp\/v2\/media?parent=1277"}],"curies":[{"name":"wp","href":"https:\/\/api.w.org\/{rel}","templated":true}]}}