{"id":56659,"date":"2024-08-26T18:14:23","date_gmt":"2024-08-26T16:14:23","guid":{"rendered":"https:\/\/www.hanko.lu\/?post_type=product&#038;p=56659"},"modified":"2026-01-19T10:47:32","modified_gmt":"2026-01-19T09:47:32","slug":"dateur-trodat-professional-54110","status":"publish","type":"product","link":"https:\/\/www.hanko.lu\/en\/product\/dateur-trodat-professional-54110\/","title":{"rendered":"Trodat Professional 54110 Date Stamp"},"content":{"rendered":"<p>Trodat Professional 54110 date stamp with date and a rectangular customizable plate of 85 x 44mm.<\/p>\n<ul>\n<li>Stamp with date only or with personalized text<\/li>\n<li>Only available with the date in numbers (01-12-2036)<\/li>\n<li>The years wheel will allow you to use it for 12 years<\/li>\n<li>Integrated ink cassette: easy and clean change, does not dry out, no separate ink cassette required<\/li>\n<\/ul>\n<p><strong>Maximum plate size\u00a0<\/strong>: 85 x 44mm |\u00a0<strong>Ink pad:<\/strong> <a href=\"https:\/\/www.hanko.lu\/en\/product\/cassette-dencrage-trodat-6-511\/\">6\/511<\/a>, <a href=\"https:\/\/www.hanko.lu\/en\/product\/cassette-dencrage-trodat-6-511\/\">6\/511\/2<\/a><\/p>","protected":false},"excerpt":{"rendered":"<p>Trodat Professional 54110 date stamp with date and a rectangular customizable plate of 85 x 44mm.<\/p>","protected":false},"featured_media":47922,"comment_status":"closed","ping_status":"closed","template":"","meta":[],"product_brand":[940],"product_cat":[29],"product_tag":[],"class_list":{"0":"post-56659","1":"product","2":"type-product","3":"status-publish","4":"has-post-thumbnail","6":"product_brand-trodat","7":"product_cat-dateur-trodat-professional","8":"product_shipping_class-classe-l","10":"first","11":"instock","12":"taxable","13":"shipping-taxable","14":"purchasable","15":"product-type-simple"},"exclude_global_add_ons":true,"addons":[{"name":"Ink color","type":"multiple_choice","position":0,"required":true,"title_format":"heading","description_enable":false,"description":"","placeholder_enable":false,"placeholder":"","display":"images","restrictions_type":"any_text","adjust_price":false,"price":"","price_type":"flat_fee","restrictions":false,"min":0,"max":0,"options":[{"label":"Encre noire","price":"","price_type":"flat_fee","image":40714},{"label":"Encre bleue","price":"","price_type":"flat_fee","image":40713},{"label":"Encre rouge","price":"","price_type":"flat_fee","image":40715},{"label":"Bicolore (rouge\/bleu)","price":"4.90","price_type":"flat_fee","image":41602}],"id":1768819114},{"name":"Import a file","type":"file_upload","position":1,"required":false,"title_format":"heading","description_enable":true,"description":"You can import a file using the button below to customize your stamp plate.","placeholder_enable":false,"placeholder":"","display":"select","restrictions_type":"any_text","adjust_price":false,"price":"","price_type":"quantity_based","restrictions":false,"min":0,"max":0,"options":[],"id":1768819171},{"name":"Personalization","type":"custom_textarea","position":2,"required":false,"title_format":"heading","description_enable":true,"description":"Please enter your desired text for your stamp personalization below. Feel free to add any additional comments or instructions.","placeholder_enable":false,"placeholder":"","display":"select","restrictions_type":"any_text","adjust_price":false,"price":"","price_type":"quantity_based","restrictions":false,"min":0,"max":0,"options":[],"id":1768819172},{"name":"Alignment","type":"multiple_choice","position":3,"required":false,"title_format":"heading","description_enable":false,"description":"","placeholder_enable":false,"placeholder":"","display":"select","restrictions_type":"any_text","adjust_price":false,"price":"","price_type":"flat_fee","restrictions":false,"min":0,"max":0,"options":[{"label":"Texte centr\u00e9","price":"","price_type":"quantity_based","image":0},{"label":"Alignement \u00e0 gauche","price":"","price_type":"quantity_based","image":0},{"label":"Alignement \u00e0 droite","price":"","price_type":"quantity_based","image":0},{"label":"Justifi\u00e9","price":"","price_type":"quantity_based","image":0}],"id":1768819173},{"name":"Frame","type":"multiple_choice","position":4,"required":false,"title_format":"heading","description_enable":false,"description":"","placeholder_enable":false,"placeholder":"","display":"select","restrictions_type":"any_text","adjust_price":false,"price":"","price_type":"flat_fee","restrictions":false,"min":0,"max":0,"options":[{"label":"Sans cadre","price":"","price_type":"quantity_based","image":0},{"label":"Ajouter un cadre simple","price":"","price_type":"quantity_based","image":0},{"label":"Ajouter un double cadre","price":"","price_type":"quantity_based","image":0}],"id":1768819174},{"name":"Font","type":"multiple_choice","position":5,"required":false,"title_format":"heading","description_enable":true,"description":"For best results, we recommend using sans serif fonts like Arial or Helvetica.","placeholder_enable":false,"placeholder":"","display":"select","restrictions_type":"any_text","adjust_price":false,"price":"","price_type":"flat_fee","restrictions":false,"min":0,"max":0,"options":[{"label":"Arial","price":"","price_type":"quantity_based","image":0},{"label":"Avant Garde","price":"","price_type":"quantity_based","image":0},{"label":"Futura","price":"","price_type":"quantity_based","image":0},{"label":"Helvetica","price":"","price_type":"quantity_based","image":0},{"label":"Verdana","price":"","price_type":"quantity_based","image":0},{"label":"Source Sans","price":"","price_type":"quantity_based","image":0},{"label":"Times New Roman","price":"","price_type":"quantity_based","image":0}],"id":1768819175},{"name":"Layout proof","type":"checkbox","position":6,"required":false,"title_format":"heading","description_enable":true,"description":"Check the box below to receive a layout proof for approval before production.","placeholder_enable":false,"placeholder":"","display":"select","restrictions_type":"any_text","adjust_price":false,"price":"","price_type":"flat_fee","restrictions":false,"min":0,"max":0,"options":[{"label":"Recevoir une \u00e9preuve","price":"","price_type":"quantity_based","image":0}],"id":1768819176}],"_links":{"self":[{"href":"https:\/\/www.hanko.lu\/en\/wp-json\/wp\/v2\/product\/56659","targetHints":{"allow":["GET"]}}],"collection":[{"href":"https:\/\/www.hanko.lu\/en\/wp-json\/wp\/v2\/product"}],"about":[{"href":"https:\/\/www.hanko.lu\/en\/wp-json\/wp\/v2\/types\/product"}],"replies":[{"embeddable":true,"href":"https:\/\/www.hanko.lu\/en\/wp-json\/wp\/v2\/comments?post=56659"}],"wp:featuredmedia":[{"embeddable":true,"href":"https:\/\/www.hanko.lu\/en\/wp-json\/wp\/v2\/media\/47922"}],"wp:attachment":[{"href":"https:\/\/www.hanko.lu\/en\/wp-json\/wp\/v2\/media?parent=56659"}],"wp:term":[{"taxonomy":"product_brand","embeddable":true,"href":"https:\/\/www.hanko.lu\/en\/wp-json\/wp\/v2\/product_brand?post=56659"},{"taxonomy":"product_cat","embeddable":true,"href":"https:\/\/www.hanko.lu\/en\/wp-json\/wp\/v2\/product_cat?post=56659"},{"taxonomy":"product_tag","embeddable":true,"href":"https:\/\/www.hanko.lu\/en\/wp-json\/wp\/v2\/product_tag?post=56659"}],"curies":[{"name":"wp","href":"https:\/\/api.w.org\/{rel}","templated":true}]}}