{"id":57372,"date":"2024-08-26T18:24:17","date_gmt":"2024-08-26T16:24:17","guid":{"rendered":"https:\/\/www.hanko.lu\/?post_type=product&#038;p=57372"},"modified":"2024-08-26T18:24:29","modified_gmt":"2024-08-26T16:24:29","slug":"plaque-pour-colop-classic-line-2800","status":"publish","type":"product","link":"https:\/\/www.hanko.lu\/en\/product\/plaque-pour-colop-classic-line-2800\/","title":{"rendered":"Plate for Colop Classic Line 2800"},"content":{"rendered":"<p>Customizable rubber plate for your Colop Classic Line 2800. Very easy to install by yourself, all our plates are applied like a sticker and are delivered with an index card.<\/p>\n<p><strong>Maximum size of text plate <\/strong>: 68 x 49mm | Max. <strong>10 lines<\/strong><\/p>","protected":false},"excerpt":{"rendered":"<p>Don&#039;t forget to also replace the ink cartridge that is damaged by the old plate. Ink cartridge for Colop Classic Line 2800: E\/2800<\/p>","protected":false},"featured_media":48116,"comment_status":"closed","ping_status":"closed","template":"","meta":[],"product_brand":[],"product_cat":[33,358],"product_tag":[],"class_list":{"0":"post-57372","1":"product","2":"type-product","3":"status-publish","4":"has-post-thumbnail","6":"product_cat-plaques-de-texte","7":"product_cat-colop-heavy-duty-plaques-de-texte","8":"product_shipping_class-classe-s","10":"first","11":"instock","12":"taxable","13":"shipping-taxable","14":"purchasable","15":"product-type-simple"},"exclude_global_add_ons":false,"addons":[{"name":"Import a file","type":"file_upload","position":0,"required":false,"title_format":"heading","description_enable":true,"description":"You can import a file using the button below to customize your stamp plate.","placeholder_enable":false,"placeholder":"","display":"select","restrictions_type":"any_text","adjust_price":false,"price":"","price_type":"quantity_based","restrictions":false,"min":0,"max":0,"options":[],"id":1727099281},{"name":"Personalization","type":"custom_textarea","position":1,"required":false,"title_format":"heading","description_enable":true,"description":"Please enter your desired text for your stamp personalization below. Feel free to add any additional comments or instructions.","placeholder_enable":false,"placeholder":"","display":"select","restrictions_type":"any_text","adjust_price":false,"price":"","price_type":"quantity_based","restrictions":false,"min":0,"max":0,"options":[],"id":1727099283},{"name":"Alignment","type":"multiple_choice","position":2,"required":false,"title_format":"heading","description_enable":false,"description":"","placeholder_enable":false,"placeholder":"","display":"select","restrictions_type":"any_text","adjust_price":false,"price":"","price_type":"flat_fee","restrictions":false,"min":0,"max":0,"options":[{"label":"Texte centr\u00e9","price":"","price_type":"quantity_based","image":0},{"label":"Alignement \u00e0 gauche","price":"","price_type":"quantity_based","image":0},{"label":"Alignement \u00e0 droite","price":"","price_type":"quantity_based","image":0},{"label":"Justifi\u00e9","price":"","price_type":"quantity_based","image":0}],"id":1727099284},{"name":"Frame","type":"multiple_choice","position":3,"required":false,"title_format":"heading","description_enable":false,"description":"","placeholder_enable":false,"placeholder":"","display":"select","restrictions_type":"any_text","adjust_price":false,"price":"","price_type":"flat_fee","restrictions":false,"min":0,"max":0,"options":[{"label":"Sans cadre","price":"","price_type":"quantity_based","image":0},{"label":"Ajouter un cadre simple","price":"","price_type":"quantity_based","image":0},{"label":"Ajouter un double cadre","price":"","price_type":"quantity_based","image":0}],"id":1727099285},{"name":"Font","type":"multiple_choice","position":4,"required":false,"title_format":"heading","description_enable":true,"description":"For best results, we recommend using sans serif fonts like Arial or Helvetica.","placeholder_enable":false,"placeholder":"","display":"select","restrictions_type":"any_text","adjust_price":false,"price":"","price_type":"flat_fee","restrictions":false,"min":0,"max":0,"options":[{"label":"Arial","price":"","price_type":"quantity_based","image":0},{"label":"Avant Garde","price":"","price_type":"quantity_based","image":0},{"label":"Futura","price":"","price_type":"quantity_based","image":0},{"label":"Helvetica","price":"","price_type":"quantity_based","image":0},{"label":"Verdana","price":"","price_type":"quantity_based","image":0},{"label":"Source Sans","price":"","price_type":"quantity_based","image":0},{"label":"Times New Roman","price":"","price_type":"quantity_based","image":0}],"id":1727099286},{"name":"Layout proof","type":"checkbox","position":5,"required":false,"title_format":"heading","description_enable":true,"description":"Check the box below to receive a layout proof for approval before production.","placeholder_enable":false,"placeholder":"","display":"select","restrictions_type":"any_text","adjust_price":false,"price":"","price_type":"flat_fee","restrictions":false,"min":0,"max":0,"options":[{"label":"Recevoir une \u00e9preuve","price":"","price_type":"quantity_based","image":0}],"id":1727099287}],"_links":{"self":[{"href":"https:\/\/www.hanko.lu\/en\/wp-json\/wp\/v2\/product\/57372","targetHints":{"allow":["GET"]}}],"collection":[{"href":"https:\/\/www.hanko.lu\/en\/wp-json\/wp\/v2\/product"}],"about":[{"href":"https:\/\/www.hanko.lu\/en\/wp-json\/wp\/v2\/types\/product"}],"replies":[{"embeddable":true,"href":"https:\/\/www.hanko.lu\/en\/wp-json\/wp\/v2\/comments?post=57372"}],"wp:featuredmedia":[{"embeddable":true,"href":"https:\/\/www.hanko.lu\/en\/wp-json\/wp\/v2\/media\/48116"}],"wp:attachment":[{"href":"https:\/\/www.hanko.lu\/en\/wp-json\/wp\/v2\/media?parent=57372"}],"wp:term":[{"taxonomy":"product_brand","embeddable":true,"href":"https:\/\/www.hanko.lu\/en\/wp-json\/wp\/v2\/product_brand?post=57372"},{"taxonomy":"product_cat","embeddable":true,"href":"https:\/\/www.hanko.lu\/en\/wp-json\/wp\/v2\/product_cat?post=57372"},{"taxonomy":"product_tag","embeddable":true,"href":"https:\/\/www.hanko.lu\/en\/wp-json\/wp\/v2\/product_tag?post=57372"}],"curies":[{"name":"wp","href":"https:\/\/api.w.org\/{rel}","templated":true}]}}