{"id":57679,"date":"2024-08-26T18:28:06","date_gmt":"2024-08-26T16:28:06","guid":{"rendered":"https:\/\/www.hanko.lu\/?post_type=product&#038;p=57679"},"modified":"2025-03-21T10:22:21","modified_gmt":"2025-03-21T09:22:21","slug":"colop-printer-r17-porte-cle","status":"publish","type":"product","link":"https:\/\/www.hanko.lu\/en\/product\/colop-printer-r17-porte-cle\/","title":{"rendered":"COLOP Printer R17 Keychain"},"content":{"rendered":"","protected":false},"excerpt":{"rendered":"<p>The COLOP Printer R17 is a plastic automatic stamp with a round text plate. This model has a key chain.<\/p>\n<p><strong>Maximum size of text plate <\/strong>: \u00d817 mm | Max. <strong>4 lines<\/strong><\/p>","protected":false},"featured_media":49226,"comment_status":"open","ping_status":"closed","template":"","meta":[],"product_brand":[],"product_cat":[24],"product_tag":[],"class_list":{"0":"post-57679","1":"product","2":"type-product","3":"status-publish","4":"has-post-thumbnail","6":"product_cat-colop-printer","7":"product_shipping_class-classe-l","9":"first","10":"instock","11":"taxable","12":"shipping-taxable","13":"purchasable","14":"product-type-simple"},"exclude_global_add_ons":false,"addons":[{"name":"Ink color","type":"multiple_choice","position":1,"required":true,"title_format":"heading","description_enable":false,"description":"","placeholder_enable":false,"placeholder":"","display":"images","restrictions_type":"any_text","adjust_price":false,"price":"","price_type":"flat_fee","restrictions":false,"min":0,"max":0,"options":[{"label":"Encre noire","price":"","price_type":"flat_fee","image":40714},{"label":"Encre bleue","price":"","price_type":"flat_fee","image":40713},{"label":"Encre rouge","price":"","price_type":"flat_fee","image":40715},{"label":"Encre verte","price":"1","price_type":"flat_fee","image":40716},{"label":"Sans encre","price":"","price_type":"flat_fee","image":40720}],"id":1742552529},{"name":"Manufacturing video","type":"checkbox","position":0,"required":false,"title_format":"heading","description_enable":true,"description":"We offer you a video showcasing the different stages of your stamp\u2019s production, which we will send to you afterwards. By choosing this option, you agree that the video may be published on our social media and\/or website. Please note that if your stamp contains personal information, it will appear in the video. In case of high demand, however, we cannot guarantee the production of a video for every order.","placeholder_enable":false,"placeholder":"","display":"select","restrictions_type":"any_text","adjust_price":false,"price":"","price_type":"flat_fee","restrictions":false,"min":0,"max":0,"options":[{"label":"Cr\u00e9er une vid\u00e9o","price":"","price_type":"flat_fee","image":0}],"id":1750771751},{"name":"Import a file","type":"file_upload","position":0,"required":false,"title_format":"heading","description_enable":true,"description":"You can import a file using the button below to customize your stamp plate.","placeholder_enable":false,"placeholder":"","display":"select","restrictions_type":"any_text","adjust_price":false,"price":"","price_type":"quantity_based","restrictions":false,"min":0,"max":0,"options":[],"id":1727099281},{"name":"Personalization","type":"custom_textarea","position":1,"required":false,"title_format":"heading","description_enable":true,"description":"Please enter your desired text for your stamp personalization below. Feel free to add any additional comments or instructions.","placeholder_enable":false,"placeholder":"","display":"select","restrictions_type":"any_text","adjust_price":false,"price":"","price_type":"quantity_based","restrictions":false,"min":0,"max":0,"options":[],"id":1727099283},{"name":"Alignment","type":"multiple_choice","position":2,"required":false,"title_format":"heading","description_enable":false,"description":"","placeholder_enable":false,"placeholder":"","display":"select","restrictions_type":"any_text","adjust_price":false,"price":"","price_type":"flat_fee","restrictions":false,"min":0,"max":0,"options":[{"label":"Texte centr\u00e9","price":"","price_type":"quantity_based","image":0},{"label":"Alignement \u00e0 gauche","price":"","price_type":"quantity_based","image":0},{"label":"Alignement \u00e0 droite","price":"","price_type":"quantity_based","image":0},{"label":"Justifi\u00e9","price":"","price_type":"quantity_based","image":0}],"id":1727099284},{"name":"Frame","type":"multiple_choice","position":3,"required":false,"title_format":"heading","description_enable":false,"description":"","placeholder_enable":false,"placeholder":"","display":"select","restrictions_type":"any_text","adjust_price":false,"price":"","price_type":"flat_fee","restrictions":false,"min":0,"max":0,"options":[{"label":"Sans cadre","price":"","price_type":"quantity_based","image":0},{"label":"Ajouter un cadre simple","price":"","price_type":"quantity_based","image":0},{"label":"Ajouter un double cadre","price":"","price_type":"quantity_based","image":0}],"id":1727099285},{"name":"Font","type":"multiple_choice","position":4,"required":false,"title_format":"heading","description_enable":true,"description":"For best results, we recommend using sans serif fonts like Arial or Helvetica.","placeholder_enable":false,"placeholder":"","display":"select","restrictions_type":"any_text","adjust_price":false,"price":"","price_type":"flat_fee","restrictions":false,"min":0,"max":0,"options":[{"label":"Arial","price":"","price_type":"quantity_based","image":0},{"label":"Avant Garde","price":"","price_type":"quantity_based","image":0},{"label":"Futura","price":"","price_type":"quantity_based","image":0},{"label":"Helvetica","price":"","price_type":"quantity_based","image":0},{"label":"Verdana","price":"","price_type":"quantity_based","image":0},{"label":"Source Sans","price":"","price_type":"quantity_based","image":0},{"label":"Times New Roman","price":"","price_type":"quantity_based","image":0}],"id":1727099286},{"name":"Layout proof","type":"checkbox","position":5,"required":false,"title_format":"heading","description_enable":true,"description":"Check the box below to receive a layout proof for approval before production.","placeholder_enable":false,"placeholder":"","display":"select","restrictions_type":"any_text","adjust_price":false,"price":"","price_type":"flat_fee","restrictions":false,"min":0,"max":0,"options":[{"label":"Recevoir une \u00e9preuve","price":"","price_type":"quantity_based","image":0}],"id":1727099287}],"_links":{"self":[{"href":"https:\/\/www.hanko.lu\/en\/wp-json\/wp\/v2\/product\/57679","targetHints":{"allow":["GET"]}}],"collection":[{"href":"https:\/\/www.hanko.lu\/en\/wp-json\/wp\/v2\/product"}],"about":[{"href":"https:\/\/www.hanko.lu\/en\/wp-json\/wp\/v2\/types\/product"}],"replies":[{"embeddable":true,"href":"https:\/\/www.hanko.lu\/en\/wp-json\/wp\/v2\/comments?post=57679"}],"wp:featuredmedia":[{"embeddable":true,"href":"https:\/\/www.hanko.lu\/en\/wp-json\/wp\/v2\/media\/49226"}],"wp:attachment":[{"href":"https:\/\/www.hanko.lu\/en\/wp-json\/wp\/v2\/media?parent=57679"}],"wp:term":[{"taxonomy":"product_brand","embeddable":true,"href":"https:\/\/www.hanko.lu\/en\/wp-json\/wp\/v2\/product_brand?post=57679"},{"taxonomy":"product_cat","embeddable":true,"href":"https:\/\/www.hanko.lu\/en\/wp-json\/wp\/v2\/product_cat?post=57679"},{"taxonomy":"product_tag","embeddable":true,"href":"https:\/\/www.hanko.lu\/en\/wp-json\/wp\/v2\/product_tag?post=57679"}],"curies":[{"name":"wp","href":"https:\/\/api.w.org\/{rel}","templated":true}]}}