{"id":57806,"date":"2024-08-26T18:29:56","date_gmt":"2024-08-26T16:29:56","guid":{"rendered":"https:\/\/www.hanko.lu\/?post_type=product&#038;p=57806"},"modified":"2025-11-12T19:44:12","modified_gmt":"2025-11-12T18:44:12","slug":"tampon-bois-personnalise-60x20mm","status":"publish","type":"product","link":"https:\/\/www.hanko.lu\/en\/product\/tampon-bois-personnalise-60x20mm\/","title":{"rendered":"Custom wooden stamp 60 x 20 mm"},"content":{"rendered":"<p>Wooden stamp combining quality and durability for your professional or creative needs. Customizable rubber plate, allowing you to add text, logo or image of your choice.<\/p>\n<p style=\"margin-bottom: 20px;\">Stamp made of varnished beech wood, FSC certified.<\/p>\n<p><img loading=\"lazy\" decoding=\"async\" class=\"alignleft size-medium wp-image-42911\" role=\"img\" src=\"https:\/\/www.hanko.lu\/wp-content\/uploads\/2023\/02\/fsc-label.svg\" alt=\"FSC Label\" width=\"300\" height=\"300\" \/><\/p>","protected":false},"excerpt":{"rendered":"<p>Dimensions: 60 x 20 mm | Delivery within 48 hours*<\/p>","protected":false},"featured_media":49421,"comment_status":"open","ping_status":"closed","template":"","meta":[],"product_brand":[],"product_cat":[38],"product_tag":[],"class_list":{"0":"post-57806","1":"product","2":"type-product","3":"status-publish","4":"has-post-thumbnail","6":"product_cat-tampons-en-bois","7":"product_shipping_class-classe-l","9":"first","10":"instock","11":"taxable","12":"shipping-taxable","13":"purchasable","14":"product-type-simple"},"exclude_global_add_ons":false,"addons":[{"name":"Trodat 9051 Ink Pad","type":"multiple_choice","position":0,"required":false,"title_format":"label","description_enable":true,"description":"Add a classic ink pad to your order. Pad dimensions: 90 x 50 mm.","placeholder_enable":false,"placeholder":"","display":"images","restrictions_type":"any_text","adjust_price":false,"price":"","price_type":"flat_fee","restrictions":false,"min":0,"max":0,"options":[{"label":"Encre bleue","price":"4.95","price_type":"flat_fee","image":44719},{"label":"Encre rouge","price":"4.95","price_type":"flat_fee","image":44721},{"label":"Encre verte","price":"4.95","price_type":"flat_fee","image":44722},{"label":"Encre violette","price":"4.95","price_type":"flat_fee","image":44723}],"id":1729863392},{"name":"COLOP MAKE 1 ink pad","type":"multiple_choice","position":1,"required":false,"title_format":"label","description_enable":true,"description":"Add a high-quality ink pad to your order for exceptional prints. Pad dimensions: 90 x 50 mm.","placeholder_enable":false,"placeholder":"","display":"images","restrictions_type":"any_text","adjust_price":false,"price":"","price_type":"flat_fee","restrictions":false,"min":0,"max":0,"options":[{"label":"Brave Red","price":"5.90","price_type":"flat_fee","image":40614},{"label":"Calm Blue","price":"5.90","price_type":"flat_fee","image":40615},{"label":"Cozy Red","price":"5.90","price_type":"flat_fee","image":40616},{"label":"Fancy Grey","price":"5.90","price_type":"flat_fee","image":40617},{"label":"Fir Forest","price":"5.90","price_type":"flat_fee","image":40618},{"label":"Fresh Mint","price":"5.90","price_type":"flat_fee","image":40619},{"label":"Lovable Lavender","price":"5.90","price_type":"flat_fee","image":40621},{"label":"Noble Blue","price":"5.90","price_type":"flat_fee","image":40622},{"label":"Shiny Orange","price":"5.90","price_type":"flat_fee","image":40623},{"label":"Shiny Pink","price":"5.90","price_type":"flat_fee","image":40624},{"label":"Silent Sea","price":"5.90","price_type":"flat_fee","image":40625},{"label":"Smooth Green","price":"5.90","price_type":"flat_fee","image":40626},{"label":"Soft Pink","price":"5.90","price_type":"flat_fee","image":40627}],"id":1729863391},{"name":"Manufacturing video","type":"checkbox","position":0,"required":false,"title_format":"heading","description_enable":true,"description":"We offer you a video showcasing the different stages of your stamp\u2019s production, which we will send to you afterwards. By choosing this option, you agree that the video may be published on our social media and\/or website. Please note that if your stamp contains personal information, it will appear in the video. In case of high demand, however, we cannot guarantee the production of a video for every order.","placeholder_enable":false,"placeholder":"","display":"select","restrictions_type":"any_text","adjust_price":false,"price":"","price_type":"flat_fee","restrictions":false,"min":0,"max":0,"options":[{"label":"Cr\u00e9er une vid\u00e9o","price":"","price_type":"flat_fee","image":0}],"id":1750771751},{"name":"Import a file","type":"file_upload","position":0,"required":false,"title_format":"heading","description_enable":true,"description":"You can import a file using the button below to customize your stamp plate.","placeholder_enable":false,"placeholder":"","display":"select","restrictions_type":"any_text","adjust_price":false,"price":"","price_type":"quantity_based","restrictions":false,"min":0,"max":0,"options":[],"id":1727099281},{"name":"Personalization","type":"custom_textarea","position":1,"required":false,"title_format":"heading","description_enable":true,"description":"Please enter your desired text for your stamp personalization below. Feel free to add any additional comments or instructions.","placeholder_enable":false,"placeholder":"","display":"select","restrictions_type":"any_text","adjust_price":false,"price":"","price_type":"quantity_based","restrictions":false,"min":0,"max":0,"options":[],"id":1727099283},{"name":"Alignment","type":"multiple_choice","position":2,"required":false,"title_format":"heading","description_enable":false,"description":"","placeholder_enable":false,"placeholder":"","display":"select","restrictions_type":"any_text","adjust_price":false,"price":"","price_type":"flat_fee","restrictions":false,"min":0,"max":0,"options":[{"label":"Texte centr\u00e9","price":"","price_type":"quantity_based","image":0},{"label":"Alignement \u00e0 gauche","price":"","price_type":"quantity_based","image":0},{"label":"Alignement \u00e0 droite","price":"","price_type":"quantity_based","image":0},{"label":"Justifi\u00e9","price":"","price_type":"quantity_based","image":0}],"id":1727099284},{"name":"Frame","type":"multiple_choice","position":3,"required":false,"title_format":"heading","description_enable":false,"description":"","placeholder_enable":false,"placeholder":"","display":"select","restrictions_type":"any_text","adjust_price":false,"price":"","price_type":"flat_fee","restrictions":false,"min":0,"max":0,"options":[{"label":"Sans cadre","price":"","price_type":"quantity_based","image":0},{"label":"Ajouter un cadre simple","price":"","price_type":"quantity_based","image":0},{"label":"Ajouter un double cadre","price":"","price_type":"quantity_based","image":0}],"id":1727099285},{"name":"Font","type":"multiple_choice","position":4,"required":false,"title_format":"heading","description_enable":true,"description":"For best results, we recommend using sans serif fonts like Arial or Helvetica.","placeholder_enable":false,"placeholder":"","display":"select","restrictions_type":"any_text","adjust_price":false,"price":"","price_type":"flat_fee","restrictions":false,"min":0,"max":0,"options":[{"label":"Arial","price":"","price_type":"quantity_based","image":0},{"label":"Avant Garde","price":"","price_type":"quantity_based","image":0},{"label":"Futura","price":"","price_type":"quantity_based","image":0},{"label":"Helvetica","price":"","price_type":"quantity_based","image":0},{"label":"Verdana","price":"","price_type":"quantity_based","image":0},{"label":"Source Sans","price":"","price_type":"quantity_based","image":0},{"label":"Times New Roman","price":"","price_type":"quantity_based","image":0}],"id":1727099286},{"name":"Layout proof","type":"checkbox","position":5,"required":false,"title_format":"heading","description_enable":true,"description":"Check the box below to receive a layout proof for approval before production.","placeholder_enable":false,"placeholder":"","display":"select","restrictions_type":"any_text","adjust_price":false,"price":"","price_type":"flat_fee","restrictions":false,"min":0,"max":0,"options":[{"label":"Recevoir une \u00e9preuve","price":"","price_type":"quantity_based","image":0}],"id":1727099287}],"_links":{"self":[{"href":"https:\/\/www.hanko.lu\/en\/wp-json\/wp\/v2\/product\/57806","targetHints":{"allow":["GET"]}}],"collection":[{"href":"https:\/\/www.hanko.lu\/en\/wp-json\/wp\/v2\/product"}],"about":[{"href":"https:\/\/www.hanko.lu\/en\/wp-json\/wp\/v2\/types\/product"}],"replies":[{"embeddable":true,"href":"https:\/\/www.hanko.lu\/en\/wp-json\/wp\/v2\/comments?post=57806"}],"wp:featuredmedia":[{"embeddable":true,"href":"https:\/\/www.hanko.lu\/en\/wp-json\/wp\/v2\/media\/49421"}],"wp:attachment":[{"href":"https:\/\/www.hanko.lu\/en\/wp-json\/wp\/v2\/media?parent=57806"}],"wp:term":[{"taxonomy":"product_brand","embeddable":true,"href":"https:\/\/www.hanko.lu\/en\/wp-json\/wp\/v2\/product_brand?post=57806"},{"taxonomy":"product_cat","embeddable":true,"href":"https:\/\/www.hanko.lu\/en\/wp-json\/wp\/v2\/product_cat?post=57806"},{"taxonomy":"product_tag","embeddable":true,"href":"https:\/\/www.hanko.lu\/en\/wp-json\/wp\/v2\/product_tag?post=57806"}],"curies":[{"name":"wp","href":"https:\/\/api.w.org\/{rel}","templated":true}]}}