{"id":59789,"date":"2024-08-26T18:54:08","date_gmt":"2024-08-26T16:54:08","guid":{"rendered":"https:\/\/www.hanko.lu\/?post_type=product&#038;p=59789"},"modified":"2025-09-09T10:20:49","modified_gmt":"2025-09-09T08:20:49","slug":"colop-eos-50-xpress-tampon-flash-personnalise","status":"publish","type":"product","link":"https:\/\/www.hanko.lu\/en\/product\/colop-eos-50-xpress-tampon-flash-personnalise\/","title":{"rendered":"COLOP EOS 50 Xpress \u2013 Black ink"},"content":{"rendered":"<h3>COLOP EOS \u2013 The stamp revolution thanks to Flash technology<\/h3>\n<p>THE\u00a0<strong>COLOP EOS 50 Xpress<\/strong>\u00a0stands out for its manufacturing using technology\u00a0<strong>Flash<\/strong>, the most advanced method in the stamp industry. This innovation produces impressions of exceptional clarity and precision, far surpassing those of traditional rubber stamps. With an EOS stamp, you can create up to\u00a0<strong>20,000 footprints<\/strong>, which is double the size of a conventional tampon, thus guaranteeing optimum durability.<\/p>\n<h3>Advantages of COLOP EOS stamps over rubber stamps:<\/h3>\n<ul>\n<li><strong>Pre-inked plates<\/strong>\u00a0: Flash stamps are equipped with pre-inked plates, eliminating the need for ink cartridges. This simplifies use and reduces additional costs.<\/li>\n<li><strong>Superior print quality<\/strong>\u00a0: thanks to their innovative design, the prints produced are sharper and more precise, making them ideal for logos and small text. Your message will always be perfectly visible.<\/li>\n<li><strong>Long lasting ink<\/strong>\u00a0: The oil-based ink used in these stamps is not only more durable, but it also offers increased water resistance, ensuring your prints stand up to the elements.<\/li>\n<li><strong>Ergonomic design<\/strong>\u00a0: The COLOP EOS stamp housing is lightweight and ergonomic, making it easy to handle, even for large models. This means you can stamp effortlessly, regardless of the volume of work.<\/li>\n<li><strong>Easy re-inking<\/strong>\u00a0: The design of these stamps allows for easy, mess-free re-inking, ensuring convenient and clean use every time.<\/li>\n<\/ul>","protected":false},"excerpt":{"rendered":"<p>Dimensions: 69 x 30 mm | Max. 7 lines | Ready in 1 hour<\/p>\n<div class=\"wc-block-components-notice-banner is-info custom-notice\">\n<p>This stamp can be made and ready for collection in our workshop in less than an hour, subject to availability.<\/p>\n<\/div>","protected":false},"featured_media":61208,"comment_status":"open","ping_status":"closed","template":"","meta":[],"product_brand":[],"product_cat":[20],"product_tag":[932],"class_list":{"0":"post-59789","1":"product","2":"type-product","3":"status-publish","4":"has-post-thumbnail","6":"product_cat-eos","7":"product_tag-tampon-xpress","8":"product_shipping_class-classe-l","10":"first","11":"instock","12":"taxable","13":"shipping-taxable","14":"purchasable","15":"product-type-simple"},"exclude_global_add_ons":false,"addons":[{"name":"Manufacturing video","type":"checkbox","position":0,"required":false,"title_format":"heading","description_enable":true,"description":"We offer you a video showcasing the different stages of your stamp\u2019s production, which we will send to you afterwards. By choosing this option, you agree that the video may be published on our social media and\/or website. Please note that if your stamp contains personal information, it will appear in the video. In case of high demand, however, we cannot guarantee the production of a video for every order.","placeholder_enable":false,"placeholder":"","display":"select","restrictions_type":"any_text","adjust_price":false,"price":"","price_type":"flat_fee","restrictions":false,"min":0,"max":0,"options":[{"label":"Cr\u00e9er une vid\u00e9o","price":"","price_type":"flat_fee","image":0}],"id":1750771751},{"name":"Ink bottle for COLOP EOS stamps","type":"multiple_choice","position":0,"required":false,"title_format":"heading","description_enable":true,"description":"Never run out of ink with this handy bottle, ideal for easily re-inking your COLOP EOS stamp.","placeholder_enable":false,"placeholder":"","display":"images","restrictions_type":"any_text","adjust_price":false,"price":"","price_type":"flat_fee","restrictions":false,"min":0,"max":0,"options":[{"label":"Flacon d'encre noire","price":"7.95","price_type":"flat_fee","image":61256},{"label":"Flacon d'encre bleue","price":"7.95","price_type":"flat_fee","image":61255},{"label":"Flacon d'encre rouge","price":"7.95","price_type":"flat_fee","image":61257},{"label":"Flacon d'encre verte","price":"7.95","price_type":"flat_fee","image":61258},{"label":"Flacon d'encre violette","price":"7.95","price_type":"flat_fee","image":61259}],"id":1727367648},{"name":"Import a file","type":"file_upload","position":0,"required":false,"title_format":"heading","description_enable":true,"description":"You can import a file using the button below to customize your stamp plate.","placeholder_enable":false,"placeholder":"","display":"select","restrictions_type":"any_text","adjust_price":false,"price":"","price_type":"quantity_based","restrictions":false,"min":0,"max":0,"options":[],"id":1727099281},{"name":"Personalization","type":"custom_textarea","position":1,"required":false,"title_format":"heading","description_enable":true,"description":"Please enter your desired text for your stamp personalization below. Feel free to add any additional comments or instructions.","placeholder_enable":false,"placeholder":"","display":"select","restrictions_type":"any_text","adjust_price":false,"price":"","price_type":"quantity_based","restrictions":false,"min":0,"max":0,"options":[],"id":1727099283},{"name":"Alignment","type":"multiple_choice","position":2,"required":false,"title_format":"heading","description_enable":false,"description":"","placeholder_enable":false,"placeholder":"","display":"select","restrictions_type":"any_text","adjust_price":false,"price":"","price_type":"flat_fee","restrictions":false,"min":0,"max":0,"options":[{"label":"Texte centr\u00e9","price":"","price_type":"quantity_based","image":0},{"label":"Alignement \u00e0 gauche","price":"","price_type":"quantity_based","image":0},{"label":"Alignement \u00e0 droite","price":"","price_type":"quantity_based","image":0},{"label":"Justifi\u00e9","price":"","price_type":"quantity_based","image":0}],"id":1727099284},{"name":"Frame","type":"multiple_choice","position":3,"required":false,"title_format":"heading","description_enable":false,"description":"","placeholder_enable":false,"placeholder":"","display":"select","restrictions_type":"any_text","adjust_price":false,"price":"","price_type":"flat_fee","restrictions":false,"min":0,"max":0,"options":[{"label":"Sans cadre","price":"","price_type":"quantity_based","image":0},{"label":"Ajouter un cadre simple","price":"","price_type":"quantity_based","image":0},{"label":"Ajouter un double cadre","price":"","price_type":"quantity_based","image":0}],"id":1727099285},{"name":"Font","type":"multiple_choice","position":4,"required":false,"title_format":"heading","description_enable":true,"description":"For best results, we recommend using sans serif fonts like Arial or Helvetica.","placeholder_enable":false,"placeholder":"","display":"select","restrictions_type":"any_text","adjust_price":false,"price":"","price_type":"flat_fee","restrictions":false,"min":0,"max":0,"options":[{"label":"Arial","price":"","price_type":"quantity_based","image":0},{"label":"Avant Garde","price":"","price_type":"quantity_based","image":0},{"label":"Futura","price":"","price_type":"quantity_based","image":0},{"label":"Helvetica","price":"","price_type":"quantity_based","image":0},{"label":"Verdana","price":"","price_type":"quantity_based","image":0},{"label":"Source Sans","price":"","price_type":"quantity_based","image":0},{"label":"Times New Roman","price":"","price_type":"quantity_based","image":0}],"id":1727099286},{"name":"Layout proof","type":"checkbox","position":5,"required":false,"title_format":"heading","description_enable":true,"description":"Check the box below to receive a layout proof for approval before production.","placeholder_enable":false,"placeholder":"","display":"select","restrictions_type":"any_text","adjust_price":false,"price":"","price_type":"flat_fee","restrictions":false,"min":0,"max":0,"options":[{"label":"Recevoir une \u00e9preuve","price":"","price_type":"quantity_based","image":0}],"id":1727099287}],"_links":{"self":[{"href":"https:\/\/www.hanko.lu\/en\/wp-json\/wp\/v2\/product\/59789","targetHints":{"allow":["GET"]}}],"collection":[{"href":"https:\/\/www.hanko.lu\/en\/wp-json\/wp\/v2\/product"}],"about":[{"href":"https:\/\/www.hanko.lu\/en\/wp-json\/wp\/v2\/types\/product"}],"replies":[{"embeddable":true,"href":"https:\/\/www.hanko.lu\/en\/wp-json\/wp\/v2\/comments?post=59789"}],"wp:featuredmedia":[{"embeddable":true,"href":"https:\/\/www.hanko.lu\/en\/wp-json\/wp\/v2\/media\/61208"}],"wp:attachment":[{"href":"https:\/\/www.hanko.lu\/en\/wp-json\/wp\/v2\/media?parent=59789"}],"wp:term":[{"taxonomy":"product_brand","embeddable":true,"href":"https:\/\/www.hanko.lu\/en\/wp-json\/wp\/v2\/product_brand?post=59789"},{"taxonomy":"product_cat","embeddable":true,"href":"https:\/\/www.hanko.lu\/en\/wp-json\/wp\/v2\/product_cat?post=59789"},{"taxonomy":"product_tag","embeddable":true,"href":"https:\/\/www.hanko.lu\/en\/wp-json\/wp\/v2\/product_tag?post=59789"}],"curies":[{"name":"wp","href":"https:\/\/api.w.org\/{rel}","templated":true}]}}