{"id":61266,"date":"2024-10-01T12:09:11","date_gmt":"2024-10-01T10:09:11","guid":{"rendered":"https:\/\/www.hanko.lu\/?post_type=product&#038;p=61266"},"modified":"2025-10-13T08:27:48","modified_gmt":"2025-10-13T06:27:48","slug":"colop-eos-r17-tampon-creatif-scrapbooking-differents-themes","status":"publish","type":"product","link":"https:\/\/www.hanko.lu\/en\/product\/colop-eos-r17-tampon-creatif-scrapbooking-differents-themes\/","title":{"rendered":"COLOP EOS R17 \u2013 Creative stamp for scrapbooking \u2013 Different themes"},"content":{"rendered":"<h3>Creative Scrapbooking Stamp - 5 Ink Colors - 12 Themes - 121 Designs<\/h3>\n<p>THE <strong>COLOP EOS R17<\/strong> is the perfect stamp to personalize your albums, cards and other creative scrapbooking projects. Compact and easy to use, it prints varied and unique designs, adding a touch of originality to your creations. Thanks to its integrated ink technology, it guarantees clear and precise prints with each use. Choose from different themes to add an original touch to your projects.<\/p>\n<h3>COLOP EOS \u2013 The stamp revolution thanks to Flash technology<\/h3>\n<p>THE\u00a0<strong>COLOP EOS R17<\/strong>\u00a0stands out for its manufacturing using technology\u00a0<strong>Flash<\/strong>, the most advanced method in the stamp industry. This innovation produces impressions of exceptional clarity and precision, far surpassing those of traditional rubber stamps. With an EOS stamp, you can create up to\u00a0<strong>20,000 footprints<\/strong>, which is double the size of a conventional tampon, thus guaranteeing optimum durability.<\/p>\n<h3>Advantages of COLOP EOS stamps over rubber stamps:<\/h3>\n<ul>\n<li><strong>Pre-inked plates<\/strong>\u00a0: Flash stamps are equipped with pre-inked plates, eliminating the need for ink cartridges. This simplifies use and reduces additional costs.<\/li>\n<li><strong>Superior print quality<\/strong>\u00a0: thanks to their innovative design, the prints produced are sharper and more precise, making them ideal for logos and small text. Your message will always be perfectly visible.<\/li>\n<li><strong>Long lasting ink<\/strong>\u00a0: The oil-based ink used in these stamps is not only more durable, but it also offers increased water resistance, ensuring your prints stand up to the elements.<\/li>\n<li><strong>Ergonomic design<\/strong>\u00a0: The COLOP EOS stamp housing is lightweight and ergonomic, making it easy to handle, even for large models. This means you can stamp effortlessly, regardless of the volume of work.<\/li>\n<li><strong>Easy re-inking<\/strong>\u00a0: The design of these stamps allows for easy, mess-free re-inking, ensuring convenient and clean use every time.<\/li>\n<\/ul>","protected":false},"excerpt":{"rendered":"<p>Dimensions: \u00d8 17 mm | 121 designs to choose from | Delivery within 48 hours*<\/p>","protected":false},"featured_media":61402,"comment_status":"open","ping_status":"closed","template":"","meta":[],"product_brand":[],"product_cat":[20,542],"product_tag":[],"class_list":{"0":"post-61266","1":"product","2":"type-product","3":"status-publish","4":"has-post-thumbnail","6":"product_cat-eos","7":"product_cat-tampons-avec-motif","8":"product_shipping_class-classe-l","10":"first","11":"instock","12":"taxable","13":"shipping-taxable","14":"purchasable","15":"product-type-variable","16":"has-default-attributes"},"exclude_global_add_ons":true,"addons":[{"name":"Themes","type":"multiple_choice","position":0,"required":false,"title_format":"heading","description_enable":false,"description":"","placeholder_enable":false,"placeholder":"","display":"radiobutton","restrictions_type":"any_text","adjust_price":false,"price":"","price_type":"flat_fee","restrictions":false,"min":0,"max":0,"options":[{"label":"Animaux","price":"","price_type":"flat_fee","image":0},{"label":"Mariage","price":"","price_type":"flat_fee","image":0},{"label":"Amour","price":"","price_type":"flat_fee","image":0},{"label":"Invitation","price":"","price_type":"flat_fee","image":0},{"label":"Cadeaux","price":"","price_type":"flat_fee","image":0},{"label":"B\u00e9b\u00e9","price":"","price_type":"flat_fee","image":0},{"label":"Enseignant","price":"","price_type":"flat_fee","image":0},{"label":"Maritime","price":"","price_type":"flat_fee","image":0},{"label":"No\u00ebl","price":"","price_type":"flat_fee","image":0},{"label":"Belgique","price":"","price_type":"flat_fee","image":0},{"label":"Chiffres","price":"","price_type":"flat_fee","image":0},{"label":"G\u00e9n\u00e9ral","price":"","price_type":"flat_fee","image":0},{"label":"Tous les motifs","price":"","price_type":"flat_fee","image":0}],"id":1727793106},{"name":"Design","type":"multiple_choice","position":1,"required":true,"title_format":"heading","description_enable":false,"description":"","placeholder_enable":false,"placeholder":"","display":"images","restrictions_type":"any_text","adjust_price":false,"price":"","price_type":"flat_fee","restrictions":false,"min":0,"max":0,"options":[{"label":"001 (Th\u00e8me 01)","price":"","price_type":"flat_fee","image":61289},{"label":"002 (Th\u00e8me 01)","price":"","price_type":"flat_fee","image":61290},{"label":"003 (Th\u00e8me 01)","price":"","price_type":"flat_fee","image":61291},{"label":"004 (Th\u00e8me 01)","price":"","price_type":"flat_fee","image":61292},{"label":"005 (Th\u00e8me 01)","price":"","price_type":"flat_fee","image":61293},{"label":"006 (Th\u00e8me 01)","price":"","price_type":"flat_fee","image":61294},{"label":"007 (Th\u00e8me 01)","price":"","price_type":"flat_fee","image":61295},{"label":"008 (Th\u00e8me 01)","price":"","price_type":"flat_fee","image":61296},{"label":"009 (Th\u00e8me 01)","price":"","price_type":"flat_fee","image":61297},{"label":"010 (Th\u00e8me 01)","price":"","price_type":"flat_fee","image":61397},{"label":"011 (Th\u00e8me 01)","price":"","price_type":"flat_fee","image":61398},{"label":"012 (Th\u00e8me 01)","price":"","price_type":"flat_fee","image":61399},{"label":"013 (Th\u00e8me 01)","price":"","price_type":"flat_fee","image":61400},{"label":"014 (Th\u00e8me 02)","price":"","price_type":"flat_fee","image":61298},{"label":"015 (Th\u00e8me 02)","price":"","price_type":"flat_fee","image":61299},{"label":"016 (Th\u00e8me 02)","price":"","price_type":"flat_fee","image":61300},{"label":"017 (Th\u00e8me 02)","price":"","price_type":"flat_fee","image":61301},{"label":"018 (Th\u00e8me 02)","price":"","price_type":"flat_fee","image":61302},{"label":"019 (Th\u00e8me 02)","price":"","price_type":"flat_fee","image":61303},{"label":"020 (Th\u00e8me 02)","price":"","price_type":"flat_fee","image":61304},{"label":"021 (Th\u00e8me 02)","price":"","price_type":"flat_fee","image":61305},{"label":"022 (Th\u00e8me 02)","price":"","price_type":"flat_fee","image":61306},{"label":"023 (Th\u00e8me 03)","price":"","price_type":"flat_fee","image":61307},{"label":"024 (Th\u00e8me 03)","price":"","price_type":"flat_fee","image":61308},{"label":"025 (Th\u00e8me 03)","price":"","price_type":"flat_fee","image":61309},{"label":"026 (Th\u00e8me 03)","price":"","price_type":"flat_fee","image":61310},{"label":"027 (Th\u00e8me 03)","price":"","price_type":"flat_fee","image":61311},{"label":"028 (Th\u00e8me 03)","price":"","price_type":"flat_fee","image":61312},{"label":"029 (Th\u00e8me 03)","price":"","price_type":"flat_fee","image":61313},{"label":"030 (Th\u00e8me 03)","price":"","price_type":"flat_fee","image":61314},{"label":"031 (Th\u00e8me 03)","price":"","price_type":"flat_fee","image":61315},{"label":"032 (Th\u00e8me 04)","price":"","price_type":"flat_fee","image":61316},{"label":"033 (Th\u00e8me 04)","price":"","price_type":"flat_fee","image":61317},{"label":"034 (Th\u00e8me 04)","price":"","price_type":"flat_fee","image":61318},{"label":"035 (Th\u00e8me 04)","price":"","price_type":"flat_fee","image":61319},{"label":"036 (Th\u00e8me 04)","price":"","price_type":"flat_fee","image":61320},{"label":"037 (Th\u00e8me 04)","price":"","price_type":"flat_fee","image":61321},{"label":"038 (Th\u00e8me 04)","price":"","price_type":"flat_fee","image":61322},{"label":"039 (Th\u00e8me 04)","price":"","price_type":"flat_fee","image":61323},{"label":"040 (Th\u00e8me 04)","price":"","price_type":"flat_fee","image":61324},{"label":"041 (Th\u00e8me 05)","price":"","price_type":"flat_fee","image":61325},{"label":"042 (Th\u00e8me 05)","price":"","price_type":"flat_fee","image":61326},{"label":"043 (Th\u00e8me 05)","price":"","price_type":"flat_fee","image":61327},{"label":"044 (Th\u00e8me 05)","price":"","price_type":"flat_fee","image":61328},{"label":"045 (Th\u00e8me 05)","price":"","price_type":"flat_fee","image":61329},{"label":"046 (Th\u00e8me 05)","price":"","price_type":"flat_fee","image":61330},{"label":"047 (Th\u00e8me 05)","price":"","price_type":"flat_fee","image":61331},{"label":"048 (Th\u00e8me 05)","price":"","price_type":"flat_fee","image":61332},{"label":"049 (Th\u00e8me 05)","price":"","price_type":"flat_fee","image":61333},{"label":"050 (Th\u00e8me 06)","price":"","price_type":"flat_fee","image":61334},{"label":"051 (Th\u00e8me 06)","price":"","price_type":"flat_fee","image":61335},{"label":"052 (Th\u00e8me 06)","price":"","price_type":"flat_fee","image":61336},{"label":"053 (Th\u00e8me 06)","price":"","price_type":"flat_fee","image":61337},{"label":"054 (Th\u00e8me 06)","price":"","price_type":"flat_fee","image":61338},{"label":"055 (Th\u00e8me 06)","price":"","price_type":"flat_fee","image":61339},{"label":"056 (Th\u00e8me 06)","price":"","price_type":"flat_fee","image":61340},{"label":"057 (Th\u00e8me 06)","price":"","price_type":"flat_fee","image":61341},{"label":"058 (Th\u00e8me 06)","price":"","price_type":"flat_fee","image":61342},{"label":"059 (Th\u00e8me 07)","price":"","price_type":"flat_fee","image":61343},{"label":"060 (Th\u00e8me 07)","price":"","price_type":"flat_fee","image":61344},{"label":"061 (Th\u00e8me 07)","price":"","price_type":"flat_fee","image":61345},{"label":"062 (Th\u00e8me 07)","price":"","price_type":"flat_fee","image":61346},{"label":"063 (Th\u00e8me 07)","price":"","price_type":"flat_fee","image":61347},{"label":"064 (Th\u00e8me 07)","price":"","price_type":"flat_fee","image":61348},{"label":"065 (Th\u00e8me 07)","price":"","price_type":"flat_fee","image":61349},{"label":"066 (Th\u00e8me 07)","price":"","price_type":"flat_fee","image":61350},{"label":"067 (Th\u00e8me 07)","price":"","price_type":"flat_fee","image":61351},{"label":"068 (Th\u00e8me 08)","price":"","price_type":"flat_fee","image":61352},{"label":"069 (Th\u00e8me 08)","price":"","price_type":"flat_fee","image":61353},{"label":"070 (Th\u00e8me 08)","price":"","price_type":"flat_fee","image":61354},{"label":"071 (Th\u00e8me 08)","price":"","price_type":"flat_fee","image":61355},{"label":"072 (Th\u00e8me 08)","price":"","price_type":"flat_fee","image":61356},{"label":"073 (Th\u00e8me 08)","price":"","price_type":"flat_fee","image":61357},{"label":"074 (Th\u00e8me 08)","price":"","price_type":"flat_fee","image":61358},{"label":"075 (Th\u00e8me 08)","price":"","price_type":"flat_fee","image":61359},{"label":"076 (Th\u00e8me 08)","price":"","price_type":"flat_fee","image":61360},{"label":"077 (Th\u00e8me 09)","price":"","price_type":"flat_fee","image":61361},{"label":"078 (Th\u00e8me 09)","price":"","price_type":"flat_fee","image":61362},{"label":"079 (Th\u00e8me 09)","price":"","price_type":"flat_fee","image":61363},{"label":"080 (Th\u00e8me 09)","price":"","price_type":"flat_fee","image":61364},{"label":"081 (Th\u00e8me 09)","price":"","price_type":"flat_fee","image":61365},{"label":"082 (Th\u00e8me 09)","price":"","price_type":"flat_fee","image":61366},{"label":"083 (Th\u00e8me 09)","price":"","price_type":"flat_fee","image":61367},{"label":"084 (Th\u00e8me 09)","price":"","price_type":"flat_fee","image":61368},{"label":"085 (Th\u00e8me 09)","price":"","price_type":"flat_fee","image":61369},{"label":"086 (Th\u00e8me 10)","price":"","price_type":"flat_fee","image":61370},{"label":"087 (Th\u00e8me 10)","price":"","price_type":"flat_fee","image":61371},{"label":"088 (Th\u00e8me 10)","price":"","price_type":"flat_fee","image":61372},{"label":"089 (Th\u00e8me 10)","price":"","price_type":"flat_fee","image":61373},{"label":"090 (Th\u00e8me 10)","price":"","price_type":"flat_fee","image":61374},{"label":"091 (Th\u00e8me 10)","price":"","price_type":"flat_fee","image":61375},{"label":"092 (Th\u00e8me 10)","price":"","price_type":"flat_fee","image":61376},{"label":"093 (Th\u00e8me 10)","price":"","price_type":"flat_fee","image":61377},{"label":"094 (Th\u00e8me 10)","price":"","price_type":"flat_fee","image":61378},{"label":"095 (Th\u00e8me 11)","price":"","price_type":"flat_fee","image":61379},{"label":"096 (Th\u00e8me 11)","price":"","price_type":"flat_fee","image":61380},{"label":"097 (Th\u00e8me 11)","price":"","price_type":"flat_fee","image":61381},{"label":"098 (Th\u00e8me 11)","price":"","price_type":"flat_fee","image":61382},{"label":"099 (Th\u00e8me 11)","price":"","price_type":"flat_fee","image":61383},{"label":"100 (Th\u00e8me 11)","price":"","price_type":"flat_fee","image":61384},{"label":"101 (Th\u00e8me 11)","price":"","price_type":"flat_fee","image":61385},{"label":"102 (Th\u00e8me 11)","price":"","price_type":"flat_fee","image":61386},{"label":"103 (Th\u00e8me 11)","price":"","price_type":"flat_fee","image":61387},{"label":"104 (Th\u00e8me 12)","price":"","price_type":"flat_fee","image":61280},{"label":"105 (Th\u00e8me 12)","price":"","price_type":"flat_fee","image":61281},{"label":"106 (Th\u00e8me 12)","price":"","price_type":"flat_fee","image":61282},{"label":"107 (Th\u00e8me 12)","price":"","price_type":"flat_fee","image":61283},{"label":"108 (Th\u00e8me 12)","price":"","price_type":"flat_fee","image":61284},{"label":"109 (Th\u00e8me 12)","price":"","price_type":"flat_fee","image":61285},{"label":"110 (Th\u00e8me 12)","price":"","price_type":"flat_fee","image":61286},{"label":"111 (Th\u00e8me 12)","price":"","price_type":"flat_fee","image":61287},{"label":"112 (Th\u00e8me 12)","price":"","price_type":"flat_fee","image":61288},{"label":"113 (Th\u00e8me 12)","price":"","price_type":"flat_fee","image":61388},{"label":"114 (Th\u00e8me 12)","price":"","price_type":"flat_fee","image":61389},{"label":"115 (Th\u00e8me 12)","price":"","price_type":"flat_fee","image":61390},{"label":"116 (Th\u00e8me 12)","price":"","price_type":"flat_fee","image":61391},{"label":"117 (Th\u00e8me 12)","price":"","price_type":"flat_fee","image":61392},{"label":"118 (Th\u00e8me 12)","price":"","price_type":"flat_fee","image":61393},{"label":"119 (Th\u00e8me 12)","price":"","price_type":"flat_fee","image":61394},{"label":"120 (Th\u00e8me 12)","price":"","price_type":"flat_fee","image":61395},{"label":"121 (Th\u00e8me 12)","price":"","price_type":"flat_fee","image":61396}],"id":1727784457},{"name":"Ink bottle for COLOP EOS stamps","type":"multiple_choice","position":2,"required":false,"title_format":"heading","description_enable":true,"description":"Never run out of ink with this handy bottle, ideal for easily re-inking your COLOP EOS stamp.","placeholder_enable":false,"placeholder":"","display":"images","restrictions_type":"any_text","adjust_price":false,"price":"","price_type":"flat_fee","restrictions":false,"min":0,"max":0,"options":[{"label":"Flacon d'encre noire","price":"7.95","price_type":"flat_fee","image":61256},{"label":"Flacon d'encre bleue","price":"7.95","price_type":"flat_fee","image":61255},{"label":"Flacon d'encre rouge","price":"7.95","price_type":"flat_fee","image":61257},{"label":"Flacon d'encre verte","price":"7.95","price_type":"flat_fee","image":61258},{"label":"Flacon d'encre violette","price":"7.95","price_type":"flat_fee","image":61259}],"id":1727789911},{"name":"Manufacturing video","type":"checkbox","position":3,"required":false,"title_format":"heading","description_enable":true,"description":"We will create a video showing the steps involved in making your stamp, which we will then send to you. By selecting this option, you agree that this video may be shared on social media and\/or our website. Please note that due to high demand, we may not be able to guarantee the creation of a video for every order.","placeholder_enable":false,"placeholder":"","display":"select","restrictions_type":"any_text","adjust_price":false,"price":"","price_type":"flat_fee","restrictions":false,"min":0,"max":0,"options":[{"label":"Cr\u00e9er une vid\u00e9o","price":"","price_type":"flat_fee","image":0}],"id":1750772655}],"_links":{"self":[{"href":"https:\/\/www.hanko.lu\/en\/wp-json\/wp\/v2\/product\/61266","targetHints":{"allow":["GET"]}}],"collection":[{"href":"https:\/\/www.hanko.lu\/en\/wp-json\/wp\/v2\/product"}],"about":[{"href":"https:\/\/www.hanko.lu\/en\/wp-json\/wp\/v2\/types\/product"}],"replies":[{"embeddable":true,"href":"https:\/\/www.hanko.lu\/en\/wp-json\/wp\/v2\/comments?post=61266"}],"wp:featuredmedia":[{"embeddable":true,"href":"https:\/\/www.hanko.lu\/en\/wp-json\/wp\/v2\/media\/61402"}],"wp:attachment":[{"href":"https:\/\/www.hanko.lu\/en\/wp-json\/wp\/v2\/media?parent=61266"}],"wp:term":[{"taxonomy":"product_brand","embeddable":true,"href":"https:\/\/www.hanko.lu\/en\/wp-json\/wp\/v2\/product_brand?post=61266"},{"taxonomy":"product_cat","embeddable":true,"href":"https:\/\/www.hanko.lu\/en\/wp-json\/wp\/v2\/product_cat?post=61266"},{"taxonomy":"product_tag","embeddable":true,"href":"https:\/\/www.hanko.lu\/en\/wp-json\/wp\/v2\/product_tag?post=61266"}],"curies":[{"name":"wp","href":"https:\/\/api.w.org\/{rel}","templated":true}]}}