{"id":104,"date":"2016-10-15T13:42:43","date_gmt":"2016-10-15T11:42:43","guid":{"rendered":"https:\/\/www.hanko.lu\/?page_id=104"},"modified":"2016-10-15T13:42:43","modified_gmt":"2016-10-15T11:42:43","slug":"politique-des-cookies","status":"publish","type":"page","link":"https:\/\/www.hanko.lu\/fr\/politique-des-cookies\/","title":{"rendered":"Politique des cookies"},"content":{"rendered":"<p>Cette page fait partie de notre Politique de confidentialit\u00e9 et d\u00e9crit l&rsquo;utilisation de cookies sur notre site web. La plupart des sites web sur lesquels vous vous rendez utiliseront des cookies afin d&rsquo;am\u00e9liorer votre exp\u00e9rience d&rsquo;utilisateur en permettant \u00e0 ce site web de se \u00ab souvenir \u00bb de vous, soit pour la dur\u00e9e de votre visite (en utilisant un \u00ab cookie de session \u00bb), soit pour vos visites r\u00e9p\u00e9t\u00e9es (\u00ab cookie persistant \u00bb). Cette politique explique notre proc\u00e9d\u00e9 d&rsquo;utilisation. Certains sites web utiliseront \u00e9galement des cookies pour leur permettre de cibler leurs messages publicitaires ou marketing en se basant, par exemple, sur votre lieu de r\u00e9sidence et\/ou vos habitudes en termes de navigation.<\/p>\n<h3>1. Qu&rsquo;est-ce qu&rsquo;un cookie ?<\/h3>\n<p>Les cookies sont de petits fichiers de donn\u00e9es (en g\u00e9n\u00e9ral des nombres et des lettres) qu&rsquo;un site web place dans votre ordinateur ou appareil mobile lors de votre premi\u00e8re visite. Le cookie aidera ce site web, ou un autre site, \u00e0 reconna\u00eetre votre appareil lors de votre prochaine visite. Dans cette politique, nous employons le terme \u00ab cookies \u00bb pour faire r\u00e9f\u00e9rence \u00e0 tous les fichiers qui r\u00e9cup\u00e8rent ainsi les informations.<\/p>\n<p>Les cookies ont de nombreuses fonctionnalit\u00e9s, ils permettent par exemple de naviguer plus efficacement, de stocker vos pr\u00e9f\u00e9rences et d&rsquo;am\u00e9liorer votre exp\u00e9rience g\u00e9n\u00e9rale d&rsquo;un site web. Gr\u00e2ce aux cookies, l&rsquo;interaction entre le site web et vous est plus rapide et plus facile. Si un site web n&rsquo;utilise pas de cookies, il pensera que vous \u00eates un nouveau visiteur \u00e0 chaque fois que vous irez sur une nouvelle page du site \u2014 par exemple, lorsque vous entrerez votre identifiant et mot de passe et que vous irez sur une autre page, il ne vous reconna\u00eetra pas et vous ne pourrez pas rester connect\u00e9.<\/p>\n<p>Certains cookies contiennent des informations personnelles \u2014 par exemple, si vous cliquez sur \u00ab se souvenir de moi \u00bb en vous connectant, un cookie stockera votre nom d&rsquo;utilisateur. La plupart des cookies ne r\u00e9cup\u00e9reront pas des informations permettant de vous identifier, mais r\u00e9cup\u00e9reront plut\u00f4t des informations plus g\u00e9n\u00e9rales : comment un utilisateur arrive sur un site web, quelle utilisation il en fait, ou encore le lieu de r\u00e9sidence d&rsquo;un utilisateur.<\/p>\n<h3>2. Comment utilisons-nous les cookies ?<\/h3>\n<p>Les cookies nous permettent d&rsquo;identifier votre appareil, ou vous-m\u00eame, lorsque vous vous \u00eates connect\u00e9. Nous utilisons des cookies qui sont strictement n\u00e9cessaires pour vous permettre de parcourir le site ou pour vous fournir certaines fonctionnalit\u00e9s de base. Nous utilisons des cookies pour am\u00e9liorer la fonctionnalit\u00e9 du site web en stockant vos pr\u00e9f\u00e9rences, par exemple. Nous utilisons \u00e9galement des cookies pour am\u00e9liorer la performance de notre site web afin de vous offrir une meilleure exp\u00e9rience d&rsquo;utilisateur.<\/p>\n<p>Pour \u00e9viter toute ambigu\u00eft\u00e9, nous n&rsquo;utilisons pas les cookies pour r\u00e9cup\u00e9rer des informations personnelles vous concernant.<\/p>\n<p>Pour toute information suppl\u00e9mentaire concernant les cookies que nous utilisons sur notre site web, veuillez-vous rendre sur\u00a0<a href=\"http:\/\/www.aboutcookies.org\/\" target=\"_blank\" rel=\"noopener noreferrer\">www.aboutcookies.org<\/a>.<\/p>\n<h3>3. Comment contr\u00f4ler les cookies ?<\/h3>\n<p>Si vous ne souhaitez pas recevoir de cookies, vous pouvez modifier votre navigateur afin qu&rsquo;il vous pr\u00e9vienne lorsqu&rsquo;il re\u00e7oit des cookies ou vous pouvez refuser tous les cookies. Vous pouvez aussi supprimer les cookies qui ont d\u00e9j\u00e0 \u00e9t\u00e9 install\u00e9s. Si vous souhaitez limiter ou bloquer l&rsquo;installation de cookies sur votre appareil, vous pouvez le faire gr\u00e2ce aux param\u00e8tres de votre navigateur.<\/p>\n<p>Veuillez noter qu&rsquo;en supprimant nos cookies ou en bloquant les futurs cookies, vous ne pourrez peut-\u00eatre pas acc\u00e9der \u00e0 toutes les zones ou fonctionnalit\u00e9s de notre site.<\/p>\n<p>4. Quels sont les cookies utilis\u00e9s par ce site ?<\/p>\n<p>Les cookies susceptibles d&rsquo;\u00eatre utilis\u00e9s pendant votre visite sur <a href=\"https:\/\/www.hanko.lu\">www.hanko.lu<\/a> sont :<\/p>\n<table style=\"margin-top: 20px;\">\n<thead>\n<tr>\n<td style=\"width: 28%;\"><strong>Types de cookies<\/strong><\/td>\n<td><strong>Objectif<\/strong><\/td>\n<\/tr>\n<\/thead>\n<tbody>\n<tr>\n<td>Cookies de session<\/td>\n<td>Les cookies de session permettent \u00e0 notre site web de suivre votre navigation page par page pour \u00e9viter que l&rsquo;on ne vous redemande les informations que vous avez d\u00e9j\u00e0 donn\u00e9es sur le site. Ils sont automatiquement supprim\u00e9s lorsque vous quittez votre navigateur web.<\/td>\n<\/tr>\n<tr>\n<td>Cookies de session et cookies permanents (\u00e9galement appel\u00e9s cookies persistants)<\/td>\n<td>Ils permettent \u00e0 notre site web de se souvenir de vos pr\u00e9f\u00e9rences et param\u00e8tres lors de votre prochaine visite. Ils acc\u00e9l\u00e8rent et am\u00e9liorent donc votre exp\u00e9rience des services ou fonctionnalit\u00e9s propos\u00e9s. Pour que ces cookies fonctionnent, ils sont stock\u00e9s sur votre appareil et ne sont pas supprim\u00e9s lorsque vous quittez le navigateur.<\/td>\n<\/tr>\n<tr>\n<td>Cookies tiers<\/td>\n<td>Ces cookies sont plac\u00e9s par le serveur d&rsquo;un autre domaine et sont utilis\u00e9s pour nous permettre de suivre le comportement et la visite d&rsquo;un visiteur afin que nous puissions mesurer la performance de notre site web.<\/td>\n<\/tr>\n<\/tbody>\n<\/table>\n<h3>5. Autres sites web<\/h3>\n<p>Le site web peut contenir des liens vers d&rsquo;autres sites web que nous ne pouvons pas contr\u00f4ler et qui ne sont pas couverts par cette politique. Les op\u00e9rateurs de ces sites peuvent recueillir des informations qu&rsquo;ils utiliseront conform\u00e9ment \u00e0 leur politique, qui peut \u00eatre diff\u00e9rente de la n\u00f4tre.<\/p>\n<h3>6. Modification de notre politique<\/h3>\n<p>Nous nous r\u00e9servons le droit de modifier et\/ou actualiser cette politique \u00e0 tout moment.<\/p>\n","protected":false},"excerpt":{"rendered":"<p>Cette page fait partie de notre Politique de confidentialit\u00e9 et d\u00e9crit l&rsquo;utilisation de cookies sur notre site web. La plupart des sites web sur lesquels vous vous rendez utiliseront des cookies afin d&rsquo;am\u00e9liorer votre exp\u00e9rience d&rsquo;utilisateur en permettant \u00e0 ce site web de se \u00ab souvenir \u00bb de vous, soit pour la dur\u00e9e de votre [&hellip;]<\/p>\n","protected":false},"author":1,"featured_media":0,"parent":0,"menu_order":0,"comment_status":"closed","ping_status":"closed","template":"","meta":{"footnotes":""},"class_list":["post-104","page","type-page","status-publish","hentry"],"_links":{"self":[{"href":"https:\/\/www.hanko.lu\/fr\/wp-json\/wp\/v2\/pages\/104","targetHints":{"allow":["GET"]}}],"collection":[{"href":"https:\/\/www.hanko.lu\/fr\/wp-json\/wp\/v2\/pages"}],"about":[{"href":"https:\/\/www.hanko.lu\/fr\/wp-json\/wp\/v2\/types\/page"}],"author":[{"embeddable":true,"href":"https:\/\/www.hanko.lu\/fr\/wp-json\/wp\/v2\/users\/1"}],"replies":[{"embeddable":true,"href":"https:\/\/www.hanko.lu\/fr\/wp-json\/wp\/v2\/comments?post=104"}],"version-history":[{"count":0,"href":"https:\/\/www.hanko.lu\/fr\/wp-json\/wp\/v2\/pages\/104\/revisions"}],"wp:attachment":[{"href":"https:\/\/www.hanko.lu\/fr\/wp-json\/wp\/v2\/media?parent=104"}],"curies":[{"name":"wp","href":"https:\/\/api.w.org\/{rel}","templated":true}]}}