{"id":112,"date":"2016-10-15T13:44:08","date_gmt":"2016-10-15T11:44:08","guid":{"rendered":"https:\/\/www.hanko.lu\/?page_id=112"},"modified":"2024-09-16T23:46:02","modified_gmt":"2024-09-16T21:46:02","slug":"frais-expedition-delais","status":"publish","type":"page","link":"https:\/\/www.hanko.lu\/fr\/frais-expedition-delais\/","title":{"rendered":"Frais de port et livraison"},"content":{"rendered":"\n<p>En g\u00e9n\u00e9ral, vos tampons encreurs sont fabriqu\u00e9s et livr\u00e9s en 1-2 jours ouvrables. Au Luxembourg, la livraison est assur\u00e9e par la soci\u00e9t\u00e9 <strong>Xpress Logistics<\/strong>.<\/p>\n\n\n\n<p>Les frais de port sont calcul\u00e9s automatiquement suivant les articles dans votre panier et le pays o\u00f9 ceux-ci seront exp\u00e9di\u00e9s. Pour le Luxembourg, les frais de port sont gratuits \u00e0 partir de <strong>95,00\u20ac<\/strong> <sup>HT<\/sup> d&rsquo;achats. Pour le reste de l&rsquo;Europe, les envois sont gratuits \u00e0 partir de\u00a0<strong>500,00\u20ac<\/strong> <sup>HT<\/sup>.<\/p>\n\n\n\n<h2 class=\"wp-block-heading\">Options de livraison<\/h2>\n\n\n\n<p>Lorsque vous passez commande, vous pouvez renseigner des consignes de livraison : informations sur le lieu de livraison, horaires d&rsquo;ouverture, etc. Vous avez aussi la possibilit\u00e9 de vous faire livrer le jour de votre choix, mais pour des raisons d&rsquo;organisation, il faut nous pr\u00e9venir au moins 2 jours ouvrables \u00e0 l&rsquo;avance. En dernier lieu, le colis avec votre commande peut \u00eatre d\u00e9pos\u00e9 \u00e0 un endroit d\u00e9sign\u00e9 : garage, jardin, bo\u00eete \u00e0 colis, chez le voisin, etc.<\/p>\n\n\n\n<p><strong>Attention !<\/strong> Nous n&rsquo;avons pas la possibilit\u00e9 de faire livrer vos commandes dans les stations PackUp de POST Luxembourg.<\/p>\n\n\n\n<div style=\"height:50px\" aria-hidden=\"true\" class=\"wp-block-spacer\"><\/div>\n\n\n\n<hr class=\"wp-block-separator has-css-opacity is-style-wide\"\/>\n\n\n\n<div style=\"height:50px\" aria-hidden=\"true\" class=\"wp-block-spacer\"><\/div>\n\n\n\n<h2 class=\"wp-block-heading\">Grilles tarifaires<\/h2>\n\n\n\n<p>Les prix indiqu\u00e9s dans les grilles tarifaires ci-dessous peuvent changer sans pr\u00e9avis.<\/p>\n\n\n\n<h4 class=\"wp-block-heading\">Livraison au Grand-Duch\u00e9 de Luxembourg<\/h4>\n\n\n\n<figure class=\"wp-block-table\"><table class=\"has-background\" style=\"background-color:#f3f4f5\"><tbody><tr><td>Tous types de tampons<\/td><td><strong>4,60\u20ac<\/strong><sup> HT<\/sup><\/td><\/tr><tr><td>Flacons d\u2019encre et cassettes d\u2019encrage<\/td><td><strong>2,40\u20ac<\/strong><sup> HT<\/sup><\/td><\/tr><tr><td>Plaques de texte en caoutchouc<\/td><td><strong>2,40\u20ac<\/strong><sup> HT<\/sup><\/td><\/tr><tr><td>Commande de plus de 95,00\u20ac <sup>HT<\/sup><\/td><td><strong>Gratuit<\/strong><\/td><\/tr><\/tbody><\/table><\/figure>\n\n\n\n<div style=\"height:40px\" aria-hidden=\"true\" class=\"wp-block-spacer\"><\/div>\n\n\n\n<h4 class=\"wp-block-heading\">Livraison en Europe<\/h4>\n\n\n\n<figure class=\"wp-block-table\"><table class=\"has-background\" style=\"background-color:#f3f4f5\"><tbody><tr><td>Tous types de tampons<\/td><td><strong>8,80\u20ac<\/strong><sup> HT<\/sup><\/td><\/tr><tr><td>Flacons d\u2019encre et cassettes d\u2019encrage<\/td><td><strong>4,80\u20ac<\/strong><sup> HT<\/sup><\/td><\/tr><tr><td>Plaques de texte en caoutchouc<\/td><td><strong>4,80\u20ac<\/strong><sup> HT<\/sup><\/td><\/tr><tr><td>Commande de plus de 300,00\u20ac <sup>HT<\/sup><\/td><td><strong>Gratuit<\/strong><\/td><\/tr><\/tbody><\/table><\/figure>\n\n\n\n<div style=\"height:45px\" aria-hidden=\"true\" class=\"wp-block-spacer\"><\/div>\n\n\n\n<h4 class=\"wp-block-heading\">Livraison hors Europe<\/h4>\n\n\n\n<figure class=\"wp-block-table\"><table class=\"has-background\" style=\"background-color:#f3f4f5\"><tbody><tr><td>Tous types de tampons<\/td><td><strong>13,80\u20ac<\/strong><sup> HT<\/sup><\/td><\/tr><tr><td>Flacons d\u2019encre et cassettes d\u2019encrage<\/td><td><strong>8,80\u20ac<\/strong><sup> HT<\/sup><\/td><\/tr><tr><td>Plaques de texte en caoutchouc<\/td><td><strong>8,80\u20ac<\/strong><sup> HT<\/sup><\/td><\/tr><tr><td>Commande de plus de 1500,00\u20ac <sup>HT<\/sup><\/td><td><strong>Gratuit<\/strong><\/td><\/tr><\/tbody><\/table><\/figure>\n\n\n\n<p><\/p>\n","protected":false},"excerpt":{"rendered":"<p>En g\u00e9n\u00e9ral, vos tampons encreurs sont fabriqu\u00e9s et livr\u00e9s en 1-2 jours ouvrables. Au Luxembourg, la livraison est assur\u00e9e par la soci\u00e9t\u00e9 Xpress Logistics. Les frais de port sont calcul\u00e9s automatiquement suivant les articles dans votre panier et le pays o\u00f9 ceux-ci seront exp\u00e9di\u00e9s. Pour le Luxembourg, les frais de port sont gratuits \u00e0 partir [&hellip;]<\/p>\n","protected":false},"author":1,"featured_media":0,"parent":0,"menu_order":0,"comment_status":"closed","ping_status":"closed","template":"","meta":{"footnotes":""},"class_list":["post-112","page","type-page","status-publish","hentry"],"_links":{"self":[{"href":"https:\/\/www.hanko.lu\/fr\/wp-json\/wp\/v2\/pages\/112","targetHints":{"allow":["GET"]}}],"collection":[{"href":"https:\/\/www.hanko.lu\/fr\/wp-json\/wp\/v2\/pages"}],"about":[{"href":"https:\/\/www.hanko.lu\/fr\/wp-json\/wp\/v2\/types\/page"}],"author":[{"embeddable":true,"href":"https:\/\/www.hanko.lu\/fr\/wp-json\/wp\/v2\/users\/1"}],"replies":[{"embeddable":true,"href":"https:\/\/www.hanko.lu\/fr\/wp-json\/wp\/v2\/comments?post=112"}],"version-history":[{"count":0,"href":"https:\/\/www.hanko.lu\/fr\/wp-json\/wp\/v2\/pages\/112\/revisions"}],"wp:attachment":[{"href":"https:\/\/www.hanko.lu\/fr\/wp-json\/wp\/v2\/media?parent=112"}],"curies":[{"name":"wp","href":"https:\/\/api.w.org\/{rel}","templated":true}]}}