{"id":1239,"date":"2017-02-07T22:02:47","date_gmt":"2017-02-07T21:02:47","guid":{"rendered":"https:\/\/www.hanko.lu\/?page_id=1239"},"modified":"2024-09-22T20:17:42","modified_gmt":"2024-09-22T18:17:42","slug":"lignes-directrices-creation-maquettes","status":"publish","type":"page","link":"https:\/\/www.hanko.lu\/fr\/lignes-directrices-creation-maquettes\/","title":{"rendered":"Consignes pour la cr\u00e9ation de maquettes"},"content":{"rendered":"\n<p>HANKO Stempel peut fabriquer des tampons en caoutchouc \u00e0 partir de vos maquettes. Pour cela, joignez \u00e0 votre commande un fichier en utilisant le bouton <strong>IMPORTER<\/strong>, pr\u00e9sent sur toutes les pages des tampons personnalisables. Vous pouvez aussi nous envoyer votre maquette par e-mail \u00e0 <a href=\"mailto:info@hanko.lu\">info@hanko.lu<\/a> en mentionnant le num\u00e9ro de commande que vous obtenez apr\u00e8s le paiement.<\/p>\n\n\n\n<h2 class=\"wp-block-heading\">Formats de fichier et lignes directrices<\/h2>\n\n\n\n<ol class=\"wp-block-list\">\n<li>R\u00e9solution minimale de votre fichier : 300 DPI (nous conseillons <strong>600 DPI<\/strong> pour un r\u00e9sultat optimal)<\/li>\n\n\n\n<li>Formats de fichiers accept\u00e9s : PDF, JPG (JPEG), EPS ou PNG<\/li>\n\n\n\n<li>Format conseill\u00e9 : PDF avec texte converti en trac\u00e9s<\/li>\n\n\n\n<li>Les fichiers <strong>ne doivent pas contenir<\/strong> des traits de d\u00e9coupe ou d&rsquo;autres \u00e9l\u00e9ments qui ne feront pas partie du tampon<\/li>\n\n\n\n<li>Veuillez v\u00e9rifier \u00e0 ce que les dimensions de votre maquette correspondent bien aux dimensions du tampon s\u00e9lectionn\u00e9, il faut toutefois laisser une marge de 0.5mm<\/li>\n\n\n\n<li>Votre fichier doit \u00eatre imp\u00e9rativement en noir et blanc, c&rsquo;est-\u00e0-dire pas de nuances de gris<\/li>\n\n\n\n<li>Taille minimale du texte: 7pt (points)<\/li>\n\n\n\n<li>Il n&rsquo;est pas n\u00e9cessaire d&rsquo;inverser votre maquette, notre logiciel de gravure s&rsquo;en chargera<\/li>\n<\/ol>\n\n\n\n<p>HANKO Luxembourg vous conseille de <strong>toujours imprimer vos maquettes pour \u00e9valuation<\/strong>. V\u00e9rifiez que le texte est parfaitement lisible&nbsp;et qu\u2019il ne contient aucune faute d\u2019orthographe. Afin de garantir une qualit\u00e9 irr\u00e9prochable, tous les fichiers sont v\u00e9rifi\u00e9s par notre \u00e9quipe avant fabrication et nous vous informerons en cas de probl\u00e8me.<\/p>\n\n\n\n<h2 class=\"wp-block-heading\">Gabarits<\/h2>\n\n\n\n<p><a class=\"download-button\" href=\"https:\/\/goo.gl\/AMedEr\" target=\"_blank\" rel=\"noopener\">T\u00e9l\u00e9charger les gabarits (PDF | 63Ko)<\/a>. Vous pouvez t\u00e9l\u00e9charger avec le lien \u00e0 gauche les gabarits de tous les cachets personnalisables de HANKO Luxembourg. Cela vous permettra de trouver facilement le cachet qu&rsquo;il vous faut.<\/p>\n\n\n\n<h2 class=\"wp-block-heading\">Cr\u00e9er une maquette avec Microsoft Word<\/h2>\n\n\n\n<p>Vous pouvez facilement cr\u00e9er vous-m\u00eame la composition pour votre tampon en caoutchouc avec Microsoft Word. Il faut cependant tenir compte des deux&nbsp;contraintes suivantes :<\/p>\n\n\n\n<ol class=\"wp-block-list\">\n<li>les dimensions de la page doivent correspondre aux dimensions du tampon choisi.<\/li>\n\n\n\n<li>vous devez l\u2019exporter au format PDF (les fichiers Word ne sont pas accept\u00e9s)<\/li>\n<\/ol>\n\n\n\n<p>Nous avons cr\u00e9\u00e9 un tutoriel avec des explications d\u00e9taill\u00e9es sur la proc\u00e9dure \u00e0 suivre que vous pouvez consulter \u00e0 la page suivante: <a href=\"https:\/\/www.hanko.lu\/creation-de-tampons-word\/\">Cr\u00e9ation de tampons en caoutchouc avec Microsoft Word<\/a>.<\/p>\n","protected":false},"excerpt":{"rendered":"<p>HANKO Stempel peut fabriquer des tampons en caoutchouc \u00e0 partir de vos maquettes. Pour cela, joignez \u00e0 votre commande un fichier en utilisant le bouton IMPORTER, pr\u00e9sent sur toutes les pages des tampons personnalisables. Vous pouvez aussi nous envoyer votre maquette par e-mail \u00e0 info@hanko.lu en mentionnant le num\u00e9ro de commande que vous obtenez apr\u00e8s [&hellip;]<\/p>\n","protected":false},"author":1,"featured_media":0,"parent":0,"menu_order":0,"comment_status":"closed","ping_status":"closed","template":"","meta":{"footnotes":""},"class_list":["post-1239","page","type-page","status-publish","hentry"],"_links":{"self":[{"href":"https:\/\/www.hanko.lu\/fr\/wp-json\/wp\/v2\/pages\/1239","targetHints":{"allow":["GET"]}}],"collection":[{"href":"https:\/\/www.hanko.lu\/fr\/wp-json\/wp\/v2\/pages"}],"about":[{"href":"https:\/\/www.hanko.lu\/fr\/wp-json\/wp\/v2\/types\/page"}],"author":[{"embeddable":true,"href":"https:\/\/www.hanko.lu\/fr\/wp-json\/wp\/v2\/users\/1"}],"replies":[{"embeddable":true,"href":"https:\/\/www.hanko.lu\/fr\/wp-json\/wp\/v2\/comments?post=1239"}],"version-history":[{"count":0,"href":"https:\/\/www.hanko.lu\/fr\/wp-json\/wp\/v2\/pages\/1239\/revisions"}],"wp:attachment":[{"href":"https:\/\/www.hanko.lu\/fr\/wp-json\/wp\/v2\/media?parent=1239"}],"curies":[{"name":"wp","href":"https:\/\/api.w.org\/{rel}","templated":true}]}}