{"id":1277,"date":"2017-02-11T19:06:31","date_gmt":"2017-02-11T18:06:31","guid":{"rendered":"https:\/\/www.hanko.lu\/?page_id=1277"},"modified":"2024-09-17T08:07:09","modified_gmt":"2024-09-17T06:07:09","slug":"creation-de-tampons-word","status":"publish","type":"page","link":"https:\/\/www.hanko.lu\/fr\/creation-de-tampons-word\/","title":{"rendered":"Tutoriel : cr\u00e9ation de tampons avec Microsoft Word"},"content":{"rendered":"<h2>Introduction<\/h2>\n<p>Word est un logiciel de traitement de texte facile \u00ad\u00e0 utiliser qui vous permet de cr\u00e9er rapidement les maquettes qui serviront \u00e0 fabriquer vos tampons en caoutchouc. Au cours de ce tutoriel nous allons cr\u00e9er une maquette pour le <a href=\"https:\/\/www.hanko.lu\/produit\/trodat-printy-4912\/\">Trodat Printy 4912<\/a> avec nom et adresse. Les captures d\u2019\u00e9cran proviennent de la version anglaise de <strong>Word 2016 <\/strong>sous Windows. Il se peut que dans les versions plus anciennes ou sur Mac, les fonctionnalit\u00e9s utilis\u00e9es se trouvent dans des menus diff\u00e9rents.<\/p>\n<h2>Pr\u00e9paration<\/h2>\n<figure id=\"attachment_1296\" aria-describedby=\"caption-attachment-1296\" style=\"width: 268px\" class=\"wp-caption alignright\"><img loading=\"lazy\" decoding=\"async\" class=\"size-full wp-image-1296\" src=\"https:\/\/www.hanko.lu\/wp-content\/uploads\/2017\/02\/hanko-word-tutorial-02-1.png\" alt=\"HANKO Luxembourg - Tutoriel Word\" width=\"268\" height=\"137\" \/><figcaption id=\"caption-attachment-1296\" class=\"wp-caption-text\"><strong>4.<\/strong> La taille du papier doit correspondre aux dimensions du tampon<\/figcaption><\/figure>\n<figure id=\"attachment_1290\" aria-describedby=\"caption-attachment-1290\" style=\"width: 261px\" class=\"wp-caption alignright\"><img loading=\"lazy\" decoding=\"async\" class=\"wp-image-1290 size-full\" src=\"https:\/\/www.hanko.lu\/wp-content\/uploads\/2017\/02\/hanko-word-tutorial-01.png\" alt=\"HANKO Luxembourg - Tutoriel Word\" width=\"261\" height=\"109\" \/><figcaption id=\"caption-attachment-1290\" class=\"wp-caption-text\"><strong>2.<\/strong> Le bouton \u00ab Marges \u00bb dans l&rsquo;onglet \u00ab Mise en page \u00bb<\/figcaption><\/figure>\n<ol>\n<li>Ouvrez Microsoft Word et cr\u00e9ez un nouveau document.<\/li>\n<li>Dans l\u2019onglet \u00ab\u00a0Mise en page\u00a0\u00bb du ruban cliquez sur le bouton \u00ab\u00a0<strong>Marges\u00a0<\/strong>\u00bb et choisissez \u00ab\u00a0<strong>Marges personnalis\u00e9es\u00a0<\/strong>\u00bb.<\/li>\n<li>Une bo\u00eete de dialogue s&rsquo;ouvre. Dans les champs <strong>Haut, Droite, Gauche <\/strong>et<strong> Bas<\/strong> mettez 0,5mm.<\/li>\n<li>Toujours dans m\u00eame bo\u00eete de dialogue, cliquez sur l\u2019onglet \u00ab <strong>Page<\/strong>\u00bb. Dans les champs <strong>Hauteur et Largeur<\/strong> mettez les dimensions qui correspondent au mod\u00e8le de tampon que vous souhaitez; 47mm x 18mm dans le cas du Trodat Printy 4912.<\/li>\n<li>\u00a0Validez en cliquant sur OK. Un avertissement concernant la zone d\u2019impression va probablement s\u2019afficher \u00e0 l\u2019\u00e9cran. Vous pouvez l\u2019ignorer car cela ne concerne pas l\u2019usage dont on va faire du document.<\/li>\n<\/ol>\n<h2>Composition<\/h2>\n<figure id=\"attachment_1307\" aria-describedby=\"caption-attachment-1307\" style=\"width: 266px\" class=\"wp-caption alignright\"><img loading=\"lazy\" decoding=\"async\" class=\"wp-image-1307 size-full\" src=\"https:\/\/www.hanko.lu\/wp-content\/uploads\/2017\/02\/hanko-word-tutorial-03-small.png\" alt=\"HANKO Luxembourg - Tutoriel - Cr\u00e9ation de tampons avec Word\" width=\"266\" height=\"102\" \/><figcaption id=\"caption-attachment-1307\" class=\"wp-caption-text\">Maquette de l&rsquo;adresse de la soci\u00e9t\u00e9 avec cadre.<\/figcaption><\/figure>\n<p>Vous pouvez maintenant composer votre maquette qui peut inclure du texte, des cadres, des tableaux ou m\u00eame des images (noir et blanc uniquement). Lorsque vous avez termin\u00e9, nous vous conseillons d\u2019imprimer votre maquette pour \u00e9valuation. V\u00e9rifiez que le texte est lisible et qu\u2019il ne comporte aucune faute d\u2019orthographe.<\/p>\n<h2>Export<\/h2>\n<figure id=\"attachment_1310\" aria-describedby=\"caption-attachment-1310\" style=\"width: 368px\" class=\"wp-caption alignright\"><img loading=\"lazy\" decoding=\"async\" class=\"size-full wp-image-1310\" src=\"https:\/\/www.hanko.lu\/wp-content\/uploads\/2017\/02\/hanko-word-tutorial-04.png\" alt=\"HANKO Luxembourg - Tutoriel Word\" width=\"368\" height=\"180\" \/><figcaption id=\"caption-attachment-1310\" class=\"wp-caption-text\">Dans la partie type de fichier, choisissez \u00ab PDF \u00bb<\/figcaption><\/figure>\n<p>Finalement, exportez votre maquette au format PDF. Il y a plusieurs fa\u00e7ons pour y parvenir\u00a0:<\/p>\n<ul>\n<li>Dans le menu \u00ab\u00a0<strong>Fichier\u00a0<\/strong>\u00bb, cliquez sur \u00ab\u00a0<strong>Enregistrer sous<\/strong>\u2026\u00a0\u00bb et dans la partie \u00ab\u00a0<strong>Format du fichier<\/strong>\u00bb choisissez <strong>PDF<\/strong><\/li>\n<li>Si vous avez Adobe Acrobat Pro install\u00e9, vous aurez probablement un onglet PDF dans le ruban qui affichera\u00a0l\u2019option \u00ab\u00a0<strong>Cr\u00e9er un PDF<\/strong> \u00bb<\/li>\n<li>Il existe de nombreux modules d\u2019extension (plug-ins) pour Word qui vous permettront d\u2019exporter au format PDF<\/li>\n<li>Il existe des outils en ligne, facilement trouvables sous Google, qui vous permettent de convertir votre document Word en PDF<\/li>\n<\/ul>\n<h2>Commande<\/h2>\n<p>Vous \u00eates maintenant en possession d\u2019une maquette conforme pour la production. Rendez-vous sur <a href=\"https:\/\/www.hanko.lu\">www.hanko.lu<\/a>, <a href=\"https:\/\/www.hanko.lu\/categorie-produit\/tampons-automatiques\/trodat-printy\/?orderby=price\">choisissez votre mod\u00e8le de tampon<\/a>, importez votre fichier PDF et finalisez la commande. Afin de garantir une qualit\u00e9 irr\u00e9prochable, toutes les maquettes sont v\u00e9rifi\u00e9es par notre \u00e9quipe avant production. Vous n&rsquo;arrivez pas \u00e0 cr\u00e9er votre maquette vous-m\u00eame? On s&rsquo;en occupe! Envoyez-nous simplement une demande de devis par e-mail \u00e0 <a href=\"mailto:info@hanko.lu\">info@hanko.lu<\/a>. Nous vous r\u00e9pondrons en moins de 24 heures.<\/p>\n","protected":false},"excerpt":{"rendered":"<p>Introduction Word est un logiciel de traitement de texte facile \u00ad\u00e0 utiliser qui vous permet de cr\u00e9er rapidement les maquettes qui serviront \u00e0 fabriquer vos tampons en caoutchouc. Au cours de ce tutoriel nous allons cr\u00e9er une maquette pour le Trodat Printy 4912 avec nom et adresse. Les captures d\u2019\u00e9cran proviennent de la version anglaise [&hellip;]<\/p>\n","protected":false},"author":1,"featured_media":0,"parent":0,"menu_order":0,"comment_status":"closed","ping_status":"closed","template":"","meta":{"footnotes":""},"class_list":["post-1277","page","type-page","status-publish","hentry"],"_links":{"self":[{"href":"https:\/\/www.hanko.lu\/fr\/wp-json\/wp\/v2\/pages\/1277","targetHints":{"allow":["GET"]}}],"collection":[{"href":"https:\/\/www.hanko.lu\/fr\/wp-json\/wp\/v2\/pages"}],"about":[{"href":"https:\/\/www.hanko.lu\/fr\/wp-json\/wp\/v2\/types\/page"}],"author":[{"embeddable":true,"href":"https:\/\/www.hanko.lu\/fr\/wp-json\/wp\/v2\/users\/1"}],"replies":[{"embeddable":true,"href":"https:\/\/www.hanko.lu\/fr\/wp-json\/wp\/v2\/comments?post=1277"}],"version-history":[{"count":0,"href":"https:\/\/www.hanko.lu\/fr\/wp-json\/wp\/v2\/pages\/1277\/revisions"}],"wp:attachment":[{"href":"https:\/\/www.hanko.lu\/fr\/wp-json\/wp\/v2\/media?parent=1277"}],"curies":[{"name":"wp","href":"https:\/\/api.w.org\/{rel}","templated":true}]}}