{"id":7981,"date":"2018-05-19T14:51:14","date_gmt":"2018-05-19T12:51:14","guid":{"rendered":"https:\/\/www.hanko.lu\/?page_id=7981"},"modified":"2018-05-19T14:51:14","modified_gmt":"2018-05-19T12:51:14","slug":"vie-privee-et-protection-des-donnees","status":"publish","type":"page","link":"https:\/\/www.hanko.lu\/fr\/vie-privee-et-protection-des-donnees\/","title":{"rendered":"Vie priv\u00e9e et protection des donn\u00e9es"},"content":{"rendered":"<h2>1. Traitement des donn\u00e9es \u00e0 caract\u00e8re personnel<\/h2>\n<p>Conform\u00e9ment \u00e0 la loi modifi\u00e9e du 2 ao\u00fbt 2002 r\u00e9glementant la protection des donn\u00e9es nominatives dans les traitements informatiques telle que modifi\u00e9e relative \u00e0 la protection des personnes \u00e0 l\u2019\u00e9gard du traitement des donn\u00e9es \u00e0 caract\u00e8re personnel, le traitement des informations nominatives relatives aux clients a fait l&rsquo;objet d&rsquo;une d\u00e9claration aupr\u00e8s de la Commission Nationale pour la Protection des Donn\u00e9es (CNPD). De plus, HANKO S\u00e0rl s&rsquo;engage \u00e0 ne pas communiquer, gratuitement ou avec contrepartie, les coordonn\u00e9es de ses clients ou de ses collaborateurs \u00e0 un tiers. Le client dispose d&rsquo;un droit d&rsquo;acc\u00e8s, de modification, de rectification et de suppression des donn\u00e9es qui le concernent, qu&rsquo;il peut exercer aupr\u00e8s de HANKO S\u00e0rl.<\/p>\n<h2>2. T\u00e9moins de navigation (cookies)<\/h2>\n<p>Pour tout savoir concernant les cookies et de leur utilisation sur <a href=\"https:\/\/www.hanko.lu\">www.hanko.lu<\/a> veuillez consulter la page : <a href=\"https:\/\/www.hanko.lu\/politique-des-cookies\/\">Politique en mati\u00e8re de cookies<\/a><\/p>\n<h2>3. Liens<\/h2>\n<p>Le site <a href=\"https:\/\/www.hanko.lu\">www.hanko.lu<\/a> peut contenir des liens vers des sites Internet de tiers. HANKO S\u00e0rl n&rsquo;exer\u00e7ant aucune surveillance sur ces sites, l\u2019utilisateur reconna\u00eet que HANKO S\u00e0rl ne peut \u00eatre tenu pour responsable de la mise \u00e0 disposition de ces sites et sources externes, et ne peut supporter aucune responsabilit\u00e9 quant au contenu, publicit\u00e9s, produits, services ou tout autre mat\u00e9riel disponibles sur ou \u00e0 partir de ces sites ou sources externes. De plus, l&rsquo;utilisation des informations que vous pouvez fournir \u00e0 des tiers sur d&rsquo;autres sites ou que ces tiers peuvent collecter sur d&rsquo;autres sites Internet n&rsquo;est pas r\u00e9gie par la pr\u00e9sente Politique de Confidentialit\u00e9. Vous devez examiner attentivement la Politique de Confidentialit\u00e9 et de protection des donn\u00e9es personnelles des sites Internet tiers et contacter les \u00e9diteurs de ces sites en cas de questions sur la mani\u00e8re dont ils utilisent les informations vous concernant. HANKO S\u00e0rl ne peut \u00eatre tenue responsable pour aucun tiers qui n&rsquo;utiliseraient pas les informations vous concernant conform\u00e9ment \u00e0 la Politique de Confidentialit\u00e9 de ce tiers ou conform\u00e9ment \u00e0 toute obligation contractuelle ou l\u00e9gale \u00e0 laquelle ce tiers peut \u00eatre soumis.<\/p>\n<h2>4. S\u00e9curit\u00e9<\/h2>\n<p>Toutes les donn\u00e9es collect\u00e9es par HANKO S\u00e0rl sont stock\u00e9es de fa\u00e7on s\u00e9curis\u00e9e.<\/p>\n<p>Dans le cadre du processus de paiement, ce dernier \u00e9tant enti\u00e8rement et exclusivement g\u00e9r\u00e9 par les organismes bancaires, aucune donn\u00e9e personnelle ne sont collect\u00e9es ou enregistr\u00e9es par nos soins.<\/p>\n<h2>5. Modification et acc\u00e8s \u00e0 vos informations personnelles<\/h2>\n<p>Vous pouvez demander \u00e0 HANKO S\u00e0rl de vous communiquer, de corriger, de mettre \u00e0 jour, ou de supprimer les informations que vous avez fournies sur le site, et dont vous avez autoris\u00e9 la conservation dans la base de donn\u00e9es clients, en nous contactant (voir ci-dessous : \u00ab\u00a0Nous contacter\u00a0\u00bb). Avant de vous adresser des donn\u00e9es personnelles, nous vous demanderons de nous fournir une preuve de votre identit\u00e9. Si vous n&rsquo;\u00eates pas en mesure de prouver votre identit\u00e9, nous nous r\u00e9servons le droit de refuser de vous envoyer les donn\u00e9es personnelles vous concernant. Votre demande sera satisfaite dans un d\u00e9lai de deux jours ouvrables, sous r\u00e9serve du caract\u00e8re non abusif de celle-ci. Concernant les droits de rectification et de suppression : les conditions pr\u00e9alables sont identiques \u00e0 celles concernant le droit d\u2019acc\u00e8s. Enfin, la soci\u00e9t\u00e9 HANKO S\u00e0rl peut \u00e9galement conserver pour des besoins d&rsquo;archivage des copies des communications avec les utilisateurs du site Internet <a href=\"https:\/\/www.hanko.lu\">www.hanko.lu<\/a>, les factures et courriels re\u00e7us par nos utilisateurs.<\/p>\n<h2>6. Nous contacter<\/h2>\n<p>En cas de questions sur la Politique de Confidentialit\u00e9 et les pratiques de la soci\u00e9t\u00e9 HANKO S\u00e0rl en mati\u00e8re de protection des donn\u00e9es personnelles, n&rsquo;h\u00e9sitez pas \u00e0 nous contacter par courriel \u00e0 <a href=\"mailto:info@hanko.lu\">info@hanko.lu<\/a>.<\/p>\n","protected":false},"excerpt":{"rendered":"<p>1. Traitement des donn\u00e9es \u00e0 caract\u00e8re personnel Conform\u00e9ment \u00e0 la loi modifi\u00e9e du 2 ao\u00fbt 2002 r\u00e9glementant la protection des donn\u00e9es nominatives dans les traitements informatiques telle que modifi\u00e9e relative \u00e0 la protection des personnes \u00e0 l\u2019\u00e9gard du traitement des donn\u00e9es \u00e0 caract\u00e8re personnel, le traitement des informations nominatives relatives aux clients a fait l&rsquo;objet [&hellip;]<\/p>\n","protected":false},"author":1,"featured_media":0,"parent":0,"menu_order":0,"comment_status":"closed","ping_status":"closed","template":"","meta":{"footnotes":""},"class_list":["post-7981","page","type-page","status-publish","hentry"],"_links":{"self":[{"href":"https:\/\/www.hanko.lu\/fr\/wp-json\/wp\/v2\/pages\/7981","targetHints":{"allow":["GET"]}}],"collection":[{"href":"https:\/\/www.hanko.lu\/fr\/wp-json\/wp\/v2\/pages"}],"about":[{"href":"https:\/\/www.hanko.lu\/fr\/wp-json\/wp\/v2\/types\/page"}],"author":[{"embeddable":true,"href":"https:\/\/www.hanko.lu\/fr\/wp-json\/wp\/v2\/users\/1"}],"replies":[{"embeddable":true,"href":"https:\/\/www.hanko.lu\/fr\/wp-json\/wp\/v2\/comments?post=7981"}],"version-history":[{"count":0,"href":"https:\/\/www.hanko.lu\/fr\/wp-json\/wp\/v2\/pages\/7981\/revisions"}],"wp:attachment":[{"href":"https:\/\/www.hanko.lu\/fr\/wp-json\/wp\/v2\/media?parent=7981"}],"curies":[{"name":"wp","href":"https:\/\/api.w.org\/{rel}","templated":true}]}}