{"id":98,"date":"2016-10-15T13:41:44","date_gmt":"2016-10-15T11:41:44","guid":{"rendered":"https:\/\/www.hanko.lu\/?page_id=98"},"modified":"2025-12-03T10:59:45","modified_gmt":"2025-12-03T09:59:45","slug":"hanko-sarl-luxembourg","status":"publish","type":"page","link":"https:\/\/www.hanko.lu\/fr\/hanko-sarl-luxembourg\/","title":{"rendered":"HANKO Stempel est un site e-commerce de la soci\u00e9t\u00e9 HANKO S\u00e0rl"},"content":{"rendered":"\n<p>Nous sommes une soci\u00e9t\u00e9 luxembourgeoise sp\u00e9cialis\u00e9e dans la vente de tampons en caoutchouc en ligne. Gr\u00e2ce \u00e0 notre approche moderne, nos infrastructures et m\u00e9thodes de fabrication, nous sommes en mesure de vous proposer des tampons aux prix les plus bas du Grand-Duch\u00e9 de Luxembourg. En outre, les plaques en caoutchouc de nos tampons sont grav\u00e9es au laser, ce qui permet d\u2019obtenir des empreintes d\u2019excellente qualit\u00e9 avec des d\u00e9tails fins et des lettres lisibles m\u00eame dans des petites tailles.<\/p>\n\n\n\n<p>Tout le monde peut facilement cr\u00e9er son propre tampon en caoutchouc personnalis\u00e9. Pour cela il suffit de nous envoyer un e-mail \u00e0 <a href=\"mailto:info@hanko.lu\">info@hanko.lu<\/a>. Incluez le texte dont vous avez besoin et nous vous enverrons un devis gratuit. Vous pouvez aussi nous faire parvenir le fichier contenant votre maquette pour la fabrication de votre tampon. Ce fichier peut \u00eatre au format PDF, JPEG (JPG), EPS ou AI. Afin d\u2019assurer une qualit\u00e9 optimale, vos maquettes seront toujours contr\u00f4l\u00e9es avant la fabrication. Nous exp\u00e9dions vos tampons par courrier en moins de 24 heures (si les articles sont en stock) ou bien vous pouvez venir les retirer.<\/p>\n\n\n\n<p>HANKO Luxembourg va encore beaucoup \u00e9voluer pour vous proposer plus de produits et de services dans le futur. N\u2019h\u00e9sitez pas \u00e0 envoyer un e-mail \u00e0 <a href=\"mailto:info@hanko.lu\">info@hanko.lu<\/a> si vous avez des besoins sp\u00e9cifiques. Nous nous efforcerons de trouver pour vous le produit dont vous avez besoin.<\/p>\n\n\n\n<h3 class=\"wp-block-heading\">Informations<\/h3>\n\n\n\n<figure class=\"wp-block-table\"><table><tbody><tr><td>Date de fondation<\/td><td>11\/2016<\/td><\/tr><tr><td>Matricule<\/td><td>2016 2455 487<\/td><\/tr><tr><td>N\u00b0 de TVA<\/td><td>LU28924483<\/td><\/tr><tr><td>N\u00b0 Registre du commerce<\/td><td>B210253<\/td><\/tr><tr><td>Titulaire<\/td><td>HANKO S\u00e0rl<\/td><\/tr><tr><td>Si\u00e8ge social<\/td><td>10A, Riesenhafferwee | L-8811 Bilsdorf | LUXEMBOURG<\/td><\/tr><\/tbody><\/table><\/figure>\n","protected":false},"excerpt":{"rendered":"<p>Nous sommes une soci\u00e9t\u00e9 luxembourgeoise sp\u00e9cialis\u00e9e dans la vente de tampons en caoutchouc en ligne. Gr\u00e2ce \u00e0 notre approche moderne, nos infrastructures et m\u00e9thodes de fabrication, nous sommes en mesure de vous proposer des tampons aux prix les plus bas du Grand-Duch\u00e9 de Luxembourg. En outre, les plaques en caoutchouc de nos tampons sont grav\u00e9es [&hellip;]<\/p>\n","protected":false},"author":1,"featured_media":0,"parent":0,"menu_order":0,"comment_status":"closed","ping_status":"closed","template":"","meta":{"footnotes":""},"class_list":["post-98","page","type-page","status-publish","hentry"],"_links":{"self":[{"href":"https:\/\/www.hanko.lu\/fr\/wp-json\/wp\/v2\/pages\/98","targetHints":{"allow":["GET"]}}],"collection":[{"href":"https:\/\/www.hanko.lu\/fr\/wp-json\/wp\/v2\/pages"}],"about":[{"href":"https:\/\/www.hanko.lu\/fr\/wp-json\/wp\/v2\/types\/page"}],"author":[{"embeddable":true,"href":"https:\/\/www.hanko.lu\/fr\/wp-json\/wp\/v2\/users\/1"}],"replies":[{"embeddable":true,"href":"https:\/\/www.hanko.lu\/fr\/wp-json\/wp\/v2\/comments?post=98"}],"version-history":[{"count":2,"href":"https:\/\/www.hanko.lu\/fr\/wp-json\/wp\/v2\/pages\/98\/revisions"}],"predecessor-version":[{"id":63562,"href":"https:\/\/www.hanko.lu\/fr\/wp-json\/wp\/v2\/pages\/98\/revisions\/63562"}],"wp:attachment":[{"href":"https:\/\/www.hanko.lu\/fr\/wp-json\/wp\/v2\/media?parent=98"}],"curies":[{"name":"wp","href":"https:\/\/api.w.org\/{rel}","templated":true}]}}