{"id":55976,"date":"2024-08-26T17:37:17","date_gmt":"2024-08-26T15:37:17","guid":{"rendered":"https:\/\/www.hanko.lu\/?post_type=product&#038;p=55976"},"modified":"2025-11-29T09:22:11","modified_gmt":"2025-11-29T08:22:11","slug":"coussin-encreur-trodat-9054","status":"publish","type":"product","link":"https:\/\/www.hanko.lu\/fr\/produit\/coussin-encreur-trodat-9054\/","title":{"rendered":"Coussin encreur Trodat 9054"},"content":{"rendered":"<h2>Caract\u00e9ristiques<\/h2>\n<ul>\n<li><strong>Encre \u00e0 base d\u2019eau ind\u00e9l\u00e9bile<\/strong>\u00a0conforme \u00e0 la norme DIN ISO 14145-15<\/li>\n<li>R\u00e9alisez des milliers d\u2019empreintes parfaites<\/li>\n<li>R\u00e9encrage simple et propre gr\u00e2ce \u00e0 l\u2019encre\u00a0<a href=\"https:\/\/www.hanko.lu\/produit\/encre-trodat-7011-pour-tampons-encreurs\/\">Trodat 7011<\/a><\/li>\n<li>Fabriqu\u00e9 de mani\u00e8re \u00e9cologique avec au moins 95% de plastique recycl\u00e9<\/li>\n<li>Utilisez <a href=\"https:\/\/www.hanko.lu\/categorie-produit\/flacon-encre-pour-tampons-encreurs\/\">des encres sp\u00e9ciales<\/a> avec le coussin encreur non encr\u00e9<\/li>\n<\/ul>\n","protected":false},"excerpt":{"rendered":"<p>Le coussin encreur Trodat 9054 est id\u00e9al pour encrer vos tampons en bois ou cachets \u00e0 encrage s\u00e9par\u00e9e.<\/p>\n<ul class=\"short-features\">\n<li><i class=\"fas fa-expand-alt\"><\/i><strong>Dimensions du coussin :<\/strong> 210 x 148 mm<\/li>\n<li><i class=\"fas fa-truck\"><\/i><strong>Exp\u00e9di\u00e9<\/strong> sous 1 \u00e0 2 jours ouvr\u00e9s<\/li>\n<\/ul>\n","protected":false},"featured_media":49895,"comment_status":"open","ping_status":"closed","template":"","meta":[],"product_brand":[940],"product_cat":[157],"product_tag":[],"class_list":{"0":"post-55976","1":"product","2":"type-product","3":"status-publish","4":"has-post-thumbnail","6":"product_brand-trodat","7":"product_cat-coussins-encreurs","8":"product_shipping_class-classe-l","10":"first","11":"instock","12":"taxable","13":"shipping-taxable","14":"purchasable","15":"product-type-variable","16":"has-default-attributes"},"exclude_global_add_ons":[],"addons":[],"_links":{"self":[{"href":"https:\/\/www.hanko.lu\/fr\/wp-json\/wp\/v2\/product\/55976","targetHints":{"allow":["GET"]}}],"collection":[{"href":"https:\/\/www.hanko.lu\/fr\/wp-json\/wp\/v2\/product"}],"about":[{"href":"https:\/\/www.hanko.lu\/fr\/wp-json\/wp\/v2\/types\/product"}],"replies":[{"embeddable":true,"href":"https:\/\/www.hanko.lu\/fr\/wp-json\/wp\/v2\/comments?post=55976"}],"wp:featuredmedia":[{"embeddable":true,"href":"https:\/\/www.hanko.lu\/fr\/wp-json\/wp\/v2\/media\/49895"}],"wp:attachment":[{"href":"https:\/\/www.hanko.lu\/fr\/wp-json\/wp\/v2\/media?parent=55976"}],"wp:term":[{"taxonomy":"product_brand","embeddable":true,"href":"https:\/\/www.hanko.lu\/fr\/wp-json\/wp\/v2\/product_brand?post=55976"},{"taxonomy":"product_cat","embeddable":true,"href":"https:\/\/www.hanko.lu\/fr\/wp-json\/wp\/v2\/product_cat?post=55976"},{"taxonomy":"product_tag","embeddable":true,"href":"https:\/\/www.hanko.lu\/fr\/wp-json\/wp\/v2\/product_tag?post=55976"}],"curies":[{"name":"wp","href":"https:\/\/api.w.org\/{rel}","templated":true}]}}