{"id":55977,"date":"2024-08-26T17:37:17","date_gmt":"2024-08-26T15:37:17","guid":{"rendered":"https:\/\/www.hanko.lu\/?post_type=product&#038;p=55977"},"modified":"2026-03-26T10:38:10","modified_gmt":"2026-03-26T09:38:10","slug":"coussin-encreur-colop-make-1","status":"publish","type":"product","link":"https:\/\/www.hanko.lu\/fr\/produit\/coussin-encreur-colop-make-1\/","title":{"rendered":"Coussin encreur COLOP MAKE 1"},"content":{"rendered":"<h2>Caract\u00e9ristiques du produit<\/h2>\n<ul>\n<li>100% fabriqu\u00e9 en Europe<\/li>\n<li>Temps de s\u00e9chage court (environ 3 secondes) pour les impressions<\/li>\n<li>Impressions nettes<\/li>\n<li>Encre \u00e0 l&rsquo;eau, sans acide et certifi\u00e9e REACH<\/li>\n<li>Couverture en PET compos\u00e9e \u00e0 80% de mat\u00e9riau recycl\u00e9<\/li>\n<li>Carton \u00e9cologique<\/li>\n<\/ul>\n","protected":false},"excerpt":{"rendered":"<p>La gamme COLOP MAKE 1 est disponible dans 13 couleurs diff\u00e9rentes pour des impressions d&rsquo;une nettet\u00e9 exceptionnelle.<\/p>\n<ul class=\"short-features\">\n<li><i class=\"fas fa-expand-alt\"><\/i><strong>Dimensions du coussin :<\/strong> 90 x 50 mm<\/li>\n<li><i class=\"fas fa-truck\"><\/i><strong>Exp\u00e9di\u00e9<\/strong> sous 2 \u00e0 3 jours ouvr\u00e9s<\/li>\n<\/ul>\n","protected":false},"featured_media":50644,"comment_status":"open","ping_status":"closed","template":"","meta":[],"product_brand":[],"product_cat":[157],"product_tag":[],"class_list":{"0":"post-55977","1":"product","2":"type-product","3":"status-publish","4":"has-post-thumbnail","6":"product_cat-coussins-encreurs","8":"first","9":"instock","10":"taxable","11":"shipping-taxable","12":"purchasable","13":"product-type-variable"},"exclude_global_add_ons":[],"addons":[],"_links":{"self":[{"href":"https:\/\/www.hanko.lu\/fr\/wp-json\/wp\/v2\/product\/55977","targetHints":{"allow":["GET"]}}],"collection":[{"href":"https:\/\/www.hanko.lu\/fr\/wp-json\/wp\/v2\/product"}],"about":[{"href":"https:\/\/www.hanko.lu\/fr\/wp-json\/wp\/v2\/types\/product"}],"replies":[{"embeddable":true,"href":"https:\/\/www.hanko.lu\/fr\/wp-json\/wp\/v2\/comments?post=55977"}],"wp:featuredmedia":[{"embeddable":true,"href":"https:\/\/www.hanko.lu\/fr\/wp-json\/wp\/v2\/media\/50644"}],"wp:attachment":[{"href":"https:\/\/www.hanko.lu\/fr\/wp-json\/wp\/v2\/media?parent=55977"}],"wp:term":[{"taxonomy":"product_brand","embeddable":true,"href":"https:\/\/www.hanko.lu\/fr\/wp-json\/wp\/v2\/product_brand?post=55977"},{"taxonomy":"product_cat","embeddable":true,"href":"https:\/\/www.hanko.lu\/fr\/wp-json\/wp\/v2\/product_cat?post=55977"},{"taxonomy":"product_tag","embeddable":true,"href":"https:\/\/www.hanko.lu\/fr\/wp-json\/wp\/v2\/product_tag?post=55977"}],"curies":[{"name":"wp","href":"https:\/\/api.w.org\/{rel}","templated":true}]}}