{"id":55978,"date":"2024-08-26T17:37:18","date_gmt":"2024-08-26T15:37:18","guid":{"rendered":"https:\/\/www.hanko.lu\/?post_type=product&#038;p=55978"},"modified":"2025-02-22T09:23:54","modified_gmt":"2025-02-22T08:23:54","slug":"encre-uv-804-de-colop","status":"publish","type":"product","link":"https:\/\/www.hanko.lu\/fr\/produit\/encre-uv-804-de-colop\/","title":{"rendered":"Encre UV 804 de COLOP"},"content":{"rendered":"","protected":false},"excerpt":{"rendered":"<p>L&rsquo;encre UV 804 de COLOP, \u00e9galement connue sous le nom d&rsquo;\u00ab encre invisible \u00bb se r\u00e9v\u00e8le sous lumi\u00e8re UV en devenant jaun\u00e2tre. Vous pouvez l&rsquo;utiliser <strong>pour marquer vos documents ou la peau<\/strong>.<\/p>\n<ul class=\"short-features\">\n<li><i class=\"fas fa-tint\"><\/i><strong>Contenu du flacon :<\/strong> 25 ml<\/li>\n<li><i class=\"fas fa-truck\"><\/i><strong>Exp\u00e9di\u00e9<\/strong> sous 1 \u00e0 2 jours ouvr\u00e9s<\/li>\n<\/ul>\n","protected":false},"featured_media":48919,"comment_status":"open","ping_status":"closed","template":"","meta":[],"product_brand":[],"product_cat":[156],"product_tag":[],"class_list":{"0":"post-55978","1":"product","2":"type-product","3":"status-publish","4":"has-post-thumbnail","6":"product_cat-encres-pour-tampons-encreurs","7":"product_shipping_class-classe-l","9":"first","10":"instock","11":"taxable","12":"shipping-taxable","13":"purchasable","14":"product-type-simple"},"exclude_global_add_ons":[],"addons":[],"_links":{"self":[{"href":"https:\/\/www.hanko.lu\/fr\/wp-json\/wp\/v2\/product\/55978","targetHints":{"allow":["GET"]}}],"collection":[{"href":"https:\/\/www.hanko.lu\/fr\/wp-json\/wp\/v2\/product"}],"about":[{"href":"https:\/\/www.hanko.lu\/fr\/wp-json\/wp\/v2\/types\/product"}],"replies":[{"embeddable":true,"href":"https:\/\/www.hanko.lu\/fr\/wp-json\/wp\/v2\/comments?post=55978"}],"wp:featuredmedia":[{"embeddable":true,"href":"https:\/\/www.hanko.lu\/fr\/wp-json\/wp\/v2\/media\/48919"}],"wp:attachment":[{"href":"https:\/\/www.hanko.lu\/fr\/wp-json\/wp\/v2\/media?parent=55978"}],"wp:term":[{"taxonomy":"product_brand","embeddable":true,"href":"https:\/\/www.hanko.lu\/fr\/wp-json\/wp\/v2\/product_brand?post=55978"},{"taxonomy":"product_cat","embeddable":true,"href":"https:\/\/www.hanko.lu\/fr\/wp-json\/wp\/v2\/product_cat?post=55978"},{"taxonomy":"product_tag","embeddable":true,"href":"https:\/\/www.hanko.lu\/fr\/wp-json\/wp\/v2\/product_tag?post=55978"}],"curies":[{"name":"wp","href":"https:\/\/api.w.org\/{rel}","templated":true}]}}