{"id":55980,"date":"2024-08-26T17:37:18","date_gmt":"2024-08-26T15:37:18","guid":{"rendered":"https:\/\/www.hanko.lu\/?post_type=product&#038;p=55980"},"modified":"2025-10-12T18:27:27","modified_gmt":"2025-10-12T16:27:27","slug":"encre-pour-textile-trodat-7750","status":"publish","type":"product","link":"https:\/\/www.hanko.lu\/fr\/produit\/encre-pour-textile-trodat-7750\/","title":{"rendered":"Encre pour textile Trodat 7750"},"content":{"rendered":"<h2>Caract\u00e9ristiques<\/h2>\n<ul>\n<li>Pour tamponner directement sur le textile<\/li>\n<li>R\u00e9siste \u00e0 de nombreux lavages <strong>jusqu&rsquo;\u00e0 95 \u00b0C<\/strong><\/li>\n<li>De nombreuses cassettes d&rsquo;encrage sont disponibles <a href=\"\/ink-color\/non-encre\/\">sans encre<\/a>, que vous pourrez encrer avec des encres sp\u00e9ciales comme celle-ci<\/li>\n<li><strong>Hypoallerg\u00e9nique<\/strong><\/li>\n<li>Tient sur diff\u00e9rents textiles comme le coton, le lin, le polyester, etc.<\/li>\n<li>Tr\u00e8s r\u00e9sistante aux solvants habituels utilis\u00e9s dans les pressings<\/li>\n<li>La cassette d\u2019encrage ne dess\u00e9chera pas pendant un an<\/li>\n<li>Convient aux tampons avec des plaques en caoutchouc ainsi qu&rsquo;aux tampons \u00e0 composer soi-m\u00eame<\/li>\n<\/ul>\n","protected":false},"excerpt":{"rendered":"<p>L&rsquo;encre Trodat 7750 permet de marquer de nombreux textiles et r\u00e9siste aux lavages en machine.<\/p>\n<ul class=\"short-features\">\n<li><i class=\"fas fa-tint\"><\/i><strong>Contenu du flacon :<\/strong> 28 ml<\/li>\n<li><i class=\"fas fa-palette\"><\/i><strong>Couleur de l&rsquo;encre :<\/strong> noire<\/li>\n<li><i class=\"fas fa-truck\"><\/i><strong>Exp\u00e9di\u00e9<\/strong> sous 3 \u00e0 4 jours ouvr\u00e9s<\/li>\n<\/ul>\n","protected":false},"featured_media":49542,"comment_status":"open","ping_status":"closed","template":"","meta":[],"product_brand":[],"product_cat":[156,448],"product_tag":[],"class_list":{"0":"post-55980","1":"product","2":"type-product","3":"status-publish","4":"has-post-thumbnail","6":"product_cat-encres-pour-tampons-encreurs","7":"product_cat-marquage-textile","8":"product_shipping_class-classe-l","10":"first","11":"instock","12":"taxable","13":"shipping-taxable","14":"purchasable","15":"product-type-simple"},"exclude_global_add_ons":[],"addons":[],"_links":{"self":[{"href":"https:\/\/www.hanko.lu\/fr\/wp-json\/wp\/v2\/product\/55980","targetHints":{"allow":["GET"]}}],"collection":[{"href":"https:\/\/www.hanko.lu\/fr\/wp-json\/wp\/v2\/product"}],"about":[{"href":"https:\/\/www.hanko.lu\/fr\/wp-json\/wp\/v2\/types\/product"}],"replies":[{"embeddable":true,"href":"https:\/\/www.hanko.lu\/fr\/wp-json\/wp\/v2\/comments?post=55980"}],"wp:featuredmedia":[{"embeddable":true,"href":"https:\/\/www.hanko.lu\/fr\/wp-json\/wp\/v2\/media\/49542"}],"wp:attachment":[{"href":"https:\/\/www.hanko.lu\/fr\/wp-json\/wp\/v2\/media?parent=55980"}],"wp:term":[{"taxonomy":"product_brand","embeddable":true,"href":"https:\/\/www.hanko.lu\/fr\/wp-json\/wp\/v2\/product_brand?post=55980"},{"taxonomy":"product_cat","embeddable":true,"href":"https:\/\/www.hanko.lu\/fr\/wp-json\/wp\/v2\/product_cat?post=55980"},{"taxonomy":"product_tag","embeddable":true,"href":"https:\/\/www.hanko.lu\/fr\/wp-json\/wp\/v2\/product_tag?post=55980"}],"curies":[{"name":"wp","href":"https:\/\/api.w.org\/{rel}","templated":true}]}}