{"id":55982,"date":"2024-08-26T17:37:19","date_gmt":"2024-08-26T15:37:19","guid":{"rendered":"https:\/\/www.hanko.lu\/?post_type=product&#038;p=55982"},"modified":"2025-02-23T22:27:39","modified_gmt":"2025-02-23T21:27:39","slug":"coussin-encreur-trodat-9053m","status":"publish","type":"product","link":"https:\/\/www.hanko.lu\/fr\/produit\/coussin-encreur-trodat-9053m\/","title":{"rendered":"Coussin encreur Trodat 9053M"},"content":{"rendered":"<h2>Caract\u00e9ristiques<\/h2>\n<ul>\n<li><strong>Encre \u00e0 base d\u2019eau ind\u00e9l\u00e9bile<\/strong>\u00a0conforme \u00e0 la norme DIN ISO 14145-15<\/li>\n<li>R\u00e9alisez des milliers d\u2019empreintes parfaites<\/li>\n<li>R\u00e9encrage simple et propre gr\u00e2ce \u00e0 l\u2019encre\u00a0<a href=\"https:\/\/www.hanko.lu\/produit\/encre-trodat-7011-pour-tampons-encreurs\/\">Trodat 7011<\/a><\/li>\n<li>Fabriqu\u00e9 de mani\u00e8re \u00e9cologique avec au moins 95% de plastique recycl\u00e9<\/li>\n<li>Couvercle en m\u00e9tal r\u00e9sistant avec un design haut de gamme et moderne<\/li>\n<\/ul>\n","protected":false},"excerpt":{"rendered":"<p>Coussin encreur Trodat 9053M avec couvercle en m\u00e9tal pour vos tampons en bois ou cachets \u00e0 encrage s\u00e9par\u00e9.<\/p>\n<ul class=\"short-features\">\n<li><i class=\"fas fa-expand-alt\"><\/i><strong>Dimensions du coussin :<\/strong> 160 x 90 mm<\/li>\n<li><i class=\"fas fa-truck\"><\/i><strong>Exp\u00e9di\u00e9<\/strong> sous 1 \u00e0 2 jours ouvr\u00e9s<\/li>\n<\/ul>\n","protected":false},"featured_media":51057,"comment_status":"open","ping_status":"closed","template":"","meta":[],"product_brand":[],"product_cat":[157],"product_tag":[],"class_list":{"0":"post-55982","1":"product","2":"type-product","3":"status-publish","4":"has-post-thumbnail","6":"product_cat-coussins-encreurs","7":"product_shipping_class-classe-l","9":"first","10":"instock","11":"sale","12":"taxable","13":"shipping-taxable","14":"purchasable","15":"product-type-variable","16":"has-default-attributes"},"exclude_global_add_ons":[],"addons":[],"_links":{"self":[{"href":"https:\/\/www.hanko.lu\/fr\/wp-json\/wp\/v2\/product\/55982","targetHints":{"allow":["GET"]}}],"collection":[{"href":"https:\/\/www.hanko.lu\/fr\/wp-json\/wp\/v2\/product"}],"about":[{"href":"https:\/\/www.hanko.lu\/fr\/wp-json\/wp\/v2\/types\/product"}],"replies":[{"embeddable":true,"href":"https:\/\/www.hanko.lu\/fr\/wp-json\/wp\/v2\/comments?post=55982"}],"wp:featuredmedia":[{"embeddable":true,"href":"https:\/\/www.hanko.lu\/fr\/wp-json\/wp\/v2\/media\/51057"}],"wp:attachment":[{"href":"https:\/\/www.hanko.lu\/fr\/wp-json\/wp\/v2\/media?parent=55982"}],"wp:term":[{"taxonomy":"product_brand","embeddable":true,"href":"https:\/\/www.hanko.lu\/fr\/wp-json\/wp\/v2\/product_brand?post=55982"},{"taxonomy":"product_cat","embeddable":true,"href":"https:\/\/www.hanko.lu\/fr\/wp-json\/wp\/v2\/product_cat?post=55982"},{"taxonomy":"product_tag","embeddable":true,"href":"https:\/\/www.hanko.lu\/fr\/wp-json\/wp\/v2\/product_tag?post=55982"}],"curies":[{"name":"wp","href":"https:\/\/api.w.org\/{rel}","templated":true}]}}