{"id":56658,"date":"2024-08-26T18:14:23","date_gmt":"2024-08-26T16:14:23","guid":{"rendered":"https:\/\/www.hanko.lu\/?post_type=product&#038;p=56658"},"modified":"2026-02-12T21:29:16","modified_gmt":"2026-02-12T20:29:16","slug":"tampon-dateur-trodat-professional-5480","status":"publish","type":"product","link":"https:\/\/www.hanko.lu\/fr\/produit\/tampon-dateur-trodat-professional-5480\/","title":{"rendered":"Tampon Dateur Trodat Professional 5480"},"content":{"rendered":"<p>Tampon dateur Trodat Professional 5480 avec date et plaque personnalisable rectangulaire de 68\u00a0x 47mm.<\/p>\n<ul>\n<li>La molette des ann\u00e9es\u00a0vous permettra de l&rsquo;utiliser pendant 12 ans<\/li>\n<li>Cassette d&rsquo;encrage int\u00e9gr\u00e9e : changement simple et propre, ne dess\u00e8che pas, aucune cassette d&rsquo;encrage s\u00e9par\u00e9e n\u00e9cessaire<\/li>\n<\/ul>\n<p><strong>Taille maximale de la plaque\u00a0<\/strong>: 68 x 47mm |\u00a0<strong>Coussin encreur :<\/strong> 6\/58, 6\/58\/2<\/p>\n<p><img loading=\"lazy\" decoding=\"async\" class=\"aligncenter size-full wp-image-7314\" src=\"https:\/\/www.hanko.lu\/wp-content\/uploads\/2017\/02\/hanko-luxembourg-date-stamp-versions.png\" alt=\"HANKO Luxembourg - Date disponible en diff\u00e9rentes versions\" width=\"672\" height=\"108\" \/><\/p>\n","protected":false},"excerpt":{"rendered":"<p>Tampon dateur Trodat Professional 5480 avec date et plaque personnalisable rectangulaire de 68\u00a0x 47mm.<\/p>\n","protected":false},"featured_media":47921,"comment_status":"closed","ping_status":"closed","template":"","meta":[],"product_brand":[940],"product_cat":[29],"product_tag":[],"class_list":{"0":"post-56658","1":"product","2":"type-product","3":"status-publish","4":"has-post-thumbnail","6":"product_brand-trodat","7":"product_cat-dateur-trodat-professional","8":"product_shipping_class-classe-l","10":"first","11":"instock","12":"taxable","13":"shipping-taxable","14":"purchasable","15":"product-type-simple"},"exclude_global_add_ons":false,"addons":[{"name":"Couleur de l'encre","type":"multiple_choice","position":0,"required":true,"title_format":"heading","description_enable":false,"description":"","placeholder_enable":false,"placeholder":"","display":"images","restrictions_type":"any_text","adjust_price":false,"price":"","price_type":"flat_fee","restrictions":false,"min":0,"max":0,"options":[{"label":"Encre noire","price":"","price_type":"flat_fee","image":40714},{"label":"Encre bleue","price":"","price_type":"flat_fee","image":40713},{"label":"Encre rouge","price":"","price_type":"flat_fee","image":40715},{"label":"Encre verte","price":"1","price_type":"flat_fee","image":40716},{"label":"Bicolore (rouge\/bleu)","price":"2.90","price_type":"flat_fee","image":41602},{"label":"Sans encre","price":"","price_type":"flat_fee","image":40720}],"id":1740401678},{"name":"Version de la date","type":"multiple_choice","position":1,"required":true,"title_format":"label","description_enable":false,"description":"","placeholder_enable":false,"placeholder":"","display":"select","restrictions_type":"any_text","adjust_price":false,"price":"","price_type":"flat_fee","restrictions":false,"min":0,"max":0,"options":[{"label":"Fran\u00e7aise","price":"","price_type":"flat_fee","image":0},{"label":"Allemande","price":"10","price_type":"flat_fee","image":0},{"label":"Anglaise","price":"10","price_type":"flat_fee","image":0},{"label":"Chiffres","price":"10","price_type":"flat_fee","image":0}],"id":1740470885},{"name":"Couleur de la bague","type":"multiple_choice","position":0,"required":false,"title_format":"label","description_enable":true,"description":"Apportez une touche de personnalisation \u00e0 votre Trodat Professional en choisissant une couleur diff\u00e9rente pour la bague de la poign\u00e9e. Par d\u00e9faut, la bague est noire, mais vous avez la possibilit\u00e9 de s\u00e9lectionner une couleur diff\u00e9rente.","placeholder_enable":false,"placeholder":"","display":"images","restrictions_type":"any_text","adjust_price":false,"price":"","price_type":"flat_fee","restrictions":false,"min":0,"max":0,"options":[{"label":"Rouge","price":"2","price_type":"flat_fee","image":45445},{"label":"Bleue","price":"2","price_type":"flat_fee","image":45442},{"label":"Verte","price":"2","price_type":"flat_fee","image":45446},{"label":"Blanche","price":"2","price_type":"flat_fee","image":45441},{"label":"Aspect m\u00e9tal","price":"2","price_type":"flat_fee","image":45443}],"id":1725532882},{"name":"Vid\u00e9o de fabrication","type":"checkbox","position":0,"required":false,"title_format":"heading","description_enable":true,"description":"Nous vous proposons une vid\u00e9o retra\u00e7ant les \u00e9tapes de fabrication de votre tampon, que nous vous transmettrons par la suite. En choisissant cette option, vous acceptez que la vid\u00e9o puisse \u00eatre publi\u00e9e sur nos r\u00e9seaux sociaux et\/ou sur notre site internet. Veuillez noter que si votre tampon contient des informations personnelles, celles-ci appara\u00eetront dans la vid\u00e9o. En cas de forte demande, nous ne pouvons toutefois pas garantir la r\u00e9alisation d\u2019une vid\u00e9o pour chaque commande.","placeholder_enable":false,"placeholder":"","display":"select","restrictions_type":"any_text","adjust_price":false,"price":"","price_type":"flat_fee","restrictions":false,"min":0,"max":0,"options":[{"label":"Cr\u00e9er une vid\u00e9o","price":"","price_type":"flat_fee","image":0}],"id":1750771751},{"name":"Importer un fichier","type":"file_upload","position":0,"required":false,"title_format":"heading","description_enable":true,"description":"Vous pouvez importer un fichier gr\u00e2ce au bouton ci-dessous afin de personnaliser la plaque de votre tampon.","placeholder_enable":false,"placeholder":"","display":"select","restrictions_type":"any_text","adjust_price":false,"price":"","price_type":"quantity_based","restrictions":false,"min":0,"max":0,"options":[],"id":1727099281},{"name":"Personnalisation","type":"custom_textarea","position":1,"required":false,"title_format":"heading","description_enable":true,"description":"Veuillez saisir le texte souhait\u00e9 pour la personnalisation de votre tampon ci-dessous. N'h\u00e9sitez pas \u00e0 ajouter des commentaires ou des instructions suppl\u00e9mentaires.","placeholder_enable":false,"placeholder":"","display":"select","restrictions_type":"any_text","adjust_price":false,"price":"","price_type":"quantity_based","restrictions":false,"min":0,"max":0,"options":[],"id":1727099283},{"name":"Alignement","type":"multiple_choice","position":2,"required":false,"title_format":"heading","description_enable":false,"description":"","placeholder_enable":false,"placeholder":"","display":"select","restrictions_type":"any_text","adjust_price":false,"price":"","price_type":"flat_fee","restrictions":false,"min":0,"max":0,"options":[{"label":"Texte centr\u00e9","price":"","price_type":"quantity_based","image":0},{"label":"Alignement \u00e0 gauche","price":"","price_type":"quantity_based","image":0},{"label":"Alignement \u00e0 droite","price":"","price_type":"quantity_based","image":0},{"label":"Justifi\u00e9","price":"","price_type":"quantity_based","image":0}],"id":1727099284},{"name":"Cadre","type":"multiple_choice","position":3,"required":false,"title_format":"heading","description_enable":false,"description":"","placeholder_enable":false,"placeholder":"","display":"select","restrictions_type":"any_text","adjust_price":false,"price":"","price_type":"flat_fee","restrictions":false,"min":0,"max":0,"options":[{"label":"Sans cadre","price":"","price_type":"quantity_based","image":0},{"label":"Ajouter un cadre simple","price":"","price_type":"quantity_based","image":0},{"label":"Ajouter un double cadre","price":"","price_type":"quantity_based","image":0}],"id":1727099285},{"name":"Police d'\u00e9criture","type":"multiple_choice","position":4,"required":false,"title_format":"heading","description_enable":true,"description":"Pour un r\u00e9sultat optimal, nous conseillons d'utiliser des polices d'\u00e9criture sans s\u00e9rif comme Arial ou Helvetica.","placeholder_enable":false,"placeholder":"","display":"select","restrictions_type":"any_text","adjust_price":false,"price":"","price_type":"flat_fee","restrictions":false,"min":0,"max":0,"options":[{"label":"Arial","price":"","price_type":"quantity_based","image":0},{"label":"Avant Garde","price":"","price_type":"quantity_based","image":0},{"label":"Futura","price":"","price_type":"quantity_based","image":0},{"label":"Helvetica","price":"","price_type":"quantity_based","image":0},{"label":"Verdana","price":"","price_type":"quantity_based","image":0},{"label":"Source Sans","price":"","price_type":"quantity_based","image":0},{"label":"Times New Roman","price":"","price_type":"quantity_based","image":0}],"id":1727099286},{"name":"\u00c9preuve","type":"checkbox","position":5,"required":false,"title_format":"heading","description_enable":true,"description":"Cochez la case ci-dessous afin de recevoir une \u00e9preuve pour approbation avant la production.","placeholder_enable":false,"placeholder":"","display":"select","restrictions_type":"any_text","adjust_price":false,"price":"","price_type":"flat_fee","restrictions":false,"min":0,"max":0,"options":[{"label":"Recevoir une \u00e9preuve","price":"","price_type":"quantity_based","image":0}],"id":1727099287}],"_links":{"self":[{"href":"https:\/\/www.hanko.lu\/fr\/wp-json\/wp\/v2\/product\/56658","targetHints":{"allow":["GET"]}}],"collection":[{"href":"https:\/\/www.hanko.lu\/fr\/wp-json\/wp\/v2\/product"}],"about":[{"href":"https:\/\/www.hanko.lu\/fr\/wp-json\/wp\/v2\/types\/product"}],"replies":[{"embeddable":true,"href":"https:\/\/www.hanko.lu\/fr\/wp-json\/wp\/v2\/comments?post=56658"}],"wp:featuredmedia":[{"embeddable":true,"href":"https:\/\/www.hanko.lu\/fr\/wp-json\/wp\/v2\/media\/47921"}],"wp:attachment":[{"href":"https:\/\/www.hanko.lu\/fr\/wp-json\/wp\/v2\/media?parent=56658"}],"wp:term":[{"taxonomy":"product_brand","embeddable":true,"href":"https:\/\/www.hanko.lu\/fr\/wp-json\/wp\/v2\/product_brand?post=56658"},{"taxonomy":"product_cat","embeddable":true,"href":"https:\/\/www.hanko.lu\/fr\/wp-json\/wp\/v2\/product_cat?post=56658"},{"taxonomy":"product_tag","embeddable":true,"href":"https:\/\/www.hanko.lu\/fr\/wp-json\/wp\/v2\/product_tag?post=56658"}],"curies":[{"name":"wp","href":"https:\/\/api.w.org\/{rel}","templated":true}]}}