{"id":56664,"date":"2024-08-26T18:14:24","date_gmt":"2024-08-26T16:14:24","guid":{"rendered":"https:\/\/www.hanko.lu\/?post_type=product&#038;p=56664"},"modified":"2025-02-25T08:40:27","modified_gmt":"2025-02-25T07:40:27","slug":"dateur-multi-formules-trodat-professional-5117","status":"publish","type":"product","link":"https:\/\/www.hanko.lu\/fr\/produit\/dateur-multi-formules-trodat-professional-5117\/","title":{"rendered":"Dateur multi formules Trodat Professional 5117"},"content":{"rendered":"<p>Le dateur Trodat Professional 5117 est un tampon dateur avec 12\u00a0formules disponible en version fran\u00e7aise, anglaise et allemande.<\/p>\n<p><strong>Fran\u00e7ais :<\/strong> R\u00c9PONDU, COMMAND\u00c9, EMBALL\u00c9, ANNUL\u00c9, FACTUR\u00c9, V\u00c9RIFI\u00c9, R\u00e9ceptionn\u00e9, LIVR\u00c9, PAY\u00c9, RE\u00c7U, EXP\u00c9DI\u00c9, COMPTABILIS\u00c9<\/p>\n<p><strong>Anglais : <\/strong>ANSWERED,\u00a0backordered, CANCELLED,BILLED,\u00a0RECEIVED, CHARGED, CHECKED, DELIVERED,\u00a0ENTERED,\u00a0PAID,\u00a0SHIPPED,\u00a0FAXED<\/p>\n<p><strong>Allemand :<\/strong> EINGEGANGEN, BEANTWORTEN,\u00a0ERLEDIGT, BESTELLT,\u00a0GEMAHNT, BEZAHLT,\u00a0\u00dcBERWIESEN, BETRAG ERH.,\u00a0FAKTURIERT, KONTROLLIERT,\u00a0GEBUCHT, TERMIN<\/p>\n","protected":false},"excerpt":{"rendered":"<p>Le dateur Trodat Professional 5117 est un tampon dateur avec 12\u00a0formules disponible en version fran\u00e7aise, anglaise et allemande.<\/p>\n","protected":false},"featured_media":47927,"comment_status":"open","ping_status":"closed","template":"","meta":[],"product_brand":[940],"product_cat":[29,123],"product_tag":[],"class_list":{"0":"post-56664","1":"product","2":"type-product","3":"status-publish","4":"has-post-thumbnail","6":"product_brand-trodat","7":"product_cat-dateur-trodat-professional","8":"product_cat-formules-standard","9":"product_shipping_class-classe-l","11":"first","12":"instock","13":"taxable","14":"shipping-taxable","15":"purchasable","16":"product-type-simple"},"exclude_global_add_ons":true,"addons":[{"name":"Couleur de l'encre","type":"multiple_choice","position":0,"required":true,"title_format":"heading","description_enable":false,"description":"","placeholder_enable":false,"placeholder":"","display":"images","restrictions_type":"any_text","adjust_price":false,"price":"","price_type":"flat_fee","restrictions":false,"min":0,"max":0,"options":[{"label":"Encre noire","price":"","price_type":"flat_fee","image":40714},{"label":"Encre bleue","price":"","price_type":"flat_fee","image":40713},{"label":"Encre rouge","price":"","price_type":"flat_fee","image":40715},{"label":"Encre verte","price":"1","price_type":"flat_fee","image":40716}],"id":1740472828}],"_links":{"self":[{"href":"https:\/\/www.hanko.lu\/fr\/wp-json\/wp\/v2\/product\/56664","targetHints":{"allow":["GET"]}}],"collection":[{"href":"https:\/\/www.hanko.lu\/fr\/wp-json\/wp\/v2\/product"}],"about":[{"href":"https:\/\/www.hanko.lu\/fr\/wp-json\/wp\/v2\/types\/product"}],"replies":[{"embeddable":true,"href":"https:\/\/www.hanko.lu\/fr\/wp-json\/wp\/v2\/comments?post=56664"}],"wp:featuredmedia":[{"embeddable":true,"href":"https:\/\/www.hanko.lu\/fr\/wp-json\/wp\/v2\/media\/47927"}],"wp:attachment":[{"href":"https:\/\/www.hanko.lu\/fr\/wp-json\/wp\/v2\/media?parent=56664"}],"wp:term":[{"taxonomy":"product_brand","embeddable":true,"href":"https:\/\/www.hanko.lu\/fr\/wp-json\/wp\/v2\/product_brand?post=56664"},{"taxonomy":"product_cat","embeddable":true,"href":"https:\/\/www.hanko.lu\/fr\/wp-json\/wp\/v2\/product_cat?post=56664"},{"taxonomy":"product_tag","embeddable":true,"href":"https:\/\/www.hanko.lu\/fr\/wp-json\/wp\/v2\/product_tag?post=56664"}],"curies":[{"name":"wp","href":"https:\/\/api.w.org\/{rel}","templated":true}]}}