{"id":56665,"date":"2024-08-26T18:14:24","date_gmt":"2024-08-26T16:14:24","guid":{"rendered":"https:\/\/www.hanko.lu\/?post_type=product&#038;p=56665"},"modified":"2024-09-20T16:47:26","modified_gmt":"2024-09-20T14:47:26","slug":"numeroteur-trodat-5546","status":"publish","type":"product","link":"https:\/\/www.hanko.lu\/fr\/produit\/numeroteur-trodat-5546\/","title":{"rendered":"Num\u00e9roteur Trodat 5546"},"content":{"rendered":"<ul>\n<li>Le Trodat 5546 est un tampon num\u00e9roteur manuel avec 6\u00a0bandes \u00e0 chiffres.<\/li>\n<li>Cassette d&rsquo;encrage int\u00e9gr\u00e9e: changement simple et propre, ne dess\u00e8che pas, aucune cassette d&rsquo;encrage s\u00e9par\u00e9e n\u00e9cessaire<\/li>\n<li>Les bandes de chiffres de haute performance brevet\u00e9es ainsi que la protection des bandes garantissent une manipulation propre lors du r\u00e9glage de la date<\/li>\n<\/ul>\n<p><strong>Pas de plaque de texte<\/strong> |<strong> Coussin encreur :<\/strong> <a href=\"https:\/\/www.hanko.lu\/produit\/cassette-encrage-trodat-6-50\/\">6\/50<\/a>, <a href=\"https:\/\/www.hanko.lu\/produit\/cassette-encrage-trodat-6-50\/\">6\/50\/2<\/a><\/p>\n","protected":false},"excerpt":{"rendered":"<p>Le Trodat 5546 est un tampon num\u00e9roteur manuel avec 6\u00a0bandes \u00e0 chiffres.<\/p>\n","protected":false},"featured_media":47928,"comment_status":"closed","ping_status":"closed","template":"","meta":[],"product_brand":[],"product_cat":[129],"product_tag":[],"class_list":{"0":"post-56665","1":"product","2":"type-product","3":"status-publish","4":"has-post-thumbnail","6":"product_cat-numeroteurs-trodat-professional","7":"product_shipping_class-classe-l","9":"first","10":"instock","11":"taxable","12":"shipping-taxable","13":"purchasable","14":"product-type-variable","15":"has-default-attributes"},"exclude_global_add_ons":[],"addons":[],"_links":{"self":[{"href":"https:\/\/www.hanko.lu\/fr\/wp-json\/wp\/v2\/product\/56665","targetHints":{"allow":["GET"]}}],"collection":[{"href":"https:\/\/www.hanko.lu\/fr\/wp-json\/wp\/v2\/product"}],"about":[{"href":"https:\/\/www.hanko.lu\/fr\/wp-json\/wp\/v2\/types\/product"}],"replies":[{"embeddable":true,"href":"https:\/\/www.hanko.lu\/fr\/wp-json\/wp\/v2\/comments?post=56665"}],"wp:featuredmedia":[{"embeddable":true,"href":"https:\/\/www.hanko.lu\/fr\/wp-json\/wp\/v2\/media\/47928"}],"wp:attachment":[{"href":"https:\/\/www.hanko.lu\/fr\/wp-json\/wp\/v2\/media?parent=56665"}],"wp:term":[{"taxonomy":"product_brand","embeddable":true,"href":"https:\/\/www.hanko.lu\/fr\/wp-json\/wp\/v2\/product_brand?post=56665"},{"taxonomy":"product_cat","embeddable":true,"href":"https:\/\/www.hanko.lu\/fr\/wp-json\/wp\/v2\/product_cat?post=56665"},{"taxonomy":"product_tag","embeddable":true,"href":"https:\/\/www.hanko.lu\/fr\/wp-json\/wp\/v2\/product_tag?post=56665"}],"curies":[{"name":"wp","href":"https:\/\/api.w.org\/{rel}","templated":true}]}}