{"id":56669,"date":"2024-08-26T18:14:25","date_gmt":"2024-08-26T16:14:25","guid":{"rendered":"https:\/\/www.hanko.lu\/?post_type=product&#038;p=56669"},"modified":"2024-09-20T16:48:38","modified_gmt":"2024-09-20T14:48:38","slug":"numeroteur-trodat-55510-pl","status":"publish","type":"product","link":"https:\/\/www.hanko.lu\/fr\/produit\/numeroteur-trodat-55510-pl\/","title":{"rendered":"Num\u00e9roteur Trodat 55510\/PL"},"content":{"rendered":"<p>Le Trodat 55510\/PL est un tampon num\u00e9roteur manuel avec 10 bandes \u00e0 chiffres.<\/p>\n<ul>\n<li>Poign\u00e9e ergonomique pour un confort d&rsquo;utilisation optimal<\/li>\n<li>Cassette d&rsquo;encrage int\u00e9gr\u00e9e: changement simple et propre, ne dess\u00e8che pas, aucune cassette d&rsquo;encrage s\u00e9par\u00e9e n\u00e9cessaire<\/li>\n<\/ul>\n<p><strong>Taille maximale de la plaque texte:\u00a0<\/strong>56 x 33mm<\/p>\n<p><strong>Coussin encreur :<\/strong> <a href=\"https:\/\/www.hanko.lu\/produit\/cassette-encrage-6-56\/\">6\/56<\/a><\/p>\n","protected":false},"excerpt":{"rendered":"<p>Le Trodat 55510\/PL est un tampon num\u00e9roteur manuel avec 10 bandes \u00e0 chiffres.<\/p>\n","protected":false},"featured_media":47932,"comment_status":"closed","ping_status":"closed","template":"","meta":[],"product_brand":[],"product_cat":[129],"product_tag":[],"class_list":{"0":"post-56669","1":"product","2":"type-product","3":"status-publish","4":"has-post-thumbnail","6":"product_cat-numeroteurs-trodat-professional","7":"product_shipping_class-classe-l","9":"first","10":"instock","11":"taxable","12":"shipping-taxable","13":"purchasable","14":"product-type-variable","15":"has-default-attributes"},"exclude_global_add_ons":[],"addons":[],"_links":{"self":[{"href":"https:\/\/www.hanko.lu\/fr\/wp-json\/wp\/v2\/product\/56669","targetHints":{"allow":["GET"]}}],"collection":[{"href":"https:\/\/www.hanko.lu\/fr\/wp-json\/wp\/v2\/product"}],"about":[{"href":"https:\/\/www.hanko.lu\/fr\/wp-json\/wp\/v2\/types\/product"}],"replies":[{"embeddable":true,"href":"https:\/\/www.hanko.lu\/fr\/wp-json\/wp\/v2\/comments?post=56669"}],"wp:featuredmedia":[{"embeddable":true,"href":"https:\/\/www.hanko.lu\/fr\/wp-json\/wp\/v2\/media\/47932"}],"wp:attachment":[{"href":"https:\/\/www.hanko.lu\/fr\/wp-json\/wp\/v2\/media?parent=56669"}],"wp:term":[{"taxonomy":"product_brand","embeddable":true,"href":"https:\/\/www.hanko.lu\/fr\/wp-json\/wp\/v2\/product_brand?post=56669"},{"taxonomy":"product_cat","embeddable":true,"href":"https:\/\/www.hanko.lu\/fr\/wp-json\/wp\/v2\/product_cat?post=56669"},{"taxonomy":"product_tag","embeddable":true,"href":"https:\/\/www.hanko.lu\/fr\/wp-json\/wp\/v2\/product_tag?post=56669"}],"curies":[{"name":"wp","href":"https:\/\/api.w.org\/{rel}","templated":true}]}}