{"id":56682,"date":"2024-08-26T18:14:52","date_gmt":"2024-08-26T16:14:52","guid":{"rendered":"https:\/\/www.hanko.lu\/?post_type=product&#038;p=56682"},"modified":"2026-04-13T18:02:48","modified_gmt":"2026-04-13T16:02:48","slug":"dateur-multi-formules-trodat-printy-4817","status":"publish","type":"product","link":"https:\/\/www.hanko.lu\/fr\/produit\/dateur-multi-formules-trodat-printy-4817\/","title":{"rendered":"Dateur multi formules Trodat Printy 4817"},"content":{"rendered":"<p>Le Trodat Printy 4817 est un tampon dateur avec 12 formules disponible en fran\u00e7ais uniquement.<\/p>\n<p><strong>Version fran\u00e7aise :<\/strong>\u00a0FAX\u00c9 LE, PAR E-MAIL LE, RE\u00c7U LE, R\u00c9PONDU LE, SAISI LE, RETOURN\u00c9 LE, V\u00c9RIFI\u00c9 LE, PAY\u00c9 LE, CONFIRM\u00c9 LE, FACTUR\u00c9 LE, EXP\u00c9DI\u00c9 LE, COMPTABILIS\u00c9 LE<\/p>\n<p><strong>Coussin encreur :<\/strong>\u00a06\/4817<\/p>\n","protected":false},"excerpt":{"rendered":"<p>Le Trodat Printy 4817 est un tampon dateur avec 12\u00a0formules disponible en fran\u00e7ais, anglais et allemand.<\/p>\n","protected":false},"featured_media":63738,"comment_status":"open","ping_status":"closed","template":"","meta":[],"product_brand":[],"product_cat":[28,123],"product_tag":[],"class_list":{"0":"post-56682","1":"product","2":"type-product","3":"status-publish","4":"has-post-thumbnail","6":"product_cat-dateur-trodat-printy","7":"product_cat-formules-standard","8":"product_shipping_class-classe-l","10":"first","11":"instock","12":"taxable","13":"shipping-taxable","14":"purchasable","15":"product-type-simple"},"exclude_global_add_ons":true,"addons":[{"name":"Couleur de l'encre","type":"multiple_choice","position":0,"required":true,"title_format":"heading","description_enable":false,"description":"","placeholder_enable":false,"placeholder":"","display":"images","restrictions_type":"any_text","adjust_price":false,"price":"","price_type":"flat_fee","restrictions":false,"min":0,"max":0,"options":[{"label":"Encre noire","price":"","price_type":"flat_fee","image":40714},{"label":"Encre bleue","price":"","price_type":"flat_fee","image":40713},{"label":"Encre rouge","price":"","price_type":"flat_fee","image":40715},{"label":"Encre verte","price":"1","price_type":"flat_fee","image":40716}],"id":1742213497}],"_links":{"self":[{"href":"https:\/\/www.hanko.lu\/fr\/wp-json\/wp\/v2\/product\/56682","targetHints":{"allow":["GET"]}}],"collection":[{"href":"https:\/\/www.hanko.lu\/fr\/wp-json\/wp\/v2\/product"}],"about":[{"href":"https:\/\/www.hanko.lu\/fr\/wp-json\/wp\/v2\/types\/product"}],"replies":[{"embeddable":true,"href":"https:\/\/www.hanko.lu\/fr\/wp-json\/wp\/v2\/comments?post=56682"}],"wp:featuredmedia":[{"embeddable":true,"href":"https:\/\/www.hanko.lu\/fr\/wp-json\/wp\/v2\/media\/63738"}],"wp:attachment":[{"href":"https:\/\/www.hanko.lu\/fr\/wp-json\/wp\/v2\/media?parent=56682"}],"wp:term":[{"taxonomy":"product_brand","embeddable":true,"href":"https:\/\/www.hanko.lu\/fr\/wp-json\/wp\/v2\/product_brand?post=56682"},{"taxonomy":"product_cat","embeddable":true,"href":"https:\/\/www.hanko.lu\/fr\/wp-json\/wp\/v2\/product_cat?post=56682"},{"taxonomy":"product_tag","embeddable":true,"href":"https:\/\/www.hanko.lu\/fr\/wp-json\/wp\/v2\/product_tag?post=56682"}],"curies":[{"name":"wp","href":"https:\/\/api.w.org\/{rel}","templated":true}]}}