{"id":56768,"date":"2024-08-26T18:16:01","date_gmt":"2024-08-26T16:16:01","guid":{"rendered":"https:\/\/www.hanko.lu\/?post_type=product&#038;p=56768"},"modified":"2026-04-13T11:10:55","modified_gmt":"2026-04-13T09:10:55","slug":"plaque-de-texte-pour-trodat-printy-4914","status":"publish","type":"product","link":"https:\/\/www.hanko.lu\/fr\/produit\/plaque-de-texte-pour-trodat-printy-4914\/","title":{"rendered":"Plaque de texte pour Trodat Printy 4914"},"content":{"rendered":"<p>Plaque en\u00a0caoutchouc pour votre Trodat Printy 4914. Tr\u00e8s faciles \u00e0 poser, toutes nos plaques sont livr\u00e9es avec une\u00a0carte d&rsquo;indexation et un autocollant double face.<\/p>\n<p><strong>Dimensions:<\/strong>\u00a064 x 26mm<\/p>\n<p>N&rsquo;oubliez pas de remplacer \u00e9galement la cassette d&rsquo;encrage qui est ab\u00eem\u00e9e par l&rsquo;ancienne plaque. <strong>Cassette d&rsquo;encrage pour Trodat 4914<\/strong>: <a href=\"https:\/\/www.hanko.lu\/produit\/cassette-dencrage-trodat-6-4914\/\">6\/4914<\/a><\/p>\n","protected":false},"excerpt":{"rendered":"<p>Plaque en\u00a0caoutchouc pour votre Trodat Printy 4914.<\/p>\n","protected":false},"featured_media":48116,"comment_status":"closed","ping_status":"closed","template":"","meta":[],"product_brand":[],"product_cat":[33,172],"product_tag":[],"class_list":{"0":"post-56768","1":"product","2":"type-product","3":"status-publish","4":"has-post-thumbnail","6":"product_cat-plaques-de-texte","7":"product_cat-trodat-printy-plaques-de-texte","8":"product_shipping_class-classe-s","10":"first","11":"instock","12":"taxable","13":"shipping-taxable","14":"purchasable","15":"product-type-simple"},"exclude_global_add_ons":false,"addons":[{"name":"Importer un fichier","type":"file_upload","position":0,"required":false,"title_format":"heading","description_enable":true,"description":"Vous pouvez importer un fichier gr\u00e2ce au bouton ci-dessous afin de personnaliser la plaque de votre tampon.","placeholder_enable":false,"placeholder":"","display":"select","restrictions_type":"any_text","adjust_price":false,"price":"","price_type":"quantity_based","restrictions":false,"min":0,"max":0,"options":[],"id":1727099281},{"name":"Personnalisation","type":"custom_textarea","position":1,"required":false,"title_format":"heading","description_enable":true,"description":"Veuillez saisir le texte souhait\u00e9 pour la personnalisation de votre tampon ci-dessous. N'h\u00e9sitez pas \u00e0 ajouter des commentaires ou des instructions suppl\u00e9mentaires.","placeholder_enable":false,"placeholder":"","display":"select","restrictions_type":"any_text","adjust_price":false,"price":"","price_type":"quantity_based","restrictions":false,"min":0,"max":0,"options":[],"id":1727099283},{"name":"Alignement","type":"multiple_choice","position":2,"required":false,"title_format":"heading","description_enable":false,"description":"","placeholder_enable":false,"placeholder":"","display":"select","restrictions_type":"any_text","adjust_price":false,"price":"","price_type":"flat_fee","restrictions":false,"min":0,"max":0,"options":[{"label":"Texte centr\u00e9","price":"","price_type":"quantity_based","image":0},{"label":"Alignement \u00e0 gauche","price":"","price_type":"quantity_based","image":0},{"label":"Alignement \u00e0 droite","price":"","price_type":"quantity_based","image":0},{"label":"Justifi\u00e9","price":"","price_type":"quantity_based","image":0}],"id":1727099284},{"name":"Cadre","type":"multiple_choice","position":3,"required":false,"title_format":"heading","description_enable":false,"description":"","placeholder_enable":false,"placeholder":"","display":"select","restrictions_type":"any_text","adjust_price":false,"price":"","price_type":"flat_fee","restrictions":false,"min":0,"max":0,"options":[{"label":"Sans cadre","price":"","price_type":"quantity_based","image":0},{"label":"Ajouter un cadre simple","price":"","price_type":"quantity_based","image":0},{"label":"Ajouter un double cadre","price":"","price_type":"quantity_based","image":0}],"id":1727099285},{"name":"Police d'\u00e9criture","type":"multiple_choice","position":4,"required":false,"title_format":"heading","description_enable":true,"description":"Pour un r\u00e9sultat optimal, nous conseillons d'utiliser des polices d'\u00e9criture sans s\u00e9rif comme Arial ou Helvetica.","placeholder_enable":false,"placeholder":"","display":"select","restrictions_type":"any_text","adjust_price":false,"price":"","price_type":"flat_fee","restrictions":false,"min":0,"max":0,"options":[{"label":"Arial","price":"","price_type":"quantity_based","image":0},{"label":"Avant Garde","price":"","price_type":"quantity_based","image":0},{"label":"Futura","price":"","price_type":"quantity_based","image":0},{"label":"Helvetica","price":"","price_type":"quantity_based","image":0},{"label":"Verdana","price":"","price_type":"quantity_based","image":0},{"label":"Source Sans","price":"","price_type":"quantity_based","image":0},{"label":"Times New Roman","price":"","price_type":"quantity_based","image":0}],"id":1727099286},{"name":"\u00c9preuve","type":"checkbox","position":5,"required":false,"title_format":"heading","description_enable":true,"description":"Cochez la case ci-dessous afin de recevoir une \u00e9preuve pour approbation avant la production.","placeholder_enable":false,"placeholder":"","display":"select","restrictions_type":"any_text","adjust_price":false,"price":"","price_type":"flat_fee","restrictions":false,"min":0,"max":0,"options":[{"label":"Recevoir une \u00e9preuve","price":"","price_type":"quantity_based","image":0}],"id":1727099287}],"_links":{"self":[{"href":"https:\/\/www.hanko.lu\/fr\/wp-json\/wp\/v2\/product\/56768","targetHints":{"allow":["GET"]}}],"collection":[{"href":"https:\/\/www.hanko.lu\/fr\/wp-json\/wp\/v2\/product"}],"about":[{"href":"https:\/\/www.hanko.lu\/fr\/wp-json\/wp\/v2\/types\/product"}],"replies":[{"embeddable":true,"href":"https:\/\/www.hanko.lu\/fr\/wp-json\/wp\/v2\/comments?post=56768"}],"wp:featuredmedia":[{"embeddable":true,"href":"https:\/\/www.hanko.lu\/fr\/wp-json\/wp\/v2\/media\/48116"}],"wp:attachment":[{"href":"https:\/\/www.hanko.lu\/fr\/wp-json\/wp\/v2\/media?parent=56768"}],"wp:term":[{"taxonomy":"product_brand","embeddable":true,"href":"https:\/\/www.hanko.lu\/fr\/wp-json\/wp\/v2\/product_brand?post=56768"},{"taxonomy":"product_cat","embeddable":true,"href":"https:\/\/www.hanko.lu\/fr\/wp-json\/wp\/v2\/product_cat?post=56768"},{"taxonomy":"product_tag","embeddable":true,"href":"https:\/\/www.hanko.lu\/fr\/wp-json\/wp\/v2\/product_tag?post=56768"}],"curies":[{"name":"wp","href":"https:\/\/api.w.org\/{rel}","templated":true}]}}