{"id":57651,"date":"2024-08-26T18:27:43","date_gmt":"2024-08-26T16:27:43","guid":{"rendered":"https:\/\/www.hanko.lu\/?post_type=product&#038;p=57651"},"modified":"2025-02-11T10:43:58","modified_gmt":"2025-02-11T09:43:58","slug":"dateur-trodat-classic-1020","status":"publish","type":"product","link":"https:\/\/www.hanko.lu\/fr\/produit\/dateur-trodat-classic-1020\/","title":{"rendered":"Dateur Trodat Classic 1020 &#8211; Date en fran\u00e7ais"},"content":{"rendered":"","protected":false},"excerpt":{"rendered":"<p>Le Trodat Classic 1020 est un petit tampon dateur \u00e0 encrage s\u00e9par\u00e9.<\/p>\n<p><strong>Hauteur des caract\u00e8res<\/strong> : 5mm<\/p>\n","protected":false},"featured_media":62591,"comment_status":"open","ping_status":"closed","template":"","meta":[],"product_brand":[],"product_cat":[394],"product_tag":[],"class_list":{"0":"post-57651","1":"product","2":"type-product","3":"status-publish","4":"has-post-thumbnail","6":"product_cat-dateur-trodat-classic","7":"product_shipping_class-classe-l","9":"first","10":"instock","11":"sale","12":"taxable","13":"shipping-taxable","14":"purchasable","15":"product-type-simple"},"exclude_global_add_ons":[],"addons":[],"_links":{"self":[{"href":"https:\/\/www.hanko.lu\/fr\/wp-json\/wp\/v2\/product\/57651","targetHints":{"allow":["GET"]}}],"collection":[{"href":"https:\/\/www.hanko.lu\/fr\/wp-json\/wp\/v2\/product"}],"about":[{"href":"https:\/\/www.hanko.lu\/fr\/wp-json\/wp\/v2\/types\/product"}],"replies":[{"embeddable":true,"href":"https:\/\/www.hanko.lu\/fr\/wp-json\/wp\/v2\/comments?post=57651"}],"wp:featuredmedia":[{"embeddable":true,"href":"https:\/\/www.hanko.lu\/fr\/wp-json\/wp\/v2\/media\/62591"}],"wp:attachment":[{"href":"https:\/\/www.hanko.lu\/fr\/wp-json\/wp\/v2\/media?parent=57651"}],"wp:term":[{"taxonomy":"product_brand","embeddable":true,"href":"https:\/\/www.hanko.lu\/fr\/wp-json\/wp\/v2\/product_brand?post=57651"},{"taxonomy":"product_cat","embeddable":true,"href":"https:\/\/www.hanko.lu\/fr\/wp-json\/wp\/v2\/product_cat?post=57651"},{"taxonomy":"product_tag","embeddable":true,"href":"https:\/\/www.hanko.lu\/fr\/wp-json\/wp\/v2\/product_tag?post=57651"}],"curies":[{"name":"wp","href":"https:\/\/api.w.org\/{rel}","templated":true}]}}