{"id":57683,"date":"2024-08-26T18:28:07","date_gmt":"2024-08-26T16:28:07","guid":{"rendered":"https:\/\/www.hanko.lu\/?post_type=product&#038;p=57683"},"modified":"2025-02-24T22:08:20","modified_gmt":"2025-02-24T21:08:20","slug":"numeroteur-automatique-trodat-5756-p-occasion","status":"publish","type":"product","link":"https:\/\/www.hanko.lu\/fr\/produit\/numeroteur-automatique-trodat-5756-p-occasion\/","title":{"rendered":"Num\u00e9roteur Automatique Trodat 5756\/P &#8211; Encre rouge [Occasion]"},"content":{"rendered":"","protected":false},"excerpt":{"rendered":"<p>Tamponnez tout simplement des num\u00e9ros d&rsquo;ordre sur des documents avec le num\u00e9roteur automatique Trodat 5756\/P. Ce num\u00e9roteur permet de tamponner six positions en continu ou en r\u00e9p\u00e9tition.<\/p>\n<p>Cadre en plastique | Taille de caract\u00e8res : 5,5 mm | Cassette d&rsquo;encrage : <a href=\"https:\/\/www.hanko.lu\/produit\/cassette-dencrage-trodat-6-5756\/\">Trodat 6\/5756<\/a><\/p>\n<p><strong>8 r\u00e9glages diff\u00e9rents :\u00a0<\/strong>R\u00e9p\u00e9t\u00e9 (0),\u00a0Continu (1),\u00a0Dupliqu\u00e9 (2),\u00a0R\u00e9p\u00e9tition 3, 4, 5, 6 ou 12 fois<\/p>\n<p>Il s\u2019agit d\u2019un produit d\u2019occasion en excellent \u00e9tat. Uniquement disponible avec de l\u2019encre rouge, dans la limite des stocks.<\/p>\n","protected":false},"featured_media":62700,"comment_status":"closed","ping_status":"closed","template":"","meta":[],"product_brand":[940],"product_cat":[158,128],"product_tag":[],"class_list":{"0":"post-57683","1":"product","2":"type-product","3":"status-publish","4":"has-post-thumbnail","6":"product_brand-trodat","7":"product_cat-numeroteurs-automatiques","8":"product_cat-tampons-numeroteurs","9":"product_shipping_class-classe-l","11":"first","12":"instock","13":"sale","14":"sold-individually","15":"taxable","16":"shipping-taxable","17":"purchasable","18":"product-type-simple"},"exclude_global_add_ons":[],"addons":[],"_links":{"self":[{"href":"https:\/\/www.hanko.lu\/fr\/wp-json\/wp\/v2\/product\/57683","targetHints":{"allow":["GET"]}}],"collection":[{"href":"https:\/\/www.hanko.lu\/fr\/wp-json\/wp\/v2\/product"}],"about":[{"href":"https:\/\/www.hanko.lu\/fr\/wp-json\/wp\/v2\/types\/product"}],"replies":[{"embeddable":true,"href":"https:\/\/www.hanko.lu\/fr\/wp-json\/wp\/v2\/comments?post=57683"}],"wp:featuredmedia":[{"embeddable":true,"href":"https:\/\/www.hanko.lu\/fr\/wp-json\/wp\/v2\/media\/62700"}],"wp:attachment":[{"href":"https:\/\/www.hanko.lu\/fr\/wp-json\/wp\/v2\/media?parent=57683"}],"wp:term":[{"taxonomy":"product_brand","embeddable":true,"href":"https:\/\/www.hanko.lu\/fr\/wp-json\/wp\/v2\/product_brand?post=57683"},{"taxonomy":"product_cat","embeddable":true,"href":"https:\/\/www.hanko.lu\/fr\/wp-json\/wp\/v2\/product_cat?post=57683"},{"taxonomy":"product_tag","embeddable":true,"href":"https:\/\/www.hanko.lu\/fr\/wp-json\/wp\/v2\/product_tag?post=57683"}],"curies":[{"name":"wp","href":"https:\/\/api.w.org\/{rel}","templated":true}]}}