{"id":57892,"date":"2024-08-26T18:31:09","date_gmt":"2024-08-26T16:31:09","guid":{"rendered":"https:\/\/www.hanko.lu\/?post_type=product&#038;p=57892"},"modified":"2025-12-19T10:04:16","modified_gmt":"2025-12-19T09:04:16","slug":"cartouche-dencre-c2-pour-colop-e-mark","status":"publish","type":"product","link":"https:\/\/www.hanko.lu\/fr\/produit\/cartouche-dencre-c2-pour-colop-e-mark\/","title":{"rendered":"Cartouche d&rsquo;encre C2 pour COLOP e-mark GO"},"content":{"rendered":"","protected":false},"excerpt":{"rendered":"<p>Sp\u00e9cialement con\u00e7u pour le COLOP e-mark, la cartouche d&rsquo;encre e-mark C2 est facilement rempla\u00e7able, durable et offre des impressions en quadrichromie. Obtenez jusqu&rsquo;\u00e0 1500 impressions avec votre COLOP e-mark gr\u00e2ce \u00e0 cette cartouche d&rsquo;encre.<\/p>\n<ul class=\"short-features\">\n<li><i class=\"fas fa-truck\"><\/i><strong>Exp\u00e9di\u00e9<\/strong> sous 2 \u00e0 3 jours<\/li>\n<\/ul>\n<h2>Caract\u00e9ristiques du produit<\/h2>\n<ul>\n<li>Cartouche d&rsquo;encre 3 couleurs (cyan, magenta et jaune) pour des impressions multicolores<\/li>\n<li>Jusqu&rsquo;\u00e0 1 500 impressions<\/li>\n<li>Applicable sur toutes les surfaces absorbantes<\/li>\n<li>Encre \u00e0 base d&rsquo;eau<\/li>\n<li>Compatible avec le <a href=\"https:\/\/www.hanko.lu\/produit\/colop-e-mark-tampon-electronique\/\"><strong>COLOP e-mark<\/strong><\/a>, le COLOP e-mark create et le <a href=\"https:\/\/www.hanko.lu\/produit\/colop-e-mark-go-imprimante-portable\/\"><strong>COLOP e-mark go<\/strong><\/a><\/li>\n<\/ul>\n","protected":false},"featured_media":49528,"comment_status":"open","ping_status":"closed","template":"","meta":[],"product_brand":[],"product_cat":[441,437],"product_tag":[],"class_list":{"0":"post-57892","1":"product","2":"type-product","3":"status-publish","4":"has-post-thumbnail","6":"product_cat-accessoires-colop-e-mark","7":"product_cat-colop-e-mark","8":"product_shipping_class-classe-l","10":"first","11":"instock","12":"taxable","13":"shipping-taxable","14":"purchasable","15":"product-type-simple"},"exclude_global_add_ons":[],"addons":[],"_links":{"self":[{"href":"https:\/\/www.hanko.lu\/fr\/wp-json\/wp\/v2\/product\/57892","targetHints":{"allow":["GET"]}}],"collection":[{"href":"https:\/\/www.hanko.lu\/fr\/wp-json\/wp\/v2\/product"}],"about":[{"href":"https:\/\/www.hanko.lu\/fr\/wp-json\/wp\/v2\/types\/product"}],"replies":[{"embeddable":true,"href":"https:\/\/www.hanko.lu\/fr\/wp-json\/wp\/v2\/comments?post=57892"}],"wp:featuredmedia":[{"embeddable":true,"href":"https:\/\/www.hanko.lu\/fr\/wp-json\/wp\/v2\/media\/49528"}],"wp:attachment":[{"href":"https:\/\/www.hanko.lu\/fr\/wp-json\/wp\/v2\/media?parent=57892"}],"wp:term":[{"taxonomy":"product_brand","embeddable":true,"href":"https:\/\/www.hanko.lu\/fr\/wp-json\/wp\/v2\/product_brand?post=57892"},{"taxonomy":"product_cat","embeddable":true,"href":"https:\/\/www.hanko.lu\/fr\/wp-json\/wp\/v2\/product_cat?post=57892"},{"taxonomy":"product_tag","embeddable":true,"href":"https:\/\/www.hanko.lu\/fr\/wp-json\/wp\/v2\/product_tag?post=57892"}],"curies":[{"name":"wp","href":"https:\/\/api.w.org\/{rel}","templated":true}]}}