{"id":57929,"date":"2024-08-26T18:31:38","date_gmt":"2024-08-26T16:31:38","guid":{"rendered":"https:\/\/www.hanko.lu\/?post_type=product&#038;p=57929"},"modified":"2024-09-21T18:24:39","modified_gmt":"2024-09-21T16:24:39","slug":"trodat-printy-4912-typo","status":"publish","type":"product","link":"https:\/\/www.hanko.lu\/fr\/produit\/trodat-printy-4912-typo\/","title":{"rendered":"Trodat Printy 4912 Typo"},"content":{"rendered":"<p>Personnalisez votre Trodat Printy 4912 Typo comme le vous voulez. Ce tampon encreur fourni avec deux jeux de caract\u00e8res vous permet de composer et de changer \u00e0 volont\u00e9 vous-m\u00eame votre texte.<\/p>\n<h3>Dans la bo\u00eete<\/h3>\n<ul class=\"text-indent\">\n<li>1 x tampon encreur <strong>Trodat Printy 4912<\/strong><\/li>\n<li>1 x jeu de 336 caract\u00e8res (r\u00e9f. <a href=\"https:\/\/www.hanko.lu\/produit\/jeu-de-caracteres-trodat-6003\/\">Trodat 6003<\/a>) avec chiffres, lettres, caract\u00e8res sp\u00e9ciaux et symboles<\/li>\n<li>1 x jeu de 228 caract\u00e8res (r\u00e9f. <a href=\"https:\/\/www.hanko.lu\/produit\/jeu-de-caracteres-trodat-6004\/\">Trodat 6004<\/a>) avec chiffres, lettres, caract\u00e8res sp\u00e9ciaux et symboles<\/li>\n<li>1 x cassette d&rsquo;encrage noire (r\u00e9f.: <a href=\"https:\/\/www.hanko.lu\/produit\/cassette-encrage-trodat-6-4912\/\">Trodat 6\/4912<\/a>)<\/li>\n<li>1 x pincette pour composer facilement\u00a0votre texte<\/li>\n<\/ul>\n<h3>Caract\u00e9ristiques<\/h3>\n<ul>\n<li>Dimensions de la plaque de texte : 47 x 18 mm<\/li>\n<li>Hauteur des caract\u00e8res : 3 mm (Trodat 6003) et 4 mm (Trodat 6004)<\/li>\n<li>Nombre de lignes de texte : jusqu&rsquo;\u00e0 4 lignes<\/li>\n<li>Couleur de l&rsquo;encre : noire<\/li>\n<\/ul>\n<h3>D\u00e9tail des jeux de caract\u00e8res<\/h3>\n<p>Jeu de caract\u00e8res Trodat 6003<\/p>\n<p><img loading=\"lazy\" decoding=\"async\" class=\"size-full wp-image-14215 alignnone\" src=\"https:\/\/www.hanko.lu\/wp-content\/uploads\/2019\/11\/hanko-luxembourg-trodat-6003-chacaters.png\" alt=\"HANKO Luxembourg - Jeu de caract\u00e8res Trodat 6003\" width=\"954\" height=\"402\" \/><\/p>\n<p>Jeu de caract\u00e8res Trodat 6004<\/p>\n<p><img loading=\"lazy\" decoding=\"async\" class=\"alignleft size-full wp-image-14216\" src=\"https:\/\/www.hanko.lu\/wp-content\/uploads\/2019\/11\/hanko-luxembourg-trodat-6004-chacaters.png\" alt=\"HANKO Luxembourg - Jeu de caract\u00e8res Trodat 6004\" width=\"794\" height=\"346\" \/><\/p>\n","protected":false},"excerpt":{"rendered":"<p>Le Trodat Printy 4912 Typo est un tampon encreur fourni avec deux jeux de caract\u00e8res vous permettant de composer et de changer \u00e0 volont\u00e9 vous-m\u00eame votre texte.<\/p>\n<p>Jusqu\u2019\u00e0 4 lignes de texte.<\/p>\n","protected":false},"featured_media":49573,"comment_status":"open","ping_status":"closed","template":"","meta":[],"product_brand":[],"product_cat":[449],"product_tag":[],"class_list":{"0":"post-57929","1":"product","2":"type-product","3":"status-publish","4":"has-post-thumbnail","6":"product_cat-tampons-typomatic","7":"product_shipping_class-classe-l","9":"first","10":"instock","11":"taxable","12":"shipping-taxable","13":"purchasable","14":"product-type-simple"},"exclude_global_add_ons":[],"addons":[],"_links":{"self":[{"href":"https:\/\/www.hanko.lu\/fr\/wp-json\/wp\/v2\/product\/57929","targetHints":{"allow":["GET"]}}],"collection":[{"href":"https:\/\/www.hanko.lu\/fr\/wp-json\/wp\/v2\/product"}],"about":[{"href":"https:\/\/www.hanko.lu\/fr\/wp-json\/wp\/v2\/types\/product"}],"replies":[{"embeddable":true,"href":"https:\/\/www.hanko.lu\/fr\/wp-json\/wp\/v2\/comments?post=57929"}],"wp:featuredmedia":[{"embeddable":true,"href":"https:\/\/www.hanko.lu\/fr\/wp-json\/wp\/v2\/media\/49573"}],"wp:attachment":[{"href":"https:\/\/www.hanko.lu\/fr\/wp-json\/wp\/v2\/media?parent=57929"}],"wp:term":[{"taxonomy":"product_brand","embeddable":true,"href":"https:\/\/www.hanko.lu\/fr\/wp-json\/wp\/v2\/product_brand?post=57929"},{"taxonomy":"product_cat","embeddable":true,"href":"https:\/\/www.hanko.lu\/fr\/wp-json\/wp\/v2\/product_cat?post=57929"},{"taxonomy":"product_tag","embeddable":true,"href":"https:\/\/www.hanko.lu\/fr\/wp-json\/wp\/v2\/product_tag?post=57929"}],"curies":[{"name":"wp","href":"https:\/\/api.w.org\/{rel}","templated":true}]}}