{"id":58247,"date":"2024-08-26T18:35:17","date_gmt":"2024-08-26T16:35:17","guid":{"rendered":"https:\/\/www.hanko.lu\/?post_type=product&#038;p=58247"},"modified":"2025-10-09T10:14:43","modified_gmt":"2025-10-09T08:14:43","slug":"trodat-pocket-printy-9512-5-lignes","status":"publish","type":"product","link":"https:\/\/www.hanko.lu\/fr\/produit\/trodat-pocket-printy-9512-5-lignes\/","title":{"rendered":"Trodat Pocket Printy 9512 | 5 lignes"},"content":{"rendered":"","protected":false},"excerpt":{"rendered":"<p>Le Trodat Pocket Printy 9512 un tampon de poche con\u00e7u pour une utilisation nomade. Cordon pour attacher disponible en option.<\/p>\n<p>Dimensions de la plaque : <span class=\"semi-bold ng-binding\">47 mm x 18 mm<\/span> | Jusqu&rsquo;\u00e0 5 lignes de texte<\/p>\n","protected":false},"featured_media":49920,"comment_status":"open","ping_status":"closed","template":"","meta":[],"product_brand":[],"product_cat":[37],"product_tag":[],"class_list":{"0":"post-58247","1":"product","2":"type-product","3":"status-publish","4":"has-post-thumbnail","6":"product_cat-tampons-de-poche","7":"product_shipping_class-classe-l","9":"first","10":"instock","11":"taxable","12":"shipping-taxable","13":"purchasable","14":"product-type-variable","15":"has-default-attributes"},"exclude_global_add_ons":false,"addons":[{"name":"Couleur de l'encre","type":"multiple_choice","position":0,"required":true,"title_format":"heading","description_enable":false,"description":"","placeholder_enable":false,"placeholder":"","display":"images","restrictions_type":"any_text","adjust_price":false,"price":"","price_type":"flat_fee","restrictions":false,"min":0,"max":0,"options":[{"label":"Encre noire","price":"","price_type":"flat_fee","image":40714},{"label":"Encre bleue","price":"","price_type":"flat_fee","image":40713},{"label":"Encre rouge","price":"","price_type":"flat_fee","image":40715},{"label":"Sans encre","price":"","price_type":"flat_fee","image":40720}],"id":1742562756},{"name":"Accessoires","type":"multiple_choice","position":1,"required":false,"title_format":"label","description_enable":false,"description":"","placeholder_enable":false,"placeholder":"","display":"images","restrictions_type":"any_text","adjust_price":false,"price":"","price_type":"flat_fee","restrictions":false,"min":0,"max":0,"options":[{"label":"Avec cordon","price":"2.95","price_type":"flat_fee","image":28300}],"id":1742562847},{"name":"Vid\u00e9o de fabrication","type":"checkbox","position":0,"required":false,"title_format":"heading","description_enable":true,"description":"Nous vous proposons une vid\u00e9o retra\u00e7ant les \u00e9tapes de fabrication de votre tampon, que nous vous transmettrons par la suite. En choisissant cette option, vous acceptez que la vid\u00e9o puisse \u00eatre publi\u00e9e sur nos r\u00e9seaux sociaux et\/ou sur notre site internet. Veuillez noter que si votre tampon contient des informations personnelles, celles-ci appara\u00eetront dans la vid\u00e9o. En cas de forte demande, nous ne pouvons toutefois pas garantir la r\u00e9alisation d\u2019une vid\u00e9o pour chaque commande.","placeholder_enable":false,"placeholder":"","display":"select","restrictions_type":"any_text","adjust_price":false,"price":"","price_type":"flat_fee","restrictions":false,"min":0,"max":0,"options":[{"label":"Cr\u00e9er une vid\u00e9o","price":"","price_type":"flat_fee","image":0}],"id":1750771751},{"name":"Importer un fichier","type":"file_upload","position":0,"required":false,"title_format":"heading","description_enable":true,"description":"Vous pouvez importer un fichier gr\u00e2ce au bouton ci-dessous afin de personnaliser la plaque de votre tampon.","placeholder_enable":false,"placeholder":"","display":"select","restrictions_type":"any_text","adjust_price":false,"price":"","price_type":"quantity_based","restrictions":false,"min":0,"max":0,"options":[],"id":1727099281},{"name":"Personnalisation","type":"custom_textarea","position":1,"required":false,"title_format":"heading","description_enable":true,"description":"Veuillez saisir le texte souhait\u00e9 pour la personnalisation de votre tampon ci-dessous. N'h\u00e9sitez pas \u00e0 ajouter des commentaires ou des instructions suppl\u00e9mentaires.","placeholder_enable":false,"placeholder":"","display":"select","restrictions_type":"any_text","adjust_price":false,"price":"","price_type":"quantity_based","restrictions":false,"min":0,"max":0,"options":[],"id":1727099283},{"name":"Alignement","type":"multiple_choice","position":2,"required":false,"title_format":"heading","description_enable":false,"description":"","placeholder_enable":false,"placeholder":"","display":"select","restrictions_type":"any_text","adjust_price":false,"price":"","price_type":"flat_fee","restrictions":false,"min":0,"max":0,"options":[{"label":"Texte centr\u00e9","price":"","price_type":"quantity_based","image":0},{"label":"Alignement \u00e0 gauche","price":"","price_type":"quantity_based","image":0},{"label":"Alignement \u00e0 droite","price":"","price_type":"quantity_based","image":0},{"label":"Justifi\u00e9","price":"","price_type":"quantity_based","image":0}],"id":1727099284},{"name":"Cadre","type":"multiple_choice","position":3,"required":false,"title_format":"heading","description_enable":false,"description":"","placeholder_enable":false,"placeholder":"","display":"select","restrictions_type":"any_text","adjust_price":false,"price":"","price_type":"flat_fee","restrictions":false,"min":0,"max":0,"options":[{"label":"Sans cadre","price":"","price_type":"quantity_based","image":0},{"label":"Ajouter un cadre simple","price":"","price_type":"quantity_based","image":0},{"label":"Ajouter un double cadre","price":"","price_type":"quantity_based","image":0}],"id":1727099285},{"name":"Police d'\u00e9criture","type":"multiple_choice","position":4,"required":false,"title_format":"heading","description_enable":true,"description":"Pour un r\u00e9sultat optimal, nous conseillons d'utiliser des polices d'\u00e9criture sans s\u00e9rif comme Arial ou Helvetica.","placeholder_enable":false,"placeholder":"","display":"select","restrictions_type":"any_text","adjust_price":false,"price":"","price_type":"flat_fee","restrictions":false,"min":0,"max":0,"options":[{"label":"Arial","price":"","price_type":"quantity_based","image":0},{"label":"Avant Garde","price":"","price_type":"quantity_based","image":0},{"label":"Futura","price":"","price_type":"quantity_based","image":0},{"label":"Helvetica","price":"","price_type":"quantity_based","image":0},{"label":"Verdana","price":"","price_type":"quantity_based","image":0},{"label":"Source Sans","price":"","price_type":"quantity_based","image":0},{"label":"Times New Roman","price":"","price_type":"quantity_based","image":0}],"id":1727099286},{"name":"\u00c9preuve","type":"checkbox","position":5,"required":false,"title_format":"heading","description_enable":true,"description":"Cochez la case ci-dessous afin de recevoir une \u00e9preuve pour approbation avant la production.","placeholder_enable":false,"placeholder":"","display":"select","restrictions_type":"any_text","adjust_price":false,"price":"","price_type":"flat_fee","restrictions":false,"min":0,"max":0,"options":[{"label":"Recevoir une \u00e9preuve","price":"","price_type":"quantity_based","image":0}],"id":1727099287}],"_links":{"self":[{"href":"https:\/\/www.hanko.lu\/fr\/wp-json\/wp\/v2\/product\/58247","targetHints":{"allow":["GET"]}}],"collection":[{"href":"https:\/\/www.hanko.lu\/fr\/wp-json\/wp\/v2\/product"}],"about":[{"href":"https:\/\/www.hanko.lu\/fr\/wp-json\/wp\/v2\/types\/product"}],"replies":[{"embeddable":true,"href":"https:\/\/www.hanko.lu\/fr\/wp-json\/wp\/v2\/comments?post=58247"}],"wp:featuredmedia":[{"embeddable":true,"href":"https:\/\/www.hanko.lu\/fr\/wp-json\/wp\/v2\/media\/49920"}],"wp:attachment":[{"href":"https:\/\/www.hanko.lu\/fr\/wp-json\/wp\/v2\/media?parent=58247"}],"wp:term":[{"taxonomy":"product_brand","embeddable":true,"href":"https:\/\/www.hanko.lu\/fr\/wp-json\/wp\/v2\/product_brand?post=58247"},{"taxonomy":"product_cat","embeddable":true,"href":"https:\/\/www.hanko.lu\/fr\/wp-json\/wp\/v2\/product_cat?post=58247"},{"taxonomy":"product_tag","embeddable":true,"href":"https:\/\/www.hanko.lu\/fr\/wp-json\/wp\/v2\/product_tag?post=58247"}],"curies":[{"name":"wp","href":"https:\/\/api.w.org\/{rel}","templated":true}]}}