{"id":58887,"date":"2024-08-26T18:42:46","date_gmt":"2024-08-26T16:42:46","guid":{"rendered":"https:\/\/www.hanko.lu\/?post_type=product&#038;p=58887"},"modified":"2024-08-26T18:52:01","modified_gmt":"2024-08-26T16:52:01","slug":"plaque-autocollante-pas-de-publicite-s-v-p","status":"publish","type":"product","link":"https:\/\/www.hanko.lu\/fr\/produit\/plaque-autocollante-pas-de-publicite-s-v-p\/","title":{"rendered":"Plaque autocollante &#8211; Pas de publicit\u00e9! S.V.P."},"content":{"rendered":"<p>Plaque adh\u00e9sive pour bo\u00eetes aux lettres avec le texte \u00ab <strong>Pas de publicit\u00e9! S.V.P.<\/strong>\u00a0\u00bb.<\/p>\n<h2>Caract\u00e8ristiques<\/h2>\n<ul>\n<li>Peut \u00eatre utilis\u00e9e \u00e0 l&rsquo;ext\u00e9rieur comme \u00e0 l&rsquo;int\u00e9rieur<\/li>\n<li>Plaque pr\u00e9-adh\u00e9siv\u00e9e<\/li>\n<li>Grav\u00e9e au laser<\/li>\n<li>Disponible en 4 couleurs : blanc, noir, argent bross\u00e9 et or bross\u00e9<\/li>\n<li>Disponible en 2 \u00e9paisseurs : 0,1 mm et 1,6 mm<\/li>\n<li>R\u00e9siste aux intemp\u00e9ries, au froid et aux UV<\/li>\n<li>Mati\u00e8re : acrylique<\/li>\n<\/ul>\n<h3>Applications<\/h3>\n<ul>\n<li>Plaques pour bo\u00eetes aux lettres ou sonnettes<\/li>\n<li>Ces plaques peuvent \u00eatre coll\u00e9es sur toute surface lisse, comme le m\u00e9tal, le plastique, le verre, etc.<\/li>\n<\/ul>\n","protected":false},"excerpt":{"rendered":"<p>Plaque adh\u00e9sive pour bo\u00eetes aux lettres avec le texte \u00ab <strong>Pas de publicit\u00e9! S.V.P.<\/strong> \u00bb.<\/p>\n<p><strong>Dimensions :<\/strong> 70 x 25 mm<\/p>\n<p><i class=\"fas fa-truck\"><\/i> Habituellement exp\u00e9di\u00e9 sous 1 \u00e0 2 jours<\/p>\n","protected":false},"featured_media":50613,"comment_status":"open","ping_status":"closed","template":"","meta":[],"product_brand":[],"product_cat":[44],"product_tag":[],"class_list":{"0":"post-58887","1":"product","2":"type-product","3":"status-publish","4":"has-post-thumbnail","6":"product_cat-plaques-personnalisees","7":"product_shipping_class-classe-s","9":"first","10":"instock","11":"taxable","12":"shipping-taxable","13":"purchasable","14":"product-type-variable","15":"has-default-attributes"},"exclude_global_add_ons":[],"addons":[],"_links":{"self":[{"href":"https:\/\/www.hanko.lu\/fr\/wp-json\/wp\/v2\/product\/58887","targetHints":{"allow":["GET"]}}],"collection":[{"href":"https:\/\/www.hanko.lu\/fr\/wp-json\/wp\/v2\/product"}],"about":[{"href":"https:\/\/www.hanko.lu\/fr\/wp-json\/wp\/v2\/types\/product"}],"replies":[{"embeddable":true,"href":"https:\/\/www.hanko.lu\/fr\/wp-json\/wp\/v2\/comments?post=58887"}],"wp:featuredmedia":[{"embeddable":true,"href":"https:\/\/www.hanko.lu\/fr\/wp-json\/wp\/v2\/media\/50613"}],"wp:attachment":[{"href":"https:\/\/www.hanko.lu\/fr\/wp-json\/wp\/v2\/media?parent=58887"}],"wp:term":[{"taxonomy":"product_brand","embeddable":true,"href":"https:\/\/www.hanko.lu\/fr\/wp-json\/wp\/v2\/product_brand?post=58887"},{"taxonomy":"product_cat","embeddable":true,"href":"https:\/\/www.hanko.lu\/fr\/wp-json\/wp\/v2\/product_cat?post=58887"},{"taxonomy":"product_tag","embeddable":true,"href":"https:\/\/www.hanko.lu\/fr\/wp-json\/wp\/v2\/product_tag?post=58887"}],"curies":[{"name":"wp","href":"https:\/\/api.w.org\/{rel}","templated":true}]}}