{"id":58952,"date":"2024-08-26T18:43:37","date_gmt":"2024-08-26T16:43:37","guid":{"rendered":"https:\/\/www.hanko.lu\/?post_type=product&#038;p=58952"},"modified":"2025-11-01T15:55:20","modified_gmt":"2025-11-01T14:55:20","slug":"pince-a-gaufrer-shiny-eh-o50mm","status":"publish","type":"product","link":"https:\/\/www.hanko.lu\/fr\/produit\/pince-a-gaufrer-shiny-eh-o50mm\/","title":{"rendered":"Pince \u00e0 gaufrer Shiny EH \u00d850mm"},"content":{"rendered":"<p>La pince \u00e0 gaufrer Shiny EH vous permet d\u2019apposer un tampon en relief sur du papier \u00e0 lettres, dipl\u00f4mes, certificats, enveloppes ou autres documents pour en faire des exemplaires uniques. Produit de haute qualit\u00e9, adapt\u00e9 \u00e0 une utilisation intensive.<\/p>\n<h2>Caract\u00e9ristiques<\/h2>\n<ul>\n<li>Diam\u00e8tre : 50 mm<\/li>\n<li>Marque : <a href=\"https:\/\/www.hanko.lu\/etiquette-produit\/shiny\/\">Shiny<\/a><\/li>\n<li>Profondeur d&rsquo;insertion : 5,5 cm<\/li>\n<li>Conseill\u00e9 pour du papier jusqu&rsquo;\u00e0 150 grammes<\/li>\n<li>Couleur de la pince : noire<\/li>\n<li>Mati\u00e8re : acier<\/li>\n<li>Garantie 10 ans<\/li>\n<\/ul>\n<h2>Direction de gaufrage<\/h2>\n<p>Quatre directions de gaufrage sont possibles : \u00e0 partir du bas, du haut, de la droite et de la gauche. Dans la repr\u00e9sentation graphique ci-dessous, vous voyez \u00e0 quel endroit du papier l&#8217;empreinte doit appara\u00eetre. Veuillez choisir la direction de gaufrage en fonction de vos besoins.<\/p>\n<p><img loading=\"lazy\" decoding=\"async\" class=\"alignnone size-large wp-image-34470\" style=\"margin-top: 35px;\" role=\"img\" src=\"https:\/\/www.hanko.lu\/wp-content\/uploads\/2021\/11\/hanko-luxembourg-position-gaufrage.svg\" alt=\"HANKO Luxembourg - de la pince \u00e0 gaufrer\" width=\"980\" height=\"980\" \/><\/p>\n","protected":false},"excerpt":{"rendered":"<p>Utilisez la pince \u00e0 gaufrer Shiny EH pour d\u00e9corer des \u00e9tiquettes, tickets, sachets, papier \u00e0 en-t\u00eate, lettres, brochures, etc.<\/p>\n<p><strong>Dimensions : <\/strong>\u00d8 50 mm <i class=\"fas fa-truck pad-left\"><\/i> Habituellement exp\u00e9di\u00e9 sous 5 \u00e0 6 jours<\/p>\n","protected":false},"featured_media":50715,"comment_status":"open","ping_status":"closed","template":"","meta":[],"product_brand":[],"product_cat":[31,530],"product_tag":[],"class_list":{"0":"post-58952","1":"product","2":"type-product","3":"status-publish","4":"has-post-thumbnail","6":"product_cat-pince-a-gaufrer","7":"product_cat-pinces-a-gaufrer-shiny","8":"product_shipping_class-classe-l","10":"first","11":"instock","12":"taxable","13":"shipping-taxable","14":"purchasable","15":"product-type-simple"},"exclude_global_add_ons":false,"addons":[{"name":"Direction de gaufrage","type":"multiple_choice","position":0,"required":true,"title_format":"label","description_enable":false,"description":"","placeholder_enable":false,"placeholder":"","display":"radiobutton","restrictions_type":"any_text","adjust_price":false,"price":"","price_type":"flat_fee","restrictions":false,"min":0,"max":0,"options":[{"label":"Par le bas","price":"","price_type":"flat_fee","image":0},{"label":"Par le haut","price":"","price_type":"flat_fee","image":0},{"label":"Par la droite","price":"","price_type":"flat_fee","image":0},{"label":"Par la gauche","price":"","price_type":"flat_fee","image":0}],"id":1739033818},{"name":"Accessoires","type":"checkbox","position":1,"required":false,"title_format":"label","description_enable":false,"description":"","placeholder_enable":false,"placeholder":"","display":"select","restrictions_type":"any_text","adjust_price":false,"price":"","price_type":"flat_fee","restrictions":false,"min":0,"max":0,"options":[{"label":"\u00c9tiquettes adh\u00e9sives \u00e0 gaufrer (250pc.) - Argent","price":"32.95","price_type":"flat_fee","image":0}],"id":1739033758},{"name":"Importer un fichier","type":"file_upload","position":0,"required":false,"title_format":"heading","description_enable":true,"description":"Vous pouvez importer un fichier gr\u00e2ce au bouton ci-dessous afin de personnaliser la plaque de votre tampon.","placeholder_enable":false,"placeholder":"","display":"select","restrictions_type":"any_text","adjust_price":false,"price":"","price_type":"quantity_based","restrictions":false,"min":0,"max":0,"options":[],"id":1727099281},{"name":"Personnalisation","type":"custom_textarea","position":1,"required":false,"title_format":"heading","description_enable":true,"description":"Veuillez saisir le texte souhait\u00e9 pour la personnalisation de votre tampon ci-dessous. N'h\u00e9sitez pas \u00e0 ajouter des commentaires ou des instructions suppl\u00e9mentaires.","placeholder_enable":false,"placeholder":"","display":"select","restrictions_type":"any_text","adjust_price":false,"price":"","price_type":"quantity_based","restrictions":false,"min":0,"max":0,"options":[],"id":1727099283},{"name":"Alignement","type":"multiple_choice","position":2,"required":false,"title_format":"heading","description_enable":false,"description":"","placeholder_enable":false,"placeholder":"","display":"select","restrictions_type":"any_text","adjust_price":false,"price":"","price_type":"flat_fee","restrictions":false,"min":0,"max":0,"options":[{"label":"Texte centr\u00e9","price":"","price_type":"quantity_based","image":0},{"label":"Alignement \u00e0 gauche","price":"","price_type":"quantity_based","image":0},{"label":"Alignement \u00e0 droite","price":"","price_type":"quantity_based","image":0},{"label":"Justifi\u00e9","price":"","price_type":"quantity_based","image":0}],"id":1727099284},{"name":"Cadre","type":"multiple_choice","position":3,"required":false,"title_format":"heading","description_enable":false,"description":"","placeholder_enable":false,"placeholder":"","display":"select","restrictions_type":"any_text","adjust_price":false,"price":"","price_type":"flat_fee","restrictions":false,"min":0,"max":0,"options":[{"label":"Sans cadre","price":"","price_type":"quantity_based","image":0},{"label":"Ajouter un cadre simple","price":"","price_type":"quantity_based","image":0},{"label":"Ajouter un double cadre","price":"","price_type":"quantity_based","image":0}],"id":1727099285},{"name":"Police d'\u00e9criture","type":"multiple_choice","position":4,"required":false,"title_format":"heading","description_enable":true,"description":"Pour un r\u00e9sultat optimal, nous conseillons d'utiliser des polices d'\u00e9criture sans s\u00e9rif comme Arial ou Helvetica.","placeholder_enable":false,"placeholder":"","display":"select","restrictions_type":"any_text","adjust_price":false,"price":"","price_type":"flat_fee","restrictions":false,"min":0,"max":0,"options":[{"label":"Arial","price":"","price_type":"quantity_based","image":0},{"label":"Avant Garde","price":"","price_type":"quantity_based","image":0},{"label":"Futura","price":"","price_type":"quantity_based","image":0},{"label":"Helvetica","price":"","price_type":"quantity_based","image":0},{"label":"Verdana","price":"","price_type":"quantity_based","image":0},{"label":"Source Sans","price":"","price_type":"quantity_based","image":0},{"label":"Times New Roman","price":"","price_type":"quantity_based","image":0}],"id":1727099286},{"name":"\u00c9preuve","type":"checkbox","position":5,"required":false,"title_format":"heading","description_enable":true,"description":"Cochez la case ci-dessous afin de recevoir une \u00e9preuve pour approbation avant la production.","placeholder_enable":false,"placeholder":"","display":"select","restrictions_type":"any_text","adjust_price":false,"price":"","price_type":"flat_fee","restrictions":false,"min":0,"max":0,"options":[{"label":"Recevoir une \u00e9preuve","price":"","price_type":"quantity_based","image":0}],"id":1727099287}],"_links":{"self":[{"href":"https:\/\/www.hanko.lu\/fr\/wp-json\/wp\/v2\/product\/58952","targetHints":{"allow":["GET"]}}],"collection":[{"href":"https:\/\/www.hanko.lu\/fr\/wp-json\/wp\/v2\/product"}],"about":[{"href":"https:\/\/www.hanko.lu\/fr\/wp-json\/wp\/v2\/types\/product"}],"replies":[{"embeddable":true,"href":"https:\/\/www.hanko.lu\/fr\/wp-json\/wp\/v2\/comments?post=58952"}],"wp:featuredmedia":[{"embeddable":true,"href":"https:\/\/www.hanko.lu\/fr\/wp-json\/wp\/v2\/media\/50715"}],"wp:attachment":[{"href":"https:\/\/www.hanko.lu\/fr\/wp-json\/wp\/v2\/media?parent=58952"}],"wp:term":[{"taxonomy":"product_brand","embeddable":true,"href":"https:\/\/www.hanko.lu\/fr\/wp-json\/wp\/v2\/product_brand?post=58952"},{"taxonomy":"product_cat","embeddable":true,"href":"https:\/\/www.hanko.lu\/fr\/wp-json\/wp\/v2\/product_cat?post=58952"},{"taxonomy":"product_tag","embeddable":true,"href":"https:\/\/www.hanko.lu\/fr\/wp-json\/wp\/v2\/product_tag?post=58952"}],"curies":[{"name":"wp","href":"https:\/\/api.w.org\/{rel}","templated":true}]}}