{"id":59061,"date":"2024-08-26T18:45:15","date_gmt":"2024-08-26T16:45:15","guid":{"rendered":"https:\/\/www.hanko.lu\/?post_type=product&#038;p=59061"},"modified":"2025-02-21T15:22:29","modified_gmt":"2025-02-21T14:22:29","slug":"tampon-bois-personnalise-140x100mm","status":"publish","type":"product","link":"https:\/\/www.hanko.lu\/fr\/produit\/tampon-bois-personnalise-140x100mm\/","title":{"rendered":"Tampon en bois personnalis\u00e9 140 x 100 mm"},"content":{"rendered":"<p>Tampon en bois alliant qualit\u00e9 et durabilit\u00e9 pour vos besoins professionnels ou cr\u00e9atifs. Plaque en caoutchouc personnalisable, permettant d\u2019ajouter texte, logo ou image de votre choix.<\/p>\n<p style=\"margin-bottom: 20px;\">Tampon en bois de h\u00eatre vernis, certifi\u00e9 FSC.<\/p>\n<p><img loading=\"lazy\" decoding=\"async\" class=\"alignleft size-medium wp-image-42911\" role=\"img\" src=\"https:\/\/www.hanko.lu\/wp-content\/uploads\/2023\/02\/fsc-label.svg\" alt=\"FSC Label\" width=\"300\" height=\"300\" \/><\/p>\n","protected":false},"excerpt":{"rendered":"<p>Dimensions : 140 x 100 mm | Livraison en 48 heures*<\/p>\n","protected":false},"featured_media":50845,"comment_status":"open","ping_status":"closed","template":"","meta":[],"product_brand":[],"product_cat":[38],"product_tag":[],"class_list":{"0":"post-59061","1":"product","2":"type-product","3":"status-publish","4":"has-post-thumbnail","6":"product_cat-tampons-en-bois","7":"product_shipping_class-classe-l","9":"first","10":"instock","11":"taxable","12":"shipping-taxable","13":"purchasable","14":"product-type-simple"},"exclude_global_add_ons":false,"addons":[{"name":"Coussin encreur Trodat 9054","type":"multiple_choice","position":0,"required":false,"title_format":"label","description_enable":true,"description":"Ajoutez \u00e0 votre commande un coussin encreur classique. Dimensions du coussin : 210 x 148 mm.","placeholder_enable":false,"placeholder":"","display":"images","restrictions_type":"any_text","adjust_price":false,"price":"","price_type":"flat_fee","restrictions":false,"min":0,"max":0,"options":[{"label":"Encre noire","price":"16.90","price_type":"flat_fee","image":49895},{"label":"Encre bleue","price":"16.90","price_type":"flat_fee","image":49898},{"label":"Encre rouge","price":"16.90","price_type":"flat_fee","image":49897},{"label":"Encre verte","price":"16.90","price_type":"flat_fee","image":49900},{"label":"Encre violette","price":"16.90","price_type":"flat_fee","image":49899}],"id":1729855438},{"name":"Vid\u00e9o de fabrication","type":"checkbox","position":0,"required":false,"title_format":"heading","description_enable":true,"description":"Nous vous proposons une vid\u00e9o retra\u00e7ant les \u00e9tapes de fabrication de votre tampon, que nous vous transmettrons par la suite. En choisissant cette option, vous acceptez que la vid\u00e9o puisse \u00eatre publi\u00e9e sur nos r\u00e9seaux sociaux et\/ou sur notre site internet. Veuillez noter que si votre tampon contient des informations personnelles, celles-ci appara\u00eetront dans la vid\u00e9o. En cas de forte demande, nous ne pouvons toutefois pas garantir la r\u00e9alisation d\u2019une vid\u00e9o pour chaque commande.","placeholder_enable":false,"placeholder":"","display":"select","restrictions_type":"any_text","adjust_price":false,"price":"","price_type":"flat_fee","restrictions":false,"min":0,"max":0,"options":[{"label":"Cr\u00e9er une vid\u00e9o","price":"","price_type":"flat_fee","image":0}],"id":1750771751},{"name":"Importer un fichier","type":"file_upload","position":0,"required":false,"title_format":"heading","description_enable":true,"description":"Vous pouvez importer un fichier gr\u00e2ce au bouton ci-dessous afin de personnaliser la plaque de votre tampon.","placeholder_enable":false,"placeholder":"","display":"select","restrictions_type":"any_text","adjust_price":false,"price":"","price_type":"quantity_based","restrictions":false,"min":0,"max":0,"options":[],"id":1727099281},{"name":"Personnalisation","type":"custom_textarea","position":1,"required":false,"title_format":"heading","description_enable":true,"description":"Veuillez saisir le texte souhait\u00e9 pour la personnalisation de votre tampon ci-dessous. N'h\u00e9sitez pas \u00e0 ajouter des commentaires ou des instructions suppl\u00e9mentaires.","placeholder_enable":false,"placeholder":"","display":"select","restrictions_type":"any_text","adjust_price":false,"price":"","price_type":"quantity_based","restrictions":false,"min":0,"max":0,"options":[],"id":1727099283},{"name":"Alignement","type":"multiple_choice","position":2,"required":false,"title_format":"heading","description_enable":false,"description":"","placeholder_enable":false,"placeholder":"","display":"select","restrictions_type":"any_text","adjust_price":false,"price":"","price_type":"flat_fee","restrictions":false,"min":0,"max":0,"options":[{"label":"Texte centr\u00e9","price":"","price_type":"quantity_based","image":0},{"label":"Alignement \u00e0 gauche","price":"","price_type":"quantity_based","image":0},{"label":"Alignement \u00e0 droite","price":"","price_type":"quantity_based","image":0},{"label":"Justifi\u00e9","price":"","price_type":"quantity_based","image":0}],"id":1727099284},{"name":"Cadre","type":"multiple_choice","position":3,"required":false,"title_format":"heading","description_enable":false,"description":"","placeholder_enable":false,"placeholder":"","display":"select","restrictions_type":"any_text","adjust_price":false,"price":"","price_type":"flat_fee","restrictions":false,"min":0,"max":0,"options":[{"label":"Sans cadre","price":"","price_type":"quantity_based","image":0},{"label":"Ajouter un cadre simple","price":"","price_type":"quantity_based","image":0},{"label":"Ajouter un double cadre","price":"","price_type":"quantity_based","image":0}],"id":1727099285},{"name":"Police d'\u00e9criture","type":"multiple_choice","position":4,"required":false,"title_format":"heading","description_enable":true,"description":"Pour un r\u00e9sultat optimal, nous conseillons d'utiliser des polices d'\u00e9criture sans s\u00e9rif comme Arial ou Helvetica.","placeholder_enable":false,"placeholder":"","display":"select","restrictions_type":"any_text","adjust_price":false,"price":"","price_type":"flat_fee","restrictions":false,"min":0,"max":0,"options":[{"label":"Arial","price":"","price_type":"quantity_based","image":0},{"label":"Avant Garde","price":"","price_type":"quantity_based","image":0},{"label":"Futura","price":"","price_type":"quantity_based","image":0},{"label":"Helvetica","price":"","price_type":"quantity_based","image":0},{"label":"Verdana","price":"","price_type":"quantity_based","image":0},{"label":"Source Sans","price":"","price_type":"quantity_based","image":0},{"label":"Times New Roman","price":"","price_type":"quantity_based","image":0}],"id":1727099286},{"name":"\u00c9preuve","type":"checkbox","position":5,"required":false,"title_format":"heading","description_enable":true,"description":"Cochez la case ci-dessous afin de recevoir une \u00e9preuve pour approbation avant la production.","placeholder_enable":false,"placeholder":"","display":"select","restrictions_type":"any_text","adjust_price":false,"price":"","price_type":"flat_fee","restrictions":false,"min":0,"max":0,"options":[{"label":"Recevoir une \u00e9preuve","price":"","price_type":"quantity_based","image":0}],"id":1727099287}],"_links":{"self":[{"href":"https:\/\/www.hanko.lu\/fr\/wp-json\/wp\/v2\/product\/59061","targetHints":{"allow":["GET"]}}],"collection":[{"href":"https:\/\/www.hanko.lu\/fr\/wp-json\/wp\/v2\/product"}],"about":[{"href":"https:\/\/www.hanko.lu\/fr\/wp-json\/wp\/v2\/types\/product"}],"replies":[{"embeddable":true,"href":"https:\/\/www.hanko.lu\/fr\/wp-json\/wp\/v2\/comments?post=59061"}],"wp:featuredmedia":[{"embeddable":true,"href":"https:\/\/www.hanko.lu\/fr\/wp-json\/wp\/v2\/media\/50845"}],"wp:attachment":[{"href":"https:\/\/www.hanko.lu\/fr\/wp-json\/wp\/v2\/media?parent=59061"}],"wp:term":[{"taxonomy":"product_brand","embeddable":true,"href":"https:\/\/www.hanko.lu\/fr\/wp-json\/wp\/v2\/product_brand?post=59061"},{"taxonomy":"product_cat","embeddable":true,"href":"https:\/\/www.hanko.lu\/fr\/wp-json\/wp\/v2\/product_cat?post=59061"},{"taxonomy":"product_tag","embeddable":true,"href":"https:\/\/www.hanko.lu\/fr\/wp-json\/wp\/v2\/product_tag?post=59061"}],"curies":[{"name":"wp","href":"https:\/\/api.w.org\/{rel}","templated":true}]}}