{"id":59612,"date":"2024-08-26T18:51:37","date_gmt":"2024-08-26T16:51:37","guid":{"rendered":"https:\/\/www.hanko.lu\/?post_type=product&#038;p=59612"},"modified":"2025-11-12T15:25:45","modified_gmt":"2025-11-12T14:25:45","slug":"trodat-vintage-kit-occasions-speciales","status":"publish","type":"product","link":"https:\/\/www.hanko.lu\/fr\/produit\/trodat-vintage-kit-occasions-speciales\/","title":{"rendered":"Trodat Vintage &#8211; Kit occasions sp\u00e9ciales"},"content":{"rendered":"<p><img loading=\"lazy\" decoding=\"async\" class=\"size-medium wp-image-42250\" role=\"img\" src=\"https:\/\/www.hanko.lu\/wp-content\/uploads\/2023\/01\/trodat-vintage-logo.svg\" alt=\"Trodat Vintage Logo\" width=\"300\" height=\"300\" \/><\/p>\n<p>Kit comprenant un tampon avec 6 formules \u00ab\u00a0Occasions Sp\u00e9ciales\u00a0\u00bb + 12 \u00e9tiquettes + 1 coussin encreur de 3 coloris diff\u00e9rents (Noir, rouge et bleu). Les \u00e9tiquettes vous garantiront une impression optimale. Leurs diff\u00e9rentes formes et mod\u00e8les permettent de laisser le champ libre \u00e0 votre cr\u00e9ativit\u00e9.<\/p>\n<h2>Formules sur le tampon<\/h2>\n<ul>\n<li>Bonne Saint Valentin<\/li>\n<li>Joyeuses P\u00e2ques<\/li>\n<li>Joyeux No\u00ebl<\/li>\n<li>Bonne Ann\u00e9e<\/li>\n<li>Joyeux Halloween<\/li>\n<li>Joyeux Anniversaire<\/li>\n<\/ul>\n","protected":false},"excerpt":{"rendered":"<ul class=\"short-features\">\n<li><i class=\"fas fa-check\"><\/i><strong>6<\/strong> messages diff\u00e9rents sur 1 seul tampon au look Vintage<\/li>\n<li><i class=\"fas fa-check\"><\/i><strong>12<\/strong> \u00e9tiquettes adh\u00e9sives et r\u00e9sistantes \u00e0 l&rsquo;eau incluses<\/li>\n<li><i class=\"fas fa-check\"><\/i>Tampon encreur comprenant <strong>3<\/strong> couleurs inclus<\/li>\n<li><i class=\"fas fa-check\"><\/i>Avec <strong>Trodat Vintage<\/strong>, vos cr\u00e9ations sont tr\u00e8s facilement mises en avant<\/li>\n<li><i class=\"fas fa-truck\"><\/i><strong>Exp\u00e9di\u00e9<\/strong> sous 2 \u00e0 3 jours ouvr\u00e9s<\/li>\n<\/ul>\n","protected":false},"featured_media":55644,"comment_status":"open","ping_status":"closed","template":"","meta":[],"product_brand":[],"product_cat":[543],"product_tag":[937],"class_list":{"0":"post-59612","1":"product","2":"type-product","3":"status-publish","4":"has-post-thumbnail","6":"product_cat-trodat-vintage","7":"product_tag-xmas","8":"product_shipping_class-classe-l","10":"first","11":"instock","12":"sale","13":"taxable","14":"shipping-taxable","15":"purchasable","16":"product-type-simple"},"exclude_global_add_ons":[],"addons":[],"_links":{"self":[{"href":"https:\/\/www.hanko.lu\/fr\/wp-json\/wp\/v2\/product\/59612","targetHints":{"allow":["GET"]}}],"collection":[{"href":"https:\/\/www.hanko.lu\/fr\/wp-json\/wp\/v2\/product"}],"about":[{"href":"https:\/\/www.hanko.lu\/fr\/wp-json\/wp\/v2\/types\/product"}],"replies":[{"embeddable":true,"href":"https:\/\/www.hanko.lu\/fr\/wp-json\/wp\/v2\/comments?post=59612"}],"wp:featuredmedia":[{"embeddable":true,"href":"https:\/\/www.hanko.lu\/fr\/wp-json\/wp\/v2\/media\/55644"}],"wp:attachment":[{"href":"https:\/\/www.hanko.lu\/fr\/wp-json\/wp\/v2\/media?parent=59612"}],"wp:term":[{"taxonomy":"product_brand","embeddable":true,"href":"https:\/\/www.hanko.lu\/fr\/wp-json\/wp\/v2\/product_brand?post=59612"},{"taxonomy":"product_cat","embeddable":true,"href":"https:\/\/www.hanko.lu\/fr\/wp-json\/wp\/v2\/product_cat?post=59612"},{"taxonomy":"product_tag","embeddable":true,"href":"https:\/\/www.hanko.lu\/fr\/wp-json\/wp\/v2\/product_tag?post=59612"}],"curies":[{"name":"wp","href":"https:\/\/api.w.org\/{rel}","templated":true}]}}