{"id":59614,"date":"2024-08-26T18:51:38","date_gmt":"2024-08-26T16:51:38","guid":{"rendered":"https:\/\/www.hanko.lu\/?post_type=product&#038;p=59614"},"modified":"2025-02-16T11:13:29","modified_gmt":"2025-02-16T10:13:29","slug":"trodat-vintage-kit-fait-maison","status":"publish","type":"product","link":"https:\/\/www.hanko.lu\/fr\/produit\/trodat-vintage-kit-fait-maison\/","title":{"rendered":"Trodat Vintage &#8211; Kit fait maison"},"content":{"rendered":"<p><img loading=\"lazy\" decoding=\"async\" class=\"size-medium wp-image-42250\" role=\"img\" src=\"https:\/\/www.hanko.lu\/wp-content\/uploads\/2023\/01\/trodat-vintage-logo.svg\" alt=\"Trodat Vintage Logo\" width=\"300\" height=\"300\" \/><\/p>\n<p>Kit comprenant un tampon avec 6 formules \u00ab\u00a0F\u00e9licitations\u00a0\u00bb + 12 \u00e9tiquettes + 1 coussin encreur de 3 coloris diff\u00e9rents (gris, vert clair et gris). Les \u00e9tiquettes vous garantiront une impression optimale. Leurs diff\u00e9rentes formes et mod\u00e8les permettent de laisser le champ libre \u00e0 votre cr\u00e9ativit\u00e9.<\/p>\n<h2>Formules sur le tampon<\/h2>\n<ul>\n<li>Fait avec Amour<\/li>\n<li>Fait main<\/li>\n<li>Pour toi<\/li>\n<li>Sant\u00e9 !<\/li>\n<li>Tout juste sorti du four<\/li>\n<li>De mon jardin<\/li>\n<\/ul>\n","protected":false},"excerpt":{"rendered":"<ul class=\"short-features\">\n<li><i class=\"fas fa-check\"><\/i><strong>6<\/strong> messages diff\u00e9rents sur 1 seul tampon au look Vintage<\/li>\n<li><i class=\"fas fa-check\"><\/i><strong>12<\/strong> \u00e9tiquettes adh\u00e9sives et r\u00e9sistantes \u00e0 l&rsquo;eau incluses<\/li>\n<li><i class=\"fas fa-check\"><\/i>Tampon encreur comprenant <strong>3<\/strong> couleurs inclus<\/li>\n<li><i class=\"fas fa-check\"><\/i>Avec <strong>Trodat Vintage<\/strong>, vos cr\u00e9ations sont tr\u00e8s facilement mises en avant<\/li>\n<li><i class=\"fas fa-truck\"><\/i><strong>Exp\u00e9di\u00e9<\/strong> sous 2 \u00e0 3 jours ouvr\u00e9s<\/li>\n<\/ul>\n","protected":false},"featured_media":51463,"comment_status":"open","ping_status":"closed","template":"","meta":[],"product_brand":[],"product_cat":[543],"product_tag":[],"class_list":{"0":"post-59614","1":"product","2":"type-product","3":"status-publish","4":"has-post-thumbnail","6":"product_cat-trodat-vintage","7":"product_shipping_class-classe-l","9":"first","10":"instock","11":"sale","12":"taxable","13":"shipping-taxable","14":"purchasable","15":"product-type-simple"},"exclude_global_add_ons":[],"addons":[],"_links":{"self":[{"href":"https:\/\/www.hanko.lu\/fr\/wp-json\/wp\/v2\/product\/59614","targetHints":{"allow":["GET"]}}],"collection":[{"href":"https:\/\/www.hanko.lu\/fr\/wp-json\/wp\/v2\/product"}],"about":[{"href":"https:\/\/www.hanko.lu\/fr\/wp-json\/wp\/v2\/types\/product"}],"replies":[{"embeddable":true,"href":"https:\/\/www.hanko.lu\/fr\/wp-json\/wp\/v2\/comments?post=59614"}],"wp:featuredmedia":[{"embeddable":true,"href":"https:\/\/www.hanko.lu\/fr\/wp-json\/wp\/v2\/media\/51463"}],"wp:attachment":[{"href":"https:\/\/www.hanko.lu\/fr\/wp-json\/wp\/v2\/media?parent=59614"}],"wp:term":[{"taxonomy":"product_brand","embeddable":true,"href":"https:\/\/www.hanko.lu\/fr\/wp-json\/wp\/v2\/product_brand?post=59614"},{"taxonomy":"product_cat","embeddable":true,"href":"https:\/\/www.hanko.lu\/fr\/wp-json\/wp\/v2\/product_cat?post=59614"},{"taxonomy":"product_tag","embeddable":true,"href":"https:\/\/www.hanko.lu\/fr\/wp-json\/wp\/v2\/product_tag?post=59614"}],"curies":[{"name":"wp","href":"https:\/\/api.w.org\/{rel}","templated":true}]}}